{"id":464,"date":"2017-10-19T10:43:23","date_gmt":"2017-10-19T10:43:23","guid":{"rendered":"http:\/\/prograss.eu\/?page_id=464"},"modified":"2017-10-19T10:43:23","modified_gmt":"2017-10-19T10:43:23","slug":"on-the-road","status":"publish","type":"page","link":"https:\/\/prograss.eu\/de\/on-the-road\/","title":{"rendered":"UNTERWEGS"},"content":{"rendered":"<div id=\"c362\" class=\"csc-default\">\n<div class=\"csc-header csc-header-n1\">\n<div class=\"csc-header csc-header-n1\">\n<h4 class=\"csc-firstHeader\">Unterwegs in Europa<\/h4>\n<\/div>\n<p class=\"bodytext\">Die PROGRASS Demonstrationsanlage ist auf einem Sattelschlepper konstruiert und kann damit an jedem beliebigen Ort aufgebaut werden. Nach einer sehr erfolgreichen Zeit der Demonstration und der Versuche in Deutschland hat sich die Anlage im Juli 2010 auf eine zweij\u00e4hrige Demonstrationsreise durch Nord- und Westeuropa begeben. An jedem ihrer Standorte kann die Anlage besichtigt werden.<\/p>\n<p class=\"bodytext\">Zeitplan:<\/p>\n<ul>\n<li>04\/2010 &#8211; 07\/2010\u00a0 Vogelsberg, Germany<\/li>\n<li>07\/2010 &#8211; 09\/2010\u00a0 Puurmani, Estonia<\/li>\n<li>10\/2010 &#8211; 03\/2011\u00a0 Aberystwyth, Wales<\/li>\n<li>04\/2011 &#8211; 06\/2011\u00a0 Vogelsberg, Germany<\/li>\n<li>07\/2011 &#8211; 09\/2011\u00a0 Tartu, Estonia<\/li>\n<\/ul>\n<div class=\"csc-header csc-header-n2\">\n<h4>Demonstrationsreise: DE \u2013 EE &#8211; EN<\/h4>\n<\/div>\n<p class=\"bodytext\">Im Juli 2010 startete\u00a0die PROGRASS Demonstrationsanlage ihren Reise durch Europa. Nach einer erfolgreichen Demonstrationsphase im Vogelsberg (Hessen) wurde die Anlage auf ihre fast zweij\u00e4hrige Demonstrationstour durch Nord- und West-Europa geschickt. Da die Anlage auf in zwei Container intergriert ist, kann sie mit einem Lastkraftwagen durch ganz Europa gefahren werden.<\/p>\n<p class=\"bodytext\">Bis Oktober 2010 war die Anlage in Turtu (Estland) in Betrieb und wurde dann nach Wales (Gro\u00dfbritanien) transportiert. Auch dort kann man sie besichtigen und auch dort ist sie mehrere Monate in Betrieb.\u00a0 Im Fr\u00fchling 2011 geht ihre Reise dann erneut in die Region Vogelsberg in Hessen.<\/p>\n<\/div>\n<\/div>\n<div id=\"c364\" class=\"csc-default\">\n<div class=\"csc-header csc-header-n2\">\n<h4>Reise nach Aberystwyth mit einem kurzen Aufenthalt in Deutschland<\/h4>\n<\/div>\n<div class=\"csc-textpic csc-textpic-intext-right\">\n<div class=\"csc-textpic-imagewrap\">\n<dl class=\"csc-textpic-image csc-textpic-firstcol csc-textpic-lastcol\">\n<dt>Aberystwyth, Wales, Januar 2011<\/p>\n<p><figure id=\"attachment_168\" aria-describedby=\"caption-attachment-168\" style=\"width: 300px\" class=\"wp-caption alignright\"><img fetchpriority=\"high\" decoding=\"async\" class=\"wp-image-168 size-medium\" src=\"http:\/\/prograss.eu\/wp-content\/uploads\/2017\/10\/BC_packing_VB-300x225.png\" alt=\"\" width=\"300\" height=\"225\" srcset=\"https:\/\/prograss.eu\/wp-content\/uploads\/2017\/10\/BC_packing_VB-300x225.png 300w, https:\/\/prograss.eu\/wp-content\/uploads\/2017\/10\/BC_packing_VB-768x577.png 768w, https:\/\/prograss.eu\/wp-content\/uploads\/2017\/10\/BC_packing_VB.png 933w\" sizes=\"(max-width: 300px) 100vw, 300px\" \/><figcaption id=\"caption-attachment-168\" class=\"wp-caption-text\">Packing of blueConrad<\/figcaption><\/figure><\/dt>\n<\/dl>\n<\/div>\n<div class=\"csc-textpic-text\">\n<p class=\"bodytext\">Der Prototyp setzte seine Demonstrationsreise nach Aberystwyth fort, wo er am 15. Oktober 2010 ankam. Zuvor erfolgte noch eine kleine Wartungsinspektion mit einigen Reparaturarbeiten an der Biogasfermentationseinheit in Deutschland.<\/p>\n<p class=\"bodytext\">Der Prototyp fand einen perfekten Aufstellort auf dem Gel\u00e4nde von IBERS in der Nachbarschaft von anderen Prototypanlagen. Die Anlage wurde eingerichtet, die Fermentationseinheiten mit Kuhdung geimpft und die Aufrechterhaltung des Betriebs erl\u00e4utert und an John Corton, einen Doktoranden bei IBERS, \u00fcbergeben. Die ersten wissenschaftlichen Proben sind bereits durchgef\u00fchrt worden und die Laborarbeiten haben bereits begonnen. Zudem haben Demonstrationsveranstaltungen stattgefunden, so dass bere\u00edts die ersten 50 Besucher, \u00fcberwiegend Studenten, die Demonstrationsanlage besichtigen konnten.<\/p>\n<\/div>\n<\/div>\n<div class=\"csc-textpic-clear\"><\/div>\n<\/div>\n<div id=\"c366\" class=\"csc-default\">\n<div class=\"csc-header csc-header-n3\">\n<h4>Erste Demonstrationsreise: DE \u2013 EE<\/h4>\n<\/div>\n<div class=\"csc-textpic csc-textpic-intext-right\">\n<div class=\"csc-textpic-text\">\n<figure id=\"attachment_182\" aria-describedby=\"caption-attachment-182\" style=\"width: 300px\" class=\"wp-caption alignright\"><img decoding=\"async\" class=\"size-medium wp-image-182\" src=\"http:\/\/prograss.eu\/wp-content\/uploads\/2017\/10\/BC_water_tractor_06-300x226.png\" alt=\"\" width=\"300\" height=\"226\" srcset=\"https:\/\/prograss.eu\/wp-content\/uploads\/2017\/10\/BC_water_tractor_06-300x226.png 300w, https:\/\/prograss.eu\/wp-content\/uploads\/2017\/10\/BC_water_tractor_06-768x578.png 768w, https:\/\/prograss.eu\/wp-content\/uploads\/2017\/10\/BC_water_tractor_06.png 852w\" sizes=\"(max-width: 300px) 100vw, 300px\" \/><figcaption id=\"caption-attachment-182\" class=\"wp-caption-text\">Starting to operate<\/figcaption><\/figure>\n<p class=\"bodytext\"><b>Verabschiedung der PROGRASS Demonstrationsanlage<\/b><br \/>\nVogelsberg, Hessen, 14.07.2010<br \/>\nAm 14.07.2010 wurde die PROGRASS Demonstrationsanlage im Vogelsberg auf ihre Reise nach Estland geschickt. Verabschiedet wurde sie nach dreit\u00e4gigem Abbau mit einer Grillfeier aller Projektbeteiligten.<br \/>\nDas erste Halbjahr im Vogelsberg war gepr\u00e4gt von der Inbetriebnahme des Prototyps und zahlreichen Demonstrationsveranstaltungen. Die Anlage wurde auf ca. 15 Veranstaltungen rund 500 Personen gezeigt. Das Publikum war bunt gemischt: politische Vertreter von Land und Kommunen, Landwirte, Berufssch\u00fcler sowie interessierte Vertreter von Industrieunternehmen und Umweltschutzverb\u00e4nden nutzten die Gelegenheit, sich \u00fcber die neue Technik zu informieren.<br \/>\nDie Demonstrationsveranstaltungen f\u00fchrten auch zu einem gro\u00dfen Echo in der Presse, von regionaler Berichtserstattung im Vogelsberg und in Witzenhausen bis zu \u00fcberregionalem Interesse in Zeitungen und Zeitschriften.<br \/>\nDie Versuchsanlage wird nun bis Oktober 2010 in Tartu, Estland, ihren Betrieb fortsetzen. Anschlie\u00dfend wird sie f\u00fcr ca. 5 Monate in Wales zu besichtigen sein, bevor sie dann im April 2011 wieder im Vogelsberg eintrifft.<\/p>\n<\/div>\n<\/div>\n<div class=\"csc-textpic-clear\"><\/div>\n<\/div>\n<div id=\"c368\" class=\"csc-default\">\n<div class=\"csc-header csc-header-n4\">\n<h4>Ankunft in Estland<\/h4>\n<\/div>\n<div class=\"csc-textpic csc-textpic-intext-right\">\n<div class=\"csc-textpic-imagewrap\">\n<dl class=\"csc-textpic-image csc-textpic-firstcol csc-textpic-lastcol\">\n<dt>\n<p><figure id=\"attachment_175\" aria-describedby=\"caption-attachment-175\" style=\"width: 300px\" class=\"wp-caption alignright\"><img decoding=\"async\" class=\"size-medium wp-image-175\" src=\"http:\/\/prograss.eu\/wp-content\/uploads\/2017\/10\/BC_visitors_press-300x226.png\" alt=\"\" width=\"300\" height=\"226\" srcset=\"https:\/\/prograss.eu\/wp-content\/uploads\/2017\/10\/BC_visitors_press-300x226.png 300w, https:\/\/prograss.eu\/wp-content\/uploads\/2017\/10\/BC_visitors_press-768x577.png 768w, https:\/\/prograss.eu\/wp-content\/uploads\/2017\/10\/BC_visitors_press.png 1019w\" sizes=\"(max-width: 300px) 100vw, 300px\" \/><figcaption id=\"caption-attachment-175\" class=\"wp-caption-text\">First demonstration in Estonia<\/figcaption><\/figure><\/dt>\n<dd class=\"csc-textpic-caption\">Puurmani, Estland, 23.07.2010<br \/>\nP\u00fcnktlich und in gutem Zustand sowie bei strahlendem Sommerwetter kam die PROGRASS Demonstrationsanlage am 23.07.2010 an ihrem Standort in Estland an. Dort wurde sie sowohl von den estnischen Projektpartnern, Dr. Kathrin Heinsoo und Indrek Melts von der Eesti Maa\u00fclikool, erwartet als auch von den beiden Kasseler Doktoranden Lutz B\u00fchle und Frank Hensgen, die im Vogelsberg schon Erfahrung im Umgang mit dem Prototypen sammeln konnten.<br \/>\nDie Anlage wurde innerhalb k\u00fcrzester Zeit aufgebaut und startete ihren Betrieb mit der Entw\u00e4sserung von Versuchschargen zu wissenschaftlichen Zwecken. Nachdem dies erfolgreich durchgef\u00fchrt wurde, startete auch in Estland der Demonstrationsbetrieb der Anlage.<br \/>\nDie Ankunft der Anlage f\u00fchrte bereits zu ersten Berichten \u00fcber das PROGRASS-Projekt in der Presse, sowohl im Radio als auch in Zeitungen. Weitere Demonstrationsveranstaltungen sind geplant.<br \/>\nDie Anlage wird bis Ende September in Estland ihren Betrieb fortf\u00fchren und von hier aus nach Wales aufbrechen.<\/dd>\n<\/dl>\n<\/div>\n<\/div>\n<div class=\"csc-textpic-clear\"><\/div>\n<\/div>\n<div id=\"c369\" class=\"csc-default\">\n<div class=\"csc-header csc-header-n5\">\n<h4>Verabschiedung der PROGRASS Demonstrationsanlage<\/h4>\n<\/div>\n<div class=\"csc-textpic csc-textpic-intext-right\">\n<div class=\"csc-textpic-imagewrap\">\n<dl class=\"csc-textpic-image csc-textpic-firstcol csc-textpic-lastcol\">\n<dt>\n<p><figure id=\"attachment_273\" aria-describedby=\"caption-attachment-273\" style=\"width: 300px\" class=\"wp-caption alignright\"><img loading=\"lazy\" decoding=\"async\" class=\"size-medium wp-image-273\" src=\"http:\/\/prograss.eu\/wp-content\/uploads\/2017\/10\/truck_nightshift_06-300x226.png\" alt=\"\" width=\"300\" height=\"226\" srcset=\"https:\/\/prograss.eu\/wp-content\/uploads\/2017\/10\/truck_nightshift_06-300x226.png 300w, https:\/\/prograss.eu\/wp-content\/uploads\/2017\/10\/truck_nightshift_06-768x578.png 768w, https:\/\/prograss.eu\/wp-content\/uploads\/2017\/10\/truck_nightshift_06.png 886w\" sizes=\"(max-width: 300px) 100vw, 300px\" \/><figcaption id=\"caption-attachment-273\" class=\"wp-caption-text\">Truck on the road at night<\/figcaption><\/figure><\/dt>\n<dd class=\"csc-textpic-caption\">Vogelsberg, Hessen, 14.07.2010<br \/>\nAm 14.07.2010 wurde die PROGRASS Demonstrationsanlage im Vogelsberg auf ihre Reise nach Estland geschickt. Verabschiedet wurde sie nach dreit\u00e4gigem Abbau mit einer Grillfeier aller Projektbeteiligten.<br \/>\nDas erste Halbjahr im Vogelsberg war gepr\u00e4gt von der Inbetriebnahme des Prototyps und zahlreichen Demonstrationsveranstaltungen. Die Anlage wurde auf ca. 15 Veranstaltungen rund 500 Personen gezeigt. Das Publikum war bunt gemischt: politische Vertreter von Land und Kommunen, Landwirte, Berufssch\u00fcler sowie interessierte Vertreter von Industrieunternehmen und Umweltschutzverb\u00e4nden nutzten die Gelegenheit, sich \u00fcber die neue Technik zu informieren.<br \/>\nDie Demonstrationsveranstaltungen f\u00fchrten auch zu einem gro\u00dfen Echo in der Presse, von regionaler Berichtserstattung im Vogelsberg und in Witzenhausen bis zu \u00fcberregionalem Interesse in Zeitungen und Zeitschriften.<br \/>\nDie Versuchsanlage wird nun bis Oktober 2010 in Tartu, Estland, ihren Betrieb fortsetzen. Anschlie\u00dfend wird sie f\u00fcr ca. 5 Monate in Wales zu besichtigen sein, bevor sie dann im April 2011 wieder im Vogelsberg eintrifft.<\/dd>\n<\/dl>\n<\/div>\n<\/div>\n<\/div>\n","protected":false},"excerpt":{"rendered":"<p>Unterwegs in Europa Die PROGRASS Demonstrationsanlage ist auf einem Sattelschlepper konstruiert und kann damit an jedem beliebigen Ort aufgebaut werden. Nach einer sehr erfolgreichen Zeit der Demonstration und der Versuche in Deutschland hat sich die Anlage im Juli 2010 auf eine zweij\u00e4hrige Demonstrationsreise durch Nord- und Westeuropa begeben. An jedem ihrer Standorte kann die Anlage [&hellip;]<\/p>\n","protected":false},"author":1,"featured_media":0,"parent":0,"menu_order":0,"comment_status":"closed","ping_status":"closed","template":"","meta":{"ocean_post_layout":"","ocean_both_sidebars_style":"","ocean_both_sidebars_content_width":0,"ocean_both_sidebars_sidebars_width":0,"ocean_sidebar":"","ocean_second_sidebar":"","ocean_disable_margins":"enable","ocean_add_body_class":"","ocean_shortcode_before_top_bar":"","ocean_shortcode_after_top_bar":"","ocean_shortcode_before_header":"","ocean_shortcode_after_header":"","ocean_has_shortcode":"","ocean_shortcode_after_title":"","ocean_shortcode_before_footer_widgets":"","ocean_shortcode_after_footer_widgets":"","ocean_shortcode_before_footer_bottom":"","ocean_shortcode_after_footer_bottom":"","ocean_display_top_bar":"default","ocean_display_header":"default","ocean_header_style":"","ocean_center_header_left_menu":"","ocean_custom_header_template":"","ocean_custom_logo":0,"ocean_custom_retina_logo":0,"ocean_custom_logo_max_width":0,"ocean_custom_logo_tablet_max_width":0,"ocean_custom_logo_mobile_max_width":0,"ocean_custom_logo_max_height":0,"ocean_custom_logo_tablet_max_height":0,"ocean_custom_logo_mobile_max_height":0,"ocean_header_custom_menu":"","ocean_menu_typo_font_family":"","ocean_menu_typo_font_subset":"","ocean_menu_typo_font_size":0,"ocean_menu_typo_font_size_tablet":0,"ocean_menu_typo_font_size_mobile":0,"ocean_menu_typo_font_size_unit":"px","ocean_menu_typo_font_weight":"","ocean_menu_typo_font_weight_tablet":"","ocean_menu_typo_font_weight_mobile":"","ocean_menu_typo_transform":"","ocean_menu_typo_transform_tablet":"","ocean_menu_typo_transform_mobile":"","ocean_menu_typo_line_height":0,"ocean_menu_typo_line_height_tablet":0,"ocean_menu_typo_line_height_mobile":0,"ocean_menu_typo_line_height_unit":"","ocean_menu_typo_spacing":0,"ocean_menu_typo_spacing_tablet":0,"ocean_menu_typo_spacing_mobile":0,"ocean_menu_typo_spacing_unit":"","ocean_menu_link_color":"","ocean_menu_link_color_hover":"","ocean_menu_link_color_active":"","ocean_menu_link_background":"","ocean_menu_link_hover_background":"","ocean_menu_link_active_background":"","ocean_menu_social_links_bg":"","ocean_menu_social_hover_links_bg":"","ocean_menu_social_links_color":"","ocean_menu_social_hover_links_color":"","ocean_disable_title":"default","ocean_disable_heading":"default","ocean_post_title":"","ocean_post_subheading":"","ocean_post_title_style":"","ocean_post_title_background_color":"","ocean_post_title_background":0,"ocean_post_title_bg_image_position":"","ocean_post_title_bg_image_attachment":"","ocean_post_title_bg_image_repeat":"","ocean_post_title_bg_image_size":"","ocean_post_title_height":0,"ocean_post_title_bg_overlay":0.5,"ocean_post_title_bg_overlay_color":"","ocean_disable_breadcrumbs":"default","ocean_breadcrumbs_color":"","ocean_breadcrumbs_separator_color":"","ocean_breadcrumbs_links_color":"","ocean_breadcrumbs_links_hover_color":"","ocean_display_footer_widgets":"default","ocean_display_footer_bottom":"default","ocean_custom_footer_template":"","_locale":"de_DE","_original_post":"12","footnotes":""},"class_list":["post-464","page","type-page","status-publish","hentry","de-DE","entry"],"_links":{"self":[{"href":"https:\/\/prograss.eu\/wp-json\/wp\/v2\/pages\/464","targetHints":{"allow":["GET"]}}],"collection":[{"href":"https:\/\/prograss.eu\/wp-json\/wp\/v2\/pages"}],"about":[{"href":"https:\/\/prograss.eu\/wp-json\/wp\/v2\/types\/page"}],"author":[{"embeddable":true,"href":"https:\/\/prograss.eu\/wp-json\/wp\/v2\/users\/1"}],"replies":[{"embeddable":true,"href":"https:\/\/prograss.eu\/wp-json\/wp\/v2\/comments?post=464"}],"version-history":[{"count":1,"href":"https:\/\/prograss.eu\/wp-json\/wp\/v2\/pages\/464\/revisions"}],"predecessor-version":[{"id":465,"href":"https:\/\/prograss.eu\/wp-json\/wp\/v2\/pages\/464\/revisions\/465"}],"wp:attachment":[{"href":"https:\/\/prograss.eu\/wp-json\/wp\/v2\/media?parent=464"}],"curies":[{"name":"wp","href":"https:\/\/api.w.org\/{rel}","templated":true}]}}