{"id":466,"date":"2017-10-19T10:45:22","date_gmt":"2017-10-19T10:45:22","guid":{"rendered":"http:\/\/prograss.eu\/?page_id=466"},"modified":"2017-10-19T10:45:22","modified_gmt":"2017-10-19T10:45:22","slug":"inauguration","status":"publish","type":"page","link":"https:\/\/prograss.eu\/de\/inauguration\/","title":{"rendered":"EINWEIHUNG"},"content":{"rendered":"<div id=\"content\">\n<div id=\"c285\" class=\"csc-default\">\n<div class=\"csc-header csc-header-n1\">\n<div class=\"csc-header csc-header-n1\">\n<h4 class=\"csc-firstHeader\">Einweihung der PROGRASS Demonstrationsanlage<\/h4>\n<\/div>\n<div class=\"csc-textpic csc-textpic-intext-right\">\n<div class=\"csc-textpic-imagewrap\">\n<div class=\"csc-textpic-imagerow csc-textpic-imagerow-last\">\n<dl class=\"csc-textpic-image csc-textpic-firstcol csc-textpic-lastcol\">\n<dt><\/dt>\n<dd class=\"csc-textpic-caption\">Prof. M. Wachendorf, Landrat Marx<\/dd>\n<\/dl>\n<\/div>\n<\/div>\n<div class=\"csc-textpic-text\">\n<p class=\"bodytext\">Vogelsberg, Hessen, M\u00e4rz 2010<\/p>\n<p class=\"bodytext\">An einem kalten aber wundersch\u00f6nen 9. M\u00e4rz 2010 wurde unsere PROGRASS Demonstrationsanlage im Rahmen einer Europ\u00e4ischen Konferenz mit ca. 60 Teilnehmer\/innen eingeweiht.<\/p>\n<p class=\"bodytext\">Nach der Einf\u00fchrung in Lauterbach mit Gru\u00dfworten des Landrats und des Hessischen Umweltministeriums sowie Einf\u00fchrungsvortr\u00e4gen von Prof. Wachendorf und Lutz B\u00fchle (Uni Kassel) und Herrn Karl-Peter M\u00fctze (Vogelsbergkreis) setzte sich die kleine Karavane zum Sonnenhof von Landwirt Fred M\u00f6ller in Bewegung.<\/p>\n<p class=\"bodytext\">Dort wurde die Demonstrationsanlage erstmalig in Betrieb gesetzt und arbeitet nun f\u00fcr die ersten vier Monate bis etwa zum Juni 2010. Die Teilnehmenden aus der region, B\u00fcrger\/innen, Experten aus Kreisverwaltung, Ministerien, Forschung und Industrie waren begeistert vom Start von PROGRASS &#8211; wie das Presseecho eindrucksvoll beweist.<\/p>\n<\/div>\n<\/div>\n<figure id=\"attachment_308\" aria-describedby=\"caption-attachment-308\" style=\"width: 249px\" class=\"wp-caption alignleft\"><img decoding=\"async\" class=\" wp-image-308\" src=\"http:\/\/prograss.eu\/wp-content\/uploads\/2017\/10\/dab11576b0.jpg\" alt=\"\" width=\"249\" height=\"187\" \/><figcaption id=\"caption-attachment-308\" class=\"wp-caption-text\">Demo Plant on the Sonnenhof<\/figcaption><\/figure>\n<\/div>\n<div class=\"csc-textpic-clear\">\n<figure id=\"attachment_279\" aria-describedby=\"caption-attachment-279\" style=\"width: 250px\" class=\"wp-caption alignleft\"><img decoding=\"async\" class=\" wp-image-279\" src=\"http:\/\/prograss.eu\/wp-content\/uploads\/2017\/10\/VB5_2010_kickoff_conference_09-300x173.jpg\" alt=\"\" width=\"250\" height=\"144\" srcset=\"https:\/\/prograss.eu\/wp-content\/uploads\/2017\/10\/VB5_2010_kickoff_conference_09-300x173.jpg 300w, https:\/\/prograss.eu\/wp-content\/uploads\/2017\/10\/VB5_2010_kickoff_conference_09-768x442.jpg 768w, https:\/\/prograss.eu\/wp-content\/uploads\/2017\/10\/VB5_2010_kickoff_conference_09.jpg 1000w\" sizes=\"(max-width: 250px) 100vw, 250px\" \/><figcaption id=\"caption-attachment-279\" class=\"wp-caption-text\">Conference in Lauterbach<\/figcaption><\/figure>\n<\/div>\n<\/div>\n<\/div>\n<div id=\"footer\">\n<figure id=\"attachment_280\" aria-describedby=\"caption-attachment-280\" style=\"width: 250px\" class=\"wp-caption alignleft\"><img fetchpriority=\"high\" decoding=\"async\" class=\" wp-image-280\" src=\"http:\/\/prograss.eu\/wp-content\/uploads\/2017\/10\/VB6_2010_plant_mar_mw_05-300x246.jpg\" alt=\"\" width=\"250\" height=\"205\" srcset=\"https:\/\/prograss.eu\/wp-content\/uploads\/2017\/10\/VB6_2010_plant_mar_mw_05-300x246.jpg 300w, https:\/\/prograss.eu\/wp-content\/uploads\/2017\/10\/VB6_2010_plant_mar_mw_05-768x630.jpg 768w, https:\/\/prograss.eu\/wp-content\/uploads\/2017\/10\/VB6_2010_plant_mar_mw_05.jpg 1000w\" sizes=\"(max-width: 250px) 100vw, 250px\" \/><figcaption id=\"caption-attachment-280\" class=\"wp-caption-text\">Prof. M. Wachendorf, Landrat Marx<\/figcaption><\/figure>\n<\/div>\n","protected":false},"excerpt":{"rendered":"<p>Einweihung der PROGRASS Demonstrationsanlage Prof. M. Wachendorf, Landrat Marx Vogelsberg, Hessen, M\u00e4rz 2010 An einem kalten aber wundersch\u00f6nen 9. M\u00e4rz 2010 wurde unsere PROGRASS Demonstrationsanlage im Rahmen einer Europ\u00e4ischen Konferenz mit ca. 60 Teilnehmer\/innen eingeweiht. Nach der Einf\u00fchrung in Lauterbach mit Gru\u00dfworten des Landrats und des Hessischen Umweltministeriums sowie Einf\u00fchrungsvortr\u00e4gen von Prof. Wachendorf und Lutz [&hellip;]<\/p>\n","protected":false},"author":1,"featured_media":0,"parent":0,"menu_order":0,"comment_status":"closed","ping_status":"closed","template":"","meta":{"ocean_post_layout":"","ocean_both_sidebars_style":"","ocean_both_sidebars_content_width":0,"ocean_both_sidebars_sidebars_width":0,"ocean_sidebar":"","ocean_second_sidebar":"","ocean_disable_margins":"enable","ocean_add_body_class":"","ocean_shortcode_before_top_bar":"","ocean_shortcode_after_top_bar":"","ocean_shortcode_before_header":"","ocean_shortcode_after_header":"","ocean_has_shortcode":"","ocean_shortcode_after_title":"","ocean_shortcode_before_footer_widgets":"","ocean_shortcode_after_footer_widgets":"","ocean_shortcode_before_footer_bottom":"","ocean_shortcode_after_footer_bottom":"","ocean_display_top_bar":"default","ocean_display_header":"default","ocean_header_style":"","ocean_center_header_left_menu":"","ocean_custom_header_template":"","ocean_custom_logo":0,"ocean_custom_retina_logo":0,"ocean_custom_logo_max_width":0,"ocean_custom_logo_tablet_max_width":0,"ocean_custom_logo_mobile_max_width":0,"ocean_custom_logo_max_height":0,"ocean_custom_logo_tablet_max_height":0,"ocean_custom_logo_mobile_max_height":0,"ocean_header_custom_menu":"","ocean_menu_typo_font_family":"","ocean_menu_typo_font_subset":"","ocean_menu_typo_font_size":0,"ocean_menu_typo_font_size_tablet":0,"ocean_menu_typo_font_size_mobile":0,"ocean_menu_typo_font_size_unit":"px","ocean_menu_typo_font_weight":"","ocean_menu_typo_font_weight_tablet":"","ocean_menu_typo_font_weight_mobile":"","ocean_menu_typo_transform":"","ocean_menu_typo_transform_tablet":"","ocean_menu_typo_transform_mobile":"","ocean_menu_typo_line_height":0,"ocean_menu_typo_line_height_tablet":0,"ocean_menu_typo_line_height_mobile":0,"ocean_menu_typo_line_height_unit":"","ocean_menu_typo_spacing":0,"ocean_menu_typo_spacing_tablet":0,"ocean_menu_typo_spacing_mobile":0,"ocean_menu_typo_spacing_unit":"","ocean_menu_link_color":"","ocean_menu_link_color_hover":"","ocean_menu_link_color_active":"","ocean_menu_link_background":"","ocean_menu_link_hover_background":"","ocean_menu_link_active_background":"","ocean_menu_social_links_bg":"","ocean_menu_social_hover_links_bg":"","ocean_menu_social_links_color":"","ocean_menu_social_hover_links_color":"","ocean_disable_title":"default","ocean_disable_heading":"default","ocean_post_title":"","ocean_post_subheading":"","ocean_post_title_style":"","ocean_post_title_background_color":"","ocean_post_title_background":0,"ocean_post_title_bg_image_position":"","ocean_post_title_bg_image_attachment":"","ocean_post_title_bg_image_repeat":"","ocean_post_title_bg_image_size":"","ocean_post_title_height":0,"ocean_post_title_bg_overlay":0.5,"ocean_post_title_bg_overlay_color":"","ocean_disable_breadcrumbs":"default","ocean_breadcrumbs_color":"","ocean_breadcrumbs_separator_color":"","ocean_breadcrumbs_links_color":"","ocean_breadcrumbs_links_hover_color":"","ocean_display_footer_widgets":"default","ocean_display_footer_bottom":"default","ocean_custom_footer_template":"","_locale":"de_DE","_original_post":"14","footnotes":""},"class_list":["post-466","page","type-page","status-publish","hentry","de-DE","entry"],"_links":{"self":[{"href":"https:\/\/prograss.eu\/wp-json\/wp\/v2\/pages\/466","targetHints":{"allow":["GET"]}}],"collection":[{"href":"https:\/\/prograss.eu\/wp-json\/wp\/v2\/pages"}],"about":[{"href":"https:\/\/prograss.eu\/wp-json\/wp\/v2\/types\/page"}],"author":[{"embeddable":true,"href":"https:\/\/prograss.eu\/wp-json\/wp\/v2\/users\/1"}],"replies":[{"embeddable":true,"href":"https:\/\/prograss.eu\/wp-json\/wp\/v2\/comments?post=466"}],"version-history":[{"count":1,"href":"https:\/\/prograss.eu\/wp-json\/wp\/v2\/pages\/466\/revisions"}],"predecessor-version":[{"id":467,"href":"https:\/\/prograss.eu\/wp-json\/wp\/v2\/pages\/466\/revisions\/467"}],"wp:attachment":[{"href":"https:\/\/prograss.eu\/wp-json\/wp\/v2\/media?parent=466"}],"curies":[{"name":"wp","href":"https:\/\/api.w.org\/{rel}","templated":true}]}}