{"id":468,"date":"2017-10-19T10:46:44","date_gmt":"2017-10-19T10:46:44","guid":{"rendered":"http:\/\/prograss.eu\/?page_id=468"},"modified":"2017-10-19T10:46:44","modified_gmt":"2017-10-19T10:46:44","slug":"info_vb","status":"publish","type":"page","link":"https:\/\/prograss.eu\/de\/info_vb\/","title":{"rendered":"INFO TAGE VOGELSBERG"},"content":{"rendered":"<div id=\"content\">\n<div id=\"c357\" class=\"csc-default\">\n<div class=\"csc-header csc-header-n1\">\n<div class=\"csc-header csc-header-n1\">\n<h4 class=\"csc-firstHeader\">Informationsveranstaltungen im Vogelsberg<\/h4>\n<\/div>\n<div class=\"csc-textpic csc-textpic-intext-right\">\n<div class=\"csc-textpic-text\">\n<div>\n<p class=\"bodytext\">Von April bis Juni 2011 befindet sich die mobile PROGRASS-Pilotanlage in Frischborn im Vogelsberg im Betrieb. Im Rahmen einer <b>2-st\u00fcndigen Veranstaltung <\/b>k\u00f6nnen Sie sich \u00fcber die technische Funktionsweise der Anlage und \u00fcber die Hintergr\u00fcnde zum Naturschutz vor Ort informieren. Mit eingeschlossen ist eine Besichtigung und Erl\u00e4uterung der PROGRASS-Pilotanlage.<\/p>\n<\/div>\n<p class=\"bodytext\">Folgende Temine stehen bereits fest:<\/p>\n<ul>\n<li>20.04.2011<\/li>\n<li>08.06.2011<\/li>\n<\/ul>\n<p class=\"bodytext\">Koordiniert werden diese Informationsveranstaltungen von Lorenz Kock,\u00a0Amt f\u00fcr den l\u00e4ndlichen Raum,\u00a0Adolf-Spie\u00df-Stra\u00dfe 34,\u00a036341 Lauterbach.<\/p>\n<p class=\"bodytext\">Anmeldung bei Hilde Weidel<\/p>\n<p class=\"bodytext\">Tel.: 06641 977 3525<\/p>\n<p class=\"bodytext\">Fax: 06641 977 3501<\/p>\n<p class=\"bodytext\">Email: <a class=\"mail\" title=\"Opens window for sending email\" href=\"mailto:Hilde.Weidel@vogelsbergkreis.de\">Hilde.Weidel\u00a0 @ vogelsbergkreis.de<\/a><\/p>\n<p class=\"bodytext\">Die Teilnehmerzahl ist begrenzt.<\/p>\n<\/div>\n<\/div>\n<\/div>\n<div class=\"csc-textpic csc-textpic-intext-right\">\n<div class=\"csc-textpic-text\">\n<p><img decoding=\"async\" class=\"alignleft wp-image-281\" src=\"http:\/\/prograss.eu\/wp-content\/uploads\/2017\/10\/VB7_2010_plant_complete-300x225.jpg\" alt=\"\" width=\"250\" height=\"187\" srcset=\"https:\/\/prograss.eu\/wp-content\/uploads\/2017\/10\/VB7_2010_plant_complete-300x225.jpg 300w, https:\/\/prograss.eu\/wp-content\/uploads\/2017\/10\/VB7_2010_plant_complete-768x576.jpg 768w, https:\/\/prograss.eu\/wp-content\/uploads\/2017\/10\/VB7_2010_plant_complete-1024x768.jpg 1024w, https:\/\/prograss.eu\/wp-content\/uploads\/2017\/10\/VB7_2010_plant_complete-1200x900.jpg 1200w\" sizes=\"(max-width: 250px) 100vw, 250px\" \/><img decoding=\"async\" class=\"alignleft wp-image-278\" src=\"http:\/\/prograss.eu\/wp-content\/uploads\/2017\/10\/VB2_plant_demo_feeder_03-300x225.jpg\" alt=\"\" width=\"250\" height=\"187\" srcset=\"https:\/\/prograss.eu\/wp-content\/uploads\/2017\/10\/VB2_plant_demo_feeder_03-300x225.jpg 300w, https:\/\/prograss.eu\/wp-content\/uploads\/2017\/10\/VB2_plant_demo_feeder_03-768x576.jpg 768w, https:\/\/prograss.eu\/wp-content\/uploads\/2017\/10\/VB2_plant_demo_feeder_03-1024x768.jpg 1024w, https:\/\/prograss.eu\/wp-content\/uploads\/2017\/10\/VB2_plant_demo_feeder_03-1200x900.jpg 1200w\" sizes=\"(max-width: 250px) 100vw, 250px\" \/><img decoding=\"async\" class=\"alignleft wp-image-279\" src=\"http:\/\/prograss.eu\/wp-content\/uploads\/2017\/10\/VB5_2010_kickoff_conference_09-300x173.jpg\" alt=\"\" width=\"250\" height=\"144\" srcset=\"https:\/\/prograss.eu\/wp-content\/uploads\/2017\/10\/VB5_2010_kickoff_conference_09-300x173.jpg 300w, https:\/\/prograss.eu\/wp-content\/uploads\/2017\/10\/VB5_2010_kickoff_conference_09-768x442.jpg 768w, https:\/\/prograss.eu\/wp-content\/uploads\/2017\/10\/VB5_2010_kickoff_conference_09.jpg 1000w\" sizes=\"(max-width: 250px) 100vw, 250px\" \/><\/p>\n<p>&nbsp;<\/p>\n<p>&nbsp;<\/p>\n<\/div>\n<\/div>\n<\/div>\n<\/div>\n","protected":false},"excerpt":{"rendered":"<p>Informationsveranstaltungen im Vogelsberg Von April bis Juni 2011 befindet sich die mobile PROGRASS-Pilotanlage in Frischborn im Vogelsberg im Betrieb. Im Rahmen einer 2-st\u00fcndigen Veranstaltung k\u00f6nnen Sie sich \u00fcber die technische Funktionsweise der Anlage und \u00fcber die Hintergr\u00fcnde zum Naturschutz vor Ort informieren. Mit eingeschlossen ist eine Besichtigung und Erl\u00e4uterung der PROGRASS-Pilotanlage. Folgende Temine stehen bereits [&hellip;]<\/p>\n","protected":false},"author":1,"featured_media":0,"parent":0,"menu_order":0,"comment_status":"closed","ping_status":"closed","template":"","meta":{"ocean_post_layout":"","ocean_both_sidebars_style":"","ocean_both_sidebars_content_width":0,"ocean_both_sidebars_sidebars_width":0,"ocean_sidebar":"","ocean_second_sidebar":"","ocean_disable_margins":"enable","ocean_add_body_class":"","ocean_shortcode_before_top_bar":"","ocean_shortcode_after_top_bar":"","ocean_shortcode_before_header":"","ocean_shortcode_after_header":"","ocean_has_shortcode":"","ocean_shortcode_after_title":"","ocean_shortcode_before_footer_widgets":"","ocean_shortcode_after_footer_widgets":"","ocean_shortcode_before_footer_bottom":"","ocean_shortcode_after_footer_bottom":"","ocean_display_top_bar":"default","ocean_display_header":"default","ocean_header_style":"","ocean_center_header_left_menu":"","ocean_custom_header_template":"","ocean_custom_logo":0,"ocean_custom_retina_logo":0,"ocean_custom_logo_max_width":0,"ocean_custom_logo_tablet_max_width":0,"ocean_custom_logo_mobile_max_width":0,"ocean_custom_logo_max_height":0,"ocean_custom_logo_tablet_max_height":0,"ocean_custom_logo_mobile_max_height":0,"ocean_header_custom_menu":"","ocean_menu_typo_font_family":"","ocean_menu_typo_font_subset":"","ocean_menu_typo_font_size":0,"ocean_menu_typo_font_size_tablet":0,"ocean_menu_typo_font_size_mobile":0,"ocean_menu_typo_font_size_unit":"px","ocean_menu_typo_font_weight":"","ocean_menu_typo_font_weight_tablet":"","ocean_menu_typo_font_weight_mobile":"","ocean_menu_typo_transform":"","ocean_menu_typo_transform_tablet":"","ocean_menu_typo_transform_mobile":"","ocean_menu_typo_line_height":0,"ocean_menu_typo_line_height_tablet":0,"ocean_menu_typo_line_height_mobile":0,"ocean_menu_typo_line_height_unit":"","ocean_menu_typo_spacing":0,"ocean_menu_typo_spacing_tablet":0,"ocean_menu_typo_spacing_mobile":0,"ocean_menu_typo_spacing_unit":"","ocean_menu_link_color":"","ocean_menu_link_color_hover":"","ocean_menu_link_color_active":"","ocean_menu_link_background":"","ocean_menu_link_hover_background":"","ocean_menu_link_active_background":"","ocean_menu_social_links_bg":"","ocean_menu_social_hover_links_bg":"","ocean_menu_social_links_color":"","ocean_menu_social_hover_links_color":"","ocean_disable_title":"default","ocean_disable_heading":"default","ocean_post_title":"","ocean_post_subheading":"","ocean_post_title_style":"","ocean_post_title_background_color":"","ocean_post_title_background":0,"ocean_post_title_bg_image_position":"","ocean_post_title_bg_image_attachment":"","ocean_post_title_bg_image_repeat":"","ocean_post_title_bg_image_size":"","ocean_post_title_height":0,"ocean_post_title_bg_overlay":0.5,"ocean_post_title_bg_overlay_color":"","ocean_disable_breadcrumbs":"default","ocean_breadcrumbs_color":"","ocean_breadcrumbs_separator_color":"","ocean_breadcrumbs_links_color":"","ocean_breadcrumbs_links_hover_color":"","ocean_display_footer_widgets":"default","ocean_display_footer_bottom":"default","ocean_custom_footer_template":"","_locale":"de_DE","_original_post":"16","footnotes":""},"class_list":["post-468","page","type-page","status-publish","hentry","de-DE","entry"],"_links":{"self":[{"href":"https:\/\/prograss.eu\/wp-json\/wp\/v2\/pages\/468","targetHints":{"allow":["GET"]}}],"collection":[{"href":"https:\/\/prograss.eu\/wp-json\/wp\/v2\/pages"}],"about":[{"href":"https:\/\/prograss.eu\/wp-json\/wp\/v2\/types\/page"}],"author":[{"embeddable":true,"href":"https:\/\/prograss.eu\/wp-json\/wp\/v2\/users\/1"}],"replies":[{"embeddable":true,"href":"https:\/\/prograss.eu\/wp-json\/wp\/v2\/comments?post=468"}],"version-history":[{"count":1,"href":"https:\/\/prograss.eu\/wp-json\/wp\/v2\/pages\/468\/revisions"}],"predecessor-version":[{"id":469,"href":"https:\/\/prograss.eu\/wp-json\/wp\/v2\/pages\/468\/revisions\/469"}],"wp:attachment":[{"href":"https:\/\/prograss.eu\/wp-json\/wp\/v2\/media?parent=468"}],"curies":[{"name":"wp","href":"https:\/\/api.w.org\/{rel}","templated":true}]}}