{"id":474,"date":"2017-10-19T10:51:50","date_gmt":"2017-10-19T10:51:50","guid":{"rendered":"http:\/\/prograss.eu\/?page_id=474"},"modified":"2017-10-19T10:51:50","modified_gmt":"2017-10-19T10:51:50","slug":"rationale","status":"publish","type":"page","link":"https:\/\/prograss.eu\/de\/home\/rationale\/","title":{"rendered":"RATIONALE"},"content":{"rendered":"<div class=\"csc-header csc-header-n1\">\n<div class=\"csc-header csc-header-n1\">\n<h4 class=\"csc-firstHeader\">Hintergrund<a class=\"thickbox\" style=\"font-size: 16px; font-weight: 400;\" title=\"Hintergrund\" href=\"http:\/\/prograss.eu\/uploads\/pics\/\" rel=\"gallery163\"><\/a><\/h4>\n<\/div>\n<div class=\"csc-textpic csc-textpic-intext-right\">\n<div class=\"csc-textpic-text\">\n<p class=\"bodytext\"><b>Gr\u00fcnland<\/b><\/p>\n<p class=\"bodytext\">Artenreiche Gr\u00fcnlandbest\u00e4nde mit nat\u00fcrlichen Graslandgesellschaften sind auf Grund ver\u00e4nderter agrarpolitischer Bedingungen seit den 50-er Jahren in Europa zunehmend im Schwinden begriffen und mittlerweile ernsthaft bedroht.<\/p>\n<p>In Deutschland wie in der gesamten EU geht aktuellen Sch\u00e4tzungen zufolge die Nutzung des Gr\u00fcnlandes f\u00fcr die Futtergewinnung mittelfristig weiterhin um etwa ein Viertel zur\u00fcck (S\u00e4chsische Landesanstalt f\u00fcr Landwirtschaft, 2006; R\u00f6sch et al., 2006). Die frei werdenden Gr\u00fcnlandfl\u00e4chen sollten aus sozi\u00f6konomischen, landeskulturellen und naturschutzfachlichen Gr\u00fcnden weder brachfallen noch in Ackerland oder Wald umgewandelt werden.<\/p>\n<p class=\"bodytext\"><b><i>Schutz&#8230;<\/i><\/b><br \/>\nDie Bedeutung des artenreichen Gr\u00fcnlandes aus Sicht des Naturschutzes verdeutlichen folgende Zahlen: allein in Hessen haben ca. 580 Sippen ihren Verbreitungsschwerpunkt im Gr\u00fcnland &#8211; das sind etwa \u00c3\u201a\u00c2\u00bd aller Sippen der heimischen Farn- und Samenpflanzen. Von diesen Sippen stehen 285 auf der Roten Liste bzw. der Vorwarnliste (inkl. G und R) (NOWACK, 2008). Daher sind viele dieser Fl\u00e4chen unter den besonders sch\u00fctzenswerten Habitaten der NATURA 2000 Rahmenrichtlinie (link) gelistet.<\/p>\n<p>Die Bedrohung f\u00fcr den Artenreichtum dieser Graslandfl\u00e4chen ist kontr\u00e4r:<\/p>\n<ul>\n<li>Auf der einen Seite droht ihre Intensivierung zur Anpassung an die Erfordernisse einer Hochleistungsmilchwirtschaft bzw. ihre Umnutzung und Intensivierung als Ackerland<\/li>\n<li>Auf der anderen Seite droht ihre Nichtnutzung durch Brachfallen und einsetzende Bewaldung mit einhergehendem Biodiversit\u00e4tsverlust.<\/li>\n<\/ul>\n<p class=\"bodytext\"><i><b>&#8230; versus Nutzung?<br \/>\n<\/b><\/i>Durch menschliches Wirtschaften als Kulturlandschaft entstanden, bedarf es zur Erhaltung artenreichen Graslands einer alternativen, kontinuierlich extensiven Nutzung. Sie erfordert ein auf die Lebensraumtypen abgestimmtes Mahdsystem. Auf Grund seiner Eigenschaften (hoher Zellulose- und Ligningehalt, hoher Mineralstoffgehalt) ist diese Biomasse weder f\u00fcr die g\u00e4ngige Hochleistungs-Milchviehwirtschaft noch f\u00fcr die Nutzung in konventionellen Biogas- oder Verbrennungsanlagen geeignet. Der Biogasanlagenboom, den das Erneuerbare-Energien-Gesetz (EEG) in Deutschland ausgel\u00f6st hat, ist daher an Gr\u00fcnland-dominierten Gebieten vorbeigegangen. Weitere Gr\u00fcnde sind:<\/p>\n<ul>\n<li>Das geringe Ertragspotential von Extensivgr\u00fcnland verglichen mit z.B. Silagemais<\/li>\n<li>Mehrfach notwendige Ernten w\u00e4hrend einer Wachstumsperiode<\/li>\n<li>Die ver\u00e4nderliche Qualit\u00e4t der Biomasse<\/li>\n<li>\u00f6konomische Ineffizienz auf Grund inad\u00e4quater W\u00e4rmenutzungsm\u00f6glichkeiten<\/li>\n<li>Geringe Verf\u00fcgbarkeit von Rinderg\u00fclle als Kosubstrat f\u00fcr die Fermentation (abnehmende Tierbest\u00e4nde und intensivere Weidehaltung der verbliebenen Tiere)<\/li>\n<\/ul>\n<p class=\"bodytext\">Um einer kostenpflichtigen Entsorgung des anfallenden Gr\u00fcnguts bei der Pflege der NATURA-2000-Fl\u00e4chen zu entgehen, sind alternative Konzepte notwendig. Sie verlangen nach einer kostenoptimierten, verl\u00e4sslichen Verwertung stark ligninhaltiger Gr\u00fcnlandaufw\u00fcchse ohne zus\u00e4tzliche Verwendung von Rinderg\u00fclle. Hier setzt PROGRASS an.<\/p>\n<p class=\"bodytext\">Literatur:<br \/>\nS\u00e4chsische Landesanstalt f\u00fcr Landwirtschaft (2006): Energetische Verwertung von Biomasse zu Biogas, <a href=\"http:\/\/www.umwelt.sachsen.de\/de\/wu\/Landwirtschaft\/lfl\/inhalt\/\" target=\"_blank\" rel=\"noopener\">www.umwelt.sachsen.de\/de\/wu\/Landwirtschaft\/lfl\/inhalt\/<\/a><br \/>\ndownload\/Divers_Kap_Biogas.pdf<\/p>\n<p>R\u00fcsch C., Raab K., Stelzer V. (2006): Potenziale der Biogasgewinnung aus Gras von \u00dcberschussgr\u00fcnland in Baden-W\u00fcrttemberg. Bioenergienutzung in Baden- W\u00fcrttemberg<\/p>\n<p class=\"bodytext\">Auf dem Weg zum nachhaltigen Ausbau, Tagung vom 13. Februar 2006, Stuttgart, <a href=\"http:\/\/www.itas.fzk.de\/deu\/lit\/2006\/roes06a.pdf\" target=\"_blank\" rel=\"noopener\">www.itas.fzk.de\/deu\/lit\/2006\/roes06a.pdf<\/a><\/p>\n<p>Nowak, B. (2008): Die neue Rote Liste der Farn- und Bl\u00fctenpflanzen Hessens (Vortrag vom 04.12.2008). <a href=\"http:\/\/www.na-hessen.de\/downloads\/08n139rotelistenowak.pdf\" target=\"_blank\" rel=\"noopener\">www.na-hessen.de\/downloads\/08n139rotelistenowak.pdf<\/a><\/p>\n<\/div>\n<\/div>\n<\/div>\n<div class=\"csc-textpic csc-textpic-intext-right\">\n<div class=\"csc-textpic-text\">\n<p><img decoding=\"async\" class=\"alignleft wp-image-136\" src=\"http:\/\/prograss.eu\/wp-content\/uploads\/2017\/10\/03_bryn_06-300x226.jpg\" alt=\"\" width=\"250\" height=\"188\" srcset=\"https:\/\/prograss.eu\/wp-content\/uploads\/2017\/10\/03_bryn_06-300x226.jpg 300w, https:\/\/prograss.eu\/wp-content\/uploads\/2017\/10\/03_bryn_06.jpg 508w\" sizes=\"(max-width: 250px) 100vw, 250px\" \/><img decoding=\"async\" class=\"alignleft wp-image-134\" src=\"http:\/\/prograss.eu\/wp-content\/uploads\/2017\/10\/02_v_jaago_06-300x225.jpg\" alt=\"\" width=\"250\" height=\"187\" srcset=\"https:\/\/prograss.eu\/wp-content\/uploads\/2017\/10\/02_v_jaago_06-300x225.jpg 300w, https:\/\/prograss.eu\/wp-content\/uploads\/2017\/10\/02_v_jaago_06-768x576.jpg 768w, https:\/\/prograss.eu\/wp-content\/uploads\/2017\/10\/02_v_jaago_06-1024x768.jpg 1024w, https:\/\/prograss.eu\/wp-content\/uploads\/2017\/10\/02_v_jaago_06-1200x900.jpg 1200w, https:\/\/prograss.eu\/wp-content\/uploads\/2017\/10\/02_v_jaago_06.jpg 1232w\" sizes=\"(max-width: 250px) 100vw, 250px\" \/><img decoding=\"async\" class=\"alignleft wp-image-129\" src=\"http:\/\/prograss.eu\/wp-content\/uploads\/2017\/10\/01_03-300x225.jpg\" alt=\"\" width=\"250\" height=\"187\" srcset=\"https:\/\/prograss.eu\/wp-content\/uploads\/2017\/10\/01_03-300x225.jpg 300w, https:\/\/prograss.eu\/wp-content\/uploads\/2017\/10\/01_03-768x577.jpg 768w, https:\/\/prograss.eu\/wp-content\/uploads\/2017\/10\/01_03-1024x769.jpg 1024w, https:\/\/prograss.eu\/wp-content\/uploads\/2017\/10\/01_03-1200x901.jpg 1200w, https:\/\/prograss.eu\/wp-content\/uploads\/2017\/10\/01_03.jpg 1204w\" sizes=\"(max-width: 250px) 100vw, 250px\" \/><\/p>\n<\/div>\n<\/div>\n<p>&nbsp;<\/p>\n","protected":false},"excerpt":{"rendered":"<p>Hintergrund Gr\u00fcnland Artenreiche Gr\u00fcnlandbest\u00e4nde mit nat\u00fcrlichen Graslandgesellschaften sind auf Grund ver\u00e4nderter agrarpolitischer Bedingungen seit den 50-er Jahren in Europa zunehmend im Schwinden begriffen und mittlerweile ernsthaft bedroht. In Deutschland wie in der gesamten EU geht aktuellen Sch\u00e4tzungen zufolge die Nutzung des Gr\u00fcnlandes f\u00fcr die Futtergewinnung mittelfristig weiterhin um etwa ein Viertel zur\u00fcck (S\u00e4chsische Landesanstalt f\u00fcr [&hellip;]<\/p>\n","protected":false},"author":1,"featured_media":0,"parent":8,"menu_order":0,"comment_status":"closed","ping_status":"closed","template":"","meta":{"ocean_post_layout":"","ocean_both_sidebars_style":"","ocean_both_sidebars_content_width":0,"ocean_both_sidebars_sidebars_width":0,"ocean_sidebar":"","ocean_second_sidebar":"","ocean_disable_margins":"enable","ocean_add_body_class":"","ocean_shortcode_before_top_bar":"","ocean_shortcode_after_top_bar":"","ocean_shortcode_before_header":"","ocean_shortcode_after_header":"","ocean_has_shortcode":"","ocean_shortcode_after_title":"","ocean_shortcode_before_footer_widgets":"","ocean_shortcode_after_footer_widgets":"","ocean_shortcode_before_footer_bottom":"","ocean_shortcode_after_footer_bottom":"","ocean_display_top_bar":"default","ocean_display_header":"default","ocean_header_style":"","ocean_center_header_left_menu":"","ocean_custom_header_template":"","ocean_custom_logo":0,"ocean_custom_retina_logo":0,"ocean_custom_logo_max_width":0,"ocean_custom_logo_tablet_max_width":0,"ocean_custom_logo_mobile_max_width":0,"ocean_custom_logo_max_height":0,"ocean_custom_logo_tablet_max_height":0,"ocean_custom_logo_mobile_max_height":0,"ocean_header_custom_menu":"","ocean_menu_typo_font_family":"","ocean_menu_typo_font_subset":"","ocean_menu_typo_font_size":0,"ocean_menu_typo_font_size_tablet":0,"ocean_menu_typo_font_size_mobile":0,"ocean_menu_typo_font_size_unit":"px","ocean_menu_typo_font_weight":"","ocean_menu_typo_font_weight_tablet":"","ocean_menu_typo_font_weight_mobile":"","ocean_menu_typo_transform":"","ocean_menu_typo_transform_tablet":"","ocean_menu_typo_transform_mobile":"","ocean_menu_typo_line_height":0,"ocean_menu_typo_line_height_tablet":0,"ocean_menu_typo_line_height_mobile":0,"ocean_menu_typo_line_height_unit":"","ocean_menu_typo_spacing":0,"ocean_menu_typo_spacing_tablet":0,"ocean_menu_typo_spacing_mobile":0,"ocean_menu_typo_spacing_unit":"","ocean_menu_link_color":"","ocean_menu_link_color_hover":"","ocean_menu_link_color_active":"","ocean_menu_link_background":"","ocean_menu_link_hover_background":"","ocean_menu_link_active_background":"","ocean_menu_social_links_bg":"","ocean_menu_social_hover_links_bg":"","ocean_menu_social_links_color":"","ocean_menu_social_hover_links_color":"","ocean_disable_title":"default","ocean_disable_heading":"default","ocean_post_title":"","ocean_post_subheading":"","ocean_post_title_style":"","ocean_post_title_background_color":"","ocean_post_title_background":0,"ocean_post_title_bg_image_position":"","ocean_post_title_bg_image_attachment":"","ocean_post_title_bg_image_repeat":"","ocean_post_title_bg_image_size":"","ocean_post_title_height":0,"ocean_post_title_bg_overlay":0.5,"ocean_post_title_bg_overlay_color":"","ocean_disable_breadcrumbs":"default","ocean_breadcrumbs_color":"","ocean_breadcrumbs_separator_color":"","ocean_breadcrumbs_links_color":"","ocean_breadcrumbs_links_hover_color":"","ocean_display_footer_widgets":"default","ocean_display_footer_bottom":"default","ocean_custom_footer_template":"","_locale":"de_DE","_original_post":"22","footnotes":""},"class_list":["post-474","page","type-page","status-publish","hentry","de-DE","entry"],"_links":{"self":[{"href":"https:\/\/prograss.eu\/wp-json\/wp\/v2\/pages\/474","targetHints":{"allow":["GET"]}}],"collection":[{"href":"https:\/\/prograss.eu\/wp-json\/wp\/v2\/pages"}],"about":[{"href":"https:\/\/prograss.eu\/wp-json\/wp\/v2\/types\/page"}],"author":[{"embeddable":true,"href":"https:\/\/prograss.eu\/wp-json\/wp\/v2\/users\/1"}],"replies":[{"embeddable":true,"href":"https:\/\/prograss.eu\/wp-json\/wp\/v2\/comments?post=474"}],"version-history":[{"count":1,"href":"https:\/\/prograss.eu\/wp-json\/wp\/v2\/pages\/474\/revisions"}],"predecessor-version":[{"id":475,"href":"https:\/\/prograss.eu\/wp-json\/wp\/v2\/pages\/474\/revisions\/475"}],"up":[{"embeddable":true,"href":"https:\/\/prograss.eu\/wp-json\/wp\/v2\/pages\/8"}],"wp:attachment":[{"href":"https:\/\/prograss.eu\/wp-json\/wp\/v2\/media?parent=474"}],"curies":[{"name":"wp","href":"https:\/\/api.w.org\/{rel}","templated":true}]}}