{"id":486,"date":"2017-10-20T06:52:51","date_gmt":"2017-10-20T06:52:51","guid":{"rendered":"http:\/\/prograss.eu\/?page_id=486"},"modified":"2017-10-20T06:53:14","modified_gmt":"2017-10-20T06:53:14","slug":"wp-3","status":"publish","type":"page","link":"https:\/\/prograss.eu\/de\/workpackages\/wp-3\/","title":{"rendered":"WP 3"},"content":{"rendered":"<div class=\"csc-header csc-header-n1\">\n<h4 class=\"csc-firstHeader\">Arbeitspaket 3: Nachhaltigkeit<\/h4>\n<\/div>\n<div class=\"csc-textpic csc-textpic-intext-right\">\n<div class=\"csc-textpic-text\">\n<div>\n<p class=\"bodytext\">Besonderes Augenmerk wird auf die Nachhaltigkeit der zu erwartenden Effekte gelegt:<\/p>\n<p><i>Sozio-\u00f6konomischen Wirkungen:<\/i><br \/>\nWelche Entwicklungsaspekte ergeben sich f\u00fcr die regionale Landwirtschaft? Welche Arbeits- und Einkommensm\u00fcglichkeiten erschlie\u00dfen sich den ans\u00e4ssigen Landwirten in den Beispielregionen?<br \/>\nWie stellen sich die Renditechancen f\u00fcr Investoren dar?<br \/>\n<i><br \/>\nAuswirkungen auf die NATURA Gr\u00fcnland-Habitate: <\/i><br \/>\nWelche Konsequenzen ergeben sich \u00fcr die Biodiversit\u00e4t?<br \/>\nWie l\u00e4sst sich eine N\u00e4hrstoffr\u00fcckf\u00fchrung gestalten?<\/p>\n<p><i>Umweltauswirkungen:<\/i><br \/>\nWelche Umweltbelastungen sind zu erwarten?<br \/>\nWelches Einsparpotenzial an klimarelevanten Gasen l\u00e4sst sich durch Substitution fossiler Brennstoffe m\u00f6glich?<\/p>\n<p class=\"bodytext\">Zu diesen Fragen werden u.a.:<\/p>\n<ul>\n<li>Feldstudien und Befragungen durchgef\u00fchrt<\/li>\n<li>Die botanische Zusammensetzung der Demonstrationsfl\u00fcchen erfasst und mit nationalen Listen der besonders sch\u00fctzenswerten Spezies und Biotope verglichen<\/li>\n<li>Die Bilanzierung des CO<sup>2<\/sup>-Haushaltes aufgestellt<\/li>\n<\/ul>\n<p class=\"bodytext\">Aus den erhobenen Daten werden Evaluationsberichte sowie Handlungsempfehlungen f\u00fcr die europ\u00e4ischen Akteure erarbeitet.<\/p>\n<p><img fetchpriority=\"high\" decoding=\"async\" class=\"alignleft size-medium wp-image-267\" src=\"http:\/\/prograss.eu\/wp-content\/uploads\/2017\/10\/tier14_03-300x220.jpg\" alt=\"\" width=\"300\" height=\"220\" srcset=\"https:\/\/prograss.eu\/wp-content\/uploads\/2017\/10\/tier14_03-300x220.jpg 300w, https:\/\/prograss.eu\/wp-content\/uploads\/2017\/10\/tier14_03.jpg 638w\" sizes=\"(max-width: 300px) 100vw, 300px\" \/><\/p>\n<p class=\"bodytext\">\n<\/div>\n<\/div>\n<\/div>\n","protected":false},"excerpt":{"rendered":"<p>Arbeitspaket 3: Nachhaltigkeit Besonderes Augenmerk wird auf die Nachhaltigkeit der zu erwartenden Effekte gelegt: Sozio-\u00f6konomischen Wirkungen: Welche Entwicklungsaspekte ergeben sich f\u00fcr die regionale Landwirtschaft? Welche Arbeits- und Einkommensm\u00fcglichkeiten erschlie\u00dfen sich den ans\u00e4ssigen Landwirten in den Beispielregionen? Wie stellen sich die Renditechancen f\u00fcr Investoren dar? Auswirkungen auf die NATURA Gr\u00fcnland-Habitate: Welche Konsequenzen ergeben sich \u00fcr die [&hellip;]<\/p>\n","protected":false},"author":1,"featured_media":0,"parent":481,"menu_order":0,"comment_status":"closed","ping_status":"closed","template":"","meta":{"ocean_post_layout":"","ocean_both_sidebars_style":"","ocean_both_sidebars_content_width":0,"ocean_both_sidebars_sidebars_width":0,"ocean_sidebar":"","ocean_second_sidebar":"","ocean_disable_margins":"enable","ocean_add_body_class":"","ocean_shortcode_before_top_bar":"","ocean_shortcode_after_top_bar":"","ocean_shortcode_before_header":"","ocean_shortcode_after_header":"","ocean_has_shortcode":"","ocean_shortcode_after_title":"","ocean_shortcode_before_footer_widgets":"","ocean_shortcode_after_footer_widgets":"","ocean_shortcode_before_footer_bottom":"","ocean_shortcode_after_footer_bottom":"","ocean_display_top_bar":"default","ocean_display_header":"default","ocean_header_style":"","ocean_center_header_left_menu":"","ocean_custom_header_template":"","ocean_custom_logo":0,"ocean_custom_retina_logo":0,"ocean_custom_logo_max_width":0,"ocean_custom_logo_tablet_max_width":0,"ocean_custom_logo_mobile_max_width":0,"ocean_custom_logo_max_height":0,"ocean_custom_logo_tablet_max_height":0,"ocean_custom_logo_mobile_max_height":0,"ocean_header_custom_menu":"","ocean_menu_typo_font_family":"","ocean_menu_typo_font_subset":"","ocean_menu_typo_font_size":0,"ocean_menu_typo_font_size_tablet":0,"ocean_menu_typo_font_size_mobile":0,"ocean_menu_typo_font_size_unit":"px","ocean_menu_typo_font_weight":"","ocean_menu_typo_font_weight_tablet":"","ocean_menu_typo_font_weight_mobile":"","ocean_menu_typo_transform":"","ocean_menu_typo_transform_tablet":"","ocean_menu_typo_transform_mobile":"","ocean_menu_typo_line_height":0,"ocean_menu_typo_line_height_tablet":0,"ocean_menu_typo_line_height_mobile":0,"ocean_menu_typo_line_height_unit":"","ocean_menu_typo_spacing":0,"ocean_menu_typo_spacing_tablet":0,"ocean_menu_typo_spacing_mobile":0,"ocean_menu_typo_spacing_unit":"","ocean_menu_link_color":"","ocean_menu_link_color_hover":"","ocean_menu_link_color_active":"","ocean_menu_link_background":"","ocean_menu_link_hover_background":"","ocean_menu_link_active_background":"","ocean_menu_social_links_bg":"","ocean_menu_social_hover_links_bg":"","ocean_menu_social_links_color":"","ocean_menu_social_hover_links_color":"","ocean_disable_title":"default","ocean_disable_heading":"default","ocean_post_title":"","ocean_post_subheading":"","ocean_post_title_style":"","ocean_post_title_background_color":"","ocean_post_title_background":0,"ocean_post_title_bg_image_position":"","ocean_post_title_bg_image_attachment":"","ocean_post_title_bg_image_repeat":"","ocean_post_title_bg_image_size":"","ocean_post_title_height":0,"ocean_post_title_bg_overlay":0.5,"ocean_post_title_bg_overlay_color":"","ocean_disable_breadcrumbs":"default","ocean_breadcrumbs_color":"","ocean_breadcrumbs_separator_color":"","ocean_breadcrumbs_links_color":"","ocean_breadcrumbs_links_hover_color":"","ocean_display_footer_widgets":"default","ocean_display_footer_bottom":"default","ocean_custom_footer_template":"","_locale":"de_DE","_original_post":"30","footnotes":""},"class_list":["post-486","page","type-page","status-publish","hentry","de-DE","entry"],"_links":{"self":[{"href":"https:\/\/prograss.eu\/wp-json\/wp\/v2\/pages\/486","targetHints":{"allow":["GET"]}}],"collection":[{"href":"https:\/\/prograss.eu\/wp-json\/wp\/v2\/pages"}],"about":[{"href":"https:\/\/prograss.eu\/wp-json\/wp\/v2\/types\/page"}],"author":[{"embeddable":true,"href":"https:\/\/prograss.eu\/wp-json\/wp\/v2\/users\/1"}],"replies":[{"embeddable":true,"href":"https:\/\/prograss.eu\/wp-json\/wp\/v2\/comments?post=486"}],"version-history":[{"count":2,"href":"https:\/\/prograss.eu\/wp-json\/wp\/v2\/pages\/486\/revisions"}],"predecessor-version":[{"id":488,"href":"https:\/\/prograss.eu\/wp-json\/wp\/v2\/pages\/486\/revisions\/488"}],"up":[{"embeddable":true,"href":"https:\/\/prograss.eu\/wp-json\/wp\/v2\/pages\/481"}],"wp:attachment":[{"href":"https:\/\/prograss.eu\/wp-json\/wp\/v2\/media?parent=486"}],"curies":[{"name":"wp","href":"https:\/\/api.w.org\/{rel}","templated":true}]}}