{"id":491,"date":"2017-10-20T06:57:01","date_gmt":"2017-10-20T06:57:01","guid":{"rendered":"http:\/\/prograss.eu\/?page_id=491"},"modified":"2017-10-26T12:24:20","modified_gmt":"2017-10-26T12:24:20","slug":"prograss-plant","status":"publish","type":"page","link":"https:\/\/prograss.eu\/de\/home\/prograss-plant\/","title":{"rendered":"TECHNIK"},"content":{"rendered":"<div class=\"csc-header csc-header-n1\">\n<h4 class=\"csc-firstHeader\">Technik<\/h4>\n<p><img fetchpriority=\"high\" decoding=\"async\" class=\"alignright size-full wp-image-207\" src=\"http:\/\/prograss.eu\/wp-content\/uploads\/2017\/10\/flowchart_deutsch.jpg\" alt=\"\" width=\"927\" height=\"874\" srcset=\"https:\/\/prograss.eu\/wp-content\/uploads\/2017\/10\/flowchart_deutsch.jpg 927w, https:\/\/prograss.eu\/wp-content\/uploads\/2017\/10\/flowchart_deutsch-300x283.jpg 300w, https:\/\/prograss.eu\/wp-content\/uploads\/2017\/10\/flowchart_deutsch-768x724.jpg 768w\" sizes=\"(max-width: 927px) 100vw, 927px\" \/><\/p>\n<\/div>\n<div class=\"csc-textpic csc-textpic-intext-right\">\n<div class=\"csc-textpic-text\">\n<p class=\"bodytext\">Das technische IFBB-Konzept (Integrierte Festbrennstoff- und Biogasproduktion aus Biomasse)\u00a0 entwickelt von Prof. Scheffer, Universit\u00e4t Kassel &#8211; zielt auf eine gesteigerte Energieeffizienz bei der Nutzung feucht konservierter Biomassen (Silagen) ab. Das Grundprinzip besteht in der Trennung der Silage in eine fl\u00fcssige und eine feste Phase. Der gewonnene Presssaft wird in eine Biogasanlage eingespeist. Das entstandene Biogas wird in einer Kraft-W\u00e4rme-Kopplungs-Anlage (KWK-Anlage) in Strom und W\u00e4rme umgewandelt. Der Presskuchen wird mittels der gewonnenen W\u00e4rme zu einem Festbrennstoff mit \u00e4hnlichen Eigenschaften wie Holzpellets, getrocknet.<\/p>\n<p>Die technischen Vorteile dieses Prozesses sind:<\/p>\n<ul>\n<li>Verbesserte Verg\u00e4rung durch flexible Konditionierung der Biomasse (Silierung, Maischprozess und Trennung von Fest- und Fl\u00fcssigphase durch Abpressen).<\/li>\n<li>Effiziente, ganzj\u00e4hrige Nutzung der Abw\u00e4rme f\u00fcr die Trocknung des Presskuchens<\/li>\n<li>Verbesserte Brennstoffeigenschaften des Presskuchens durch geringeren Mineralgehalt und entsprechend geringere Auflagen f\u00fcr die Rauchgasreinigung<\/li>\n<li>Reduziertes Reststoff-Transportvolumen durch die Trocknung des Presskuchens<\/li>\n<li>Verringerte Aschenbildung und geringerer Verbrauch an Deponievolumen<\/li>\n<li>Effizientes N\u00e4hrstoffmanagement durch R\u00fcckf\u00fchrung der G\u00e4rreste<\/li>\n<\/ul>\n<p class=\"bodytext\">Durch die adaptierte Technologie ist PROGRASS f\u00fcr stark lignin- und zellulosehaltige Biomassen extensiven Gr\u00fcnlands &#8211; zu denen die NATURA-2000-Habitate geh\u00f6ren &#8211; besonders geeignet.<\/p>\n<\/div>\n<\/div>\n","protected":false},"excerpt":{"rendered":"<p>Technik Das technische IFBB-Konzept (Integrierte Festbrennstoff- und Biogasproduktion aus Biomasse)\u00a0 entwickelt von Prof. Scheffer, Universit\u00e4t Kassel &#8211; zielt auf eine gesteigerte Energieeffizienz bei der Nutzung feucht konservierter Biomassen (Silagen) ab. Das Grundprinzip besteht in der Trennung der Silage in eine fl\u00fcssige und eine feste Phase. Der gewonnene Presssaft wird in eine Biogasanlage eingespeist. Das entstandene [&hellip;]<\/p>\n","protected":false},"author":1,"featured_media":0,"parent":8,"menu_order":0,"comment_status":"closed","ping_status":"closed","template":"","meta":{"ocean_post_layout":"","ocean_both_sidebars_style":"","ocean_both_sidebars_content_width":0,"ocean_both_sidebars_sidebars_width":0,"ocean_sidebar":"","ocean_second_sidebar":"","ocean_disable_margins":"enable","ocean_add_body_class":"","ocean_shortcode_before_top_bar":"","ocean_shortcode_after_top_bar":"","ocean_shortcode_before_header":"","ocean_shortcode_after_header":"","ocean_has_shortcode":"","ocean_shortcode_after_title":"","ocean_shortcode_before_footer_widgets":"","ocean_shortcode_after_footer_widgets":"","ocean_shortcode_before_footer_bottom":"","ocean_shortcode_after_footer_bottom":"","ocean_display_top_bar":"default","ocean_display_header":"default","ocean_header_style":"","ocean_center_header_left_menu":"","ocean_custom_header_template":"","ocean_custom_logo":0,"ocean_custom_retina_logo":0,"ocean_custom_logo_max_width":0,"ocean_custom_logo_tablet_max_width":0,"ocean_custom_logo_mobile_max_width":0,"ocean_custom_logo_max_height":0,"ocean_custom_logo_tablet_max_height":0,"ocean_custom_logo_mobile_max_height":0,"ocean_header_custom_menu":"","ocean_menu_typo_font_family":"","ocean_menu_typo_font_subset":"","ocean_menu_typo_font_size":0,"ocean_menu_typo_font_size_tablet":0,"ocean_menu_typo_font_size_mobile":0,"ocean_menu_typo_font_size_unit":"px","ocean_menu_typo_font_weight":"","ocean_menu_typo_font_weight_tablet":"","ocean_menu_typo_font_weight_mobile":"","ocean_menu_typo_transform":"","ocean_menu_typo_transform_tablet":"","ocean_menu_typo_transform_mobile":"","ocean_menu_typo_line_height":0,"ocean_menu_typo_line_height_tablet":0,"ocean_menu_typo_line_height_mobile":0,"ocean_menu_typo_line_height_unit":"","ocean_menu_typo_spacing":0,"ocean_menu_typo_spacing_tablet":0,"ocean_menu_typo_spacing_mobile":0,"ocean_menu_typo_spacing_unit":"","ocean_menu_link_color":"","ocean_menu_link_color_hover":"","ocean_menu_link_color_active":"","ocean_menu_link_background":"","ocean_menu_link_hover_background":"","ocean_menu_link_active_background":"","ocean_menu_social_links_bg":"","ocean_menu_social_hover_links_bg":"","ocean_menu_social_links_color":"","ocean_menu_social_hover_links_color":"","ocean_disable_title":"default","ocean_disable_heading":"default","ocean_post_title":"","ocean_post_subheading":"","ocean_post_title_style":"","ocean_post_title_background_color":"","ocean_post_title_background":0,"ocean_post_title_bg_image_position":"","ocean_post_title_bg_image_attachment":"","ocean_post_title_bg_image_repeat":"","ocean_post_title_bg_image_size":"","ocean_post_title_height":0,"ocean_post_title_bg_overlay":0.5,"ocean_post_title_bg_overlay_color":"","ocean_disable_breadcrumbs":"default","ocean_breadcrumbs_color":"","ocean_breadcrumbs_separator_color":"","ocean_breadcrumbs_links_color":"","ocean_breadcrumbs_links_hover_color":"","ocean_display_footer_widgets":"default","ocean_display_footer_bottom":"default","ocean_custom_footer_template":"","_locale":"de_DE","_original_post":"34","footnotes":""},"class_list":["post-491","page","type-page","status-publish","hentry","de-DE","entry"],"_links":{"self":[{"href":"https:\/\/prograss.eu\/wp-json\/wp\/v2\/pages\/491","targetHints":{"allow":["GET"]}}],"collection":[{"href":"https:\/\/prograss.eu\/wp-json\/wp\/v2\/pages"}],"about":[{"href":"https:\/\/prograss.eu\/wp-json\/wp\/v2\/types\/page"}],"author":[{"embeddable":true,"href":"https:\/\/prograss.eu\/wp-json\/wp\/v2\/users\/1"}],"replies":[{"embeddable":true,"href":"https:\/\/prograss.eu\/wp-json\/wp\/v2\/comments?post=491"}],"version-history":[{"count":3,"href":"https:\/\/prograss.eu\/wp-json\/wp\/v2\/pages\/491\/revisions"}],"predecessor-version":[{"id":731,"href":"https:\/\/prograss.eu\/wp-json\/wp\/v2\/pages\/491\/revisions\/731"}],"up":[{"embeddable":true,"href":"https:\/\/prograss.eu\/wp-json\/wp\/v2\/pages\/8"}],"wp:attachment":[{"href":"https:\/\/prograss.eu\/wp-json\/wp\/v2\/media?parent=491"}],"curies":[{"name":"wp","href":"https:\/\/api.w.org\/{rel}","templated":true}]}}