{"id":495,"date":"2017-10-20T07:08:58","date_gmt":"2017-10-20T07:08:58","guid":{"rendered":"http:\/\/prograss.eu\/?page_id=495"},"modified":"2017-10-20T07:08:58","modified_gmt":"2017-10-20T07:08:58","slug":"partner-institutions","status":"publish","type":"page","link":"https:\/\/prograss.eu\/de\/home\/partner-institutions\/","title":{"rendered":"PARTNERSCHAFT"},"content":{"rendered":"<div class=\"csc-header csc-header-n1\">\n<div class=\"csc-header csc-header-n1\">\n<h3 class=\"csc-firstHeader\">Die PROGRASS Partnerschaft<\/h3>\n<\/div>\n<p class=\"bodytext\"><span lang=\"EN-GB\">Die Partner im Einzelnen:<\/span><\/p>\n<ol start=\"1\" type=\"1\">\n<li><span lang=\"EN-GB\">Universit\u00e4t Kassel<\/span><\/li>\n<\/ol>\n<ol start=\"1\" type=\"1\">\n<li style=\"list-style-type: none;\">\n<ul type=\"disc\">\n<li><span lang=\"EN-GB\">Fachgebiet Gr\u00fcnlandwissenschaft und Nachwachsende Rohstoffe<br \/>\n(Prof. M. Wachendorf)<\/span><\/li>\n<li><span lang=\"EN-GB\">Fachgebiet Betriebswirtschaft (Prof. D. M\u00f6ller)<\/span><\/li>\n<\/ul>\n<\/li>\n<\/ol>\n<ol start=\"2\" type=\"1\">\n<li><span lang=\"EN-GB\">Landratsamt Vogelsberg Region (L. Kock)<\/span><\/li>\n<li>Institute of Grassland<span lang=\"EN-GB\"> and Environmental Research (IBERS, Dr. I. Donnison)<\/span><\/li>\n<li>Estonian University<span lang=\"EN-GB\"> of Life Sciences (EMU, Dr. K. Heinsoo)<\/span><\/li>\n<li><span lang=\"EN-GB\">Universit\u00e4t Bonn (UB, Prof. S\u00fcdekum)<\/span><\/li>\n<li><span lang=\"EN-GB\">blinc eG<\/span><\/li>\n<li><span lang=\"EN-GB\">MAWERA\/Viessmann group (VM)<\/span><\/li>\n<li><span lang=\"EN-GB\">Hessisches Minuisterium f\u00fcr Umwelt, Ern\u00e4hrung, Landwirtschaft und verbraucherschutz (HMUELV)<\/span><\/li>\n<li>BUPNET GmbH, G\u00f6ttingen<\/li>\n<\/ol>\n<\/div>\n","protected":false},"excerpt":{"rendered":"<p>Die PROGRASS Partnerschaft Die Partner im Einzelnen: Universit\u00e4t Kassel Fachgebiet Gr\u00fcnlandwissenschaft und Nachwachsende Rohstoffe (Prof. M. Wachendorf) Fachgebiet Betriebswirtschaft (Prof. D. M\u00f6ller) Landratsamt Vogelsberg Region (L. Kock) Institute of Grassland and Environmental Research (IBERS, Dr. I. Donnison) Estonian University of Life Sciences (EMU, Dr. K. Heinsoo) Universit\u00e4t Bonn (UB, Prof. S\u00fcdekum) blinc eG MAWERA\/Viessmann group [&hellip;]<\/p>\n","protected":false},"author":1,"featured_media":0,"parent":8,"menu_order":0,"comment_status":"closed","ping_status":"closed","template":"","meta":{"ocean_post_layout":"","ocean_both_sidebars_style":"","ocean_both_sidebars_content_width":0,"ocean_both_sidebars_sidebars_width":0,"ocean_sidebar":"","ocean_second_sidebar":"","ocean_disable_margins":"enable","ocean_add_body_class":"","ocean_shortcode_before_top_bar":"","ocean_shortcode_after_top_bar":"","ocean_shortcode_before_header":"","ocean_shortcode_after_header":"","ocean_has_shortcode":"","ocean_shortcode_after_title":"","ocean_shortcode_before_footer_widgets":"","ocean_shortcode_after_footer_widgets":"","ocean_shortcode_before_footer_bottom":"","ocean_shortcode_after_footer_bottom":"","ocean_display_top_bar":"default","ocean_display_header":"default","ocean_header_style":"","ocean_center_header_left_menu":"","ocean_custom_header_template":"","ocean_custom_logo":0,"ocean_custom_retina_logo":0,"ocean_custom_logo_max_width":0,"ocean_custom_logo_tablet_max_width":0,"ocean_custom_logo_mobile_max_width":0,"ocean_custom_logo_max_height":0,"ocean_custom_logo_tablet_max_height":0,"ocean_custom_logo_mobile_max_height":0,"ocean_header_custom_menu":"","ocean_menu_typo_font_family":"","ocean_menu_typo_font_subset":"","ocean_menu_typo_font_size":0,"ocean_menu_typo_font_size_tablet":0,"ocean_menu_typo_font_size_mobile":0,"ocean_menu_typo_font_size_unit":"px","ocean_menu_typo_font_weight":"","ocean_menu_typo_font_weight_tablet":"","ocean_menu_typo_font_weight_mobile":"","ocean_menu_typo_transform":"","ocean_menu_typo_transform_tablet":"","ocean_menu_typo_transform_mobile":"","ocean_menu_typo_line_height":0,"ocean_menu_typo_line_height_tablet":0,"ocean_menu_typo_line_height_mobile":0,"ocean_menu_typo_line_height_unit":"","ocean_menu_typo_spacing":0,"ocean_menu_typo_spacing_tablet":0,"ocean_menu_typo_spacing_mobile":0,"ocean_menu_typo_spacing_unit":"","ocean_menu_link_color":"","ocean_menu_link_color_hover":"","ocean_menu_link_color_active":"","ocean_menu_link_background":"","ocean_menu_link_hover_background":"","ocean_menu_link_active_background":"","ocean_menu_social_links_bg":"","ocean_menu_social_hover_links_bg":"","ocean_menu_social_links_color":"","ocean_menu_social_hover_links_color":"","ocean_disable_title":"default","ocean_disable_heading":"default","ocean_post_title":"","ocean_post_subheading":"","ocean_post_title_style":"","ocean_post_title_background_color":"","ocean_post_title_background":0,"ocean_post_title_bg_image_position":"","ocean_post_title_bg_image_attachment":"","ocean_post_title_bg_image_repeat":"","ocean_post_title_bg_image_size":"","ocean_post_title_height":0,"ocean_post_title_bg_overlay":0.5,"ocean_post_title_bg_overlay_color":"","ocean_disable_breadcrumbs":"default","ocean_breadcrumbs_color":"","ocean_breadcrumbs_separator_color":"","ocean_breadcrumbs_links_color":"","ocean_breadcrumbs_links_hover_color":"","ocean_display_footer_widgets":"default","ocean_display_footer_bottom":"default","ocean_custom_footer_template":"","_locale":"de_DE","_original_post":"38","footnotes":""},"class_list":["post-495","page","type-page","status-publish","hentry","de-DE","entry"],"_links":{"self":[{"href":"https:\/\/prograss.eu\/wp-json\/wp\/v2\/pages\/495","targetHints":{"allow":["GET"]}}],"collection":[{"href":"https:\/\/prograss.eu\/wp-json\/wp\/v2\/pages"}],"about":[{"href":"https:\/\/prograss.eu\/wp-json\/wp\/v2\/types\/page"}],"author":[{"embeddable":true,"href":"https:\/\/prograss.eu\/wp-json\/wp\/v2\/users\/1"}],"replies":[{"embeddable":true,"href":"https:\/\/prograss.eu\/wp-json\/wp\/v2\/comments?post=495"}],"version-history":[{"count":1,"href":"https:\/\/prograss.eu\/wp-json\/wp\/v2\/pages\/495\/revisions"}],"predecessor-version":[{"id":496,"href":"https:\/\/prograss.eu\/wp-json\/wp\/v2\/pages\/495\/revisions\/496"}],"up":[{"embeddable":true,"href":"https:\/\/prograss.eu\/wp-json\/wp\/v2\/pages\/8"}],"wp:attachment":[{"href":"https:\/\/prograss.eu\/wp-json\/wp\/v2\/media?parent=495"}],"curies":[{"name":"wp","href":"https:\/\/api.w.org\/{rel}","templated":true}]}}