{"id":501,"date":"2017-10-20T07:16:17","date_gmt":"2017-10-20T07:16:17","guid":{"rendered":"http:\/\/prograss.eu\/?page_id=501"},"modified":"2017-10-20T07:16:17","modified_gmt":"2017-10-20T07:16:17","slug":"vogelsberg-county","status":"publish","type":"page","link":"https:\/\/prograss.eu\/de\/home\/partner-institutions\/vogelsberg-county\/","title":{"rendered":"Landkreis Vogelsberg"},"content":{"rendered":"<div id=\"content\">\n<div id=\"c182\" class=\"csc-default\">\n<div class=\"csc-header csc-header-n1\">Das Amt f\u00fcr den l\u00e4ndlichen Raum (ALR) des Landkreises Vogelsberg ist verantwortlich f\u00fcr die Gebietsentwicklung, Landschaftsschutz sowie f\u00fcr die Landwirtschaft allgemein. Seit 1990 sind europ\u00e4ische Entwicklungspl\u00e4ne eine bedeutende Angelegenheit f\u00fcr das ALR (z.B. LEADER I und II und LEADER+).<\/div>\n<div class=\"csc-textpic csc-textpic-intext-right\">\n<div class=\"csc-textpic-text\">\n<p class=\"bodytext\"><span lang=\"EN-GB\">Bei PROGRASS koordiniert die Verwaltung des Landkreises Vogelsberg die regionalen Aktivit\u00e4ten in Verbindung mit dem Fl\u00e4chenmanagement, der Unterst\u00fctzung in Bezug auf die regionalen Interessensgruppen und der Vernetzung.<\/span><\/p>\n<p><img decoding=\"async\" class=\"alignnone wp-image-242\" src=\"http:\/\/prograss.eu\/wp-content\/uploads\/2017\/10\/Muetze_02-236x300.png\" alt=\"\" width=\"157\" height=\"200\" srcset=\"https:\/\/prograss.eu\/wp-content\/uploads\/2017\/10\/Muetze_02-236x300.png 236w, https:\/\/prograss.eu\/wp-content\/uploads\/2017\/10\/Muetze_02.png 307w\" sizes=\"(max-width: 157px) 100vw, 157px\" \/><img decoding=\"async\" class=\"alignnone wp-image-229\" src=\"http:\/\/prograss.eu\/wp-content\/uploads\/2017\/10\/LK_02-240x300.png\" alt=\"\" width=\"159\" height=\"199\" srcset=\"https:\/\/prograss.eu\/wp-content\/uploads\/2017\/10\/LK_02-240x300.png 240w, https:\/\/prograss.eu\/wp-content\/uploads\/2017\/10\/LK_02.png 312w\" sizes=\"(max-width: 159px) 100vw, 159px\" \/><img decoding=\"async\" class=\"alignnone wp-image-276\" src=\"http:\/\/prograss.eu\/wp-content\/uploads\/2017\/10\/vb3_02-229x300.png\" alt=\"\" width=\"152\" height=\"200\" srcset=\"https:\/\/prograss.eu\/wp-content\/uploads\/2017\/10\/vb3_02-229x300.png 229w, https:\/\/prograss.eu\/wp-content\/uploads\/2017\/10\/vb3_02.png 307w\" sizes=\"(max-width: 152px) 100vw, 152px\" \/><\/p>\n<p>&nbsp;<\/p>\n<p class=\"bodytext\"><b>Projekt Team<\/b><\/p>\n<p class=\"bodytext\">Karl-Peter M\u00fctze<\/p>\n<p class=\"bodytext\">Lorenz Kock<\/p>\n<p class=\"bodytext\">Joachim Sch\u00f6nfeld<\/p>\n<p class=\"bodytext\"><b>Addresse<\/b><\/p>\n<p class=\"bodytext\">Vogelsbergkreis<\/p>\n<p class=\"bodytext\">Goldhelg<\/p>\n<p class=\"bodytext\">36341 Lauterbach<\/p>\n<p class=\"bodytext\"><b>Web<\/b><\/p>\n<p class=\"bodytext\"><a href=\"http:\/\/www.vogelsbergkreis.de\/\" target=\"_blank\" rel=\"noopener\">www.vogelsbergkreis.de<\/a><\/p>\n<p class=\"bodytext\">\n<\/div>\n<\/div>\n<div class=\"csc-textpic-clear\"><\/div>\n<\/div>\n<\/div>\n<div id=\"footer\"><\/div>\n","protected":false},"excerpt":{"rendered":"<p>Das Amt f\u00fcr den l\u00e4ndlichen Raum (ALR) des Landkreises Vogelsberg ist verantwortlich f\u00fcr die Gebietsentwicklung, Landschaftsschutz sowie f\u00fcr die Landwirtschaft allgemein. Seit 1990 sind europ\u00e4ische Entwicklungspl\u00e4ne eine bedeutende Angelegenheit f\u00fcr das ALR (z.B. LEADER I und II und LEADER+). Bei PROGRASS koordiniert die Verwaltung des Landkreises Vogelsberg die regionalen Aktivit\u00e4ten in Verbindung mit dem Fl\u00e4chenmanagement, [&hellip;]<\/p>\n","protected":false},"author":1,"featured_media":0,"parent":495,"menu_order":0,"comment_status":"closed","ping_status":"closed","template":"","meta":{"ocean_post_layout":"","ocean_both_sidebars_style":"","ocean_both_sidebars_content_width":0,"ocean_both_sidebars_sidebars_width":0,"ocean_sidebar":"","ocean_second_sidebar":"","ocean_disable_margins":"enable","ocean_add_body_class":"","ocean_shortcode_before_top_bar":"","ocean_shortcode_after_top_bar":"","ocean_shortcode_before_header":"","ocean_shortcode_after_header":"","ocean_has_shortcode":"","ocean_shortcode_after_title":"","ocean_shortcode_before_footer_widgets":"","ocean_shortcode_after_footer_widgets":"","ocean_shortcode_before_footer_bottom":"","ocean_shortcode_after_footer_bottom":"","ocean_display_top_bar":"default","ocean_display_header":"default","ocean_header_style":"","ocean_center_header_left_menu":"","ocean_custom_header_template":"","ocean_custom_logo":0,"ocean_custom_retina_logo":0,"ocean_custom_logo_max_width":0,"ocean_custom_logo_tablet_max_width":0,"ocean_custom_logo_mobile_max_width":0,"ocean_custom_logo_max_height":0,"ocean_custom_logo_tablet_max_height":0,"ocean_custom_logo_mobile_max_height":0,"ocean_header_custom_menu":"","ocean_menu_typo_font_family":"","ocean_menu_typo_font_subset":"","ocean_menu_typo_font_size":0,"ocean_menu_typo_font_size_tablet":0,"ocean_menu_typo_font_size_mobile":0,"ocean_menu_typo_font_size_unit":"px","ocean_menu_typo_font_weight":"","ocean_menu_typo_font_weight_tablet":"","ocean_menu_typo_font_weight_mobile":"","ocean_menu_typo_transform":"","ocean_menu_typo_transform_tablet":"","ocean_menu_typo_transform_mobile":"","ocean_menu_typo_line_height":0,"ocean_menu_typo_line_height_tablet":0,"ocean_menu_typo_line_height_mobile":0,"ocean_menu_typo_line_height_unit":"","ocean_menu_typo_spacing":0,"ocean_menu_typo_spacing_tablet":0,"ocean_menu_typo_spacing_mobile":0,"ocean_menu_typo_spacing_unit":"","ocean_menu_link_color":"","ocean_menu_link_color_hover":"","ocean_menu_link_color_active":"","ocean_menu_link_background":"","ocean_menu_link_hover_background":"","ocean_menu_link_active_background":"","ocean_menu_social_links_bg":"","ocean_menu_social_hover_links_bg":"","ocean_menu_social_links_color":"","ocean_menu_social_hover_links_color":"","ocean_disable_title":"default","ocean_disable_heading":"default","ocean_post_title":"","ocean_post_subheading":"","ocean_post_title_style":"","ocean_post_title_background_color":"","ocean_post_title_background":0,"ocean_post_title_bg_image_position":"","ocean_post_title_bg_image_attachment":"","ocean_post_title_bg_image_repeat":"","ocean_post_title_bg_image_size":"","ocean_post_title_height":0,"ocean_post_title_bg_overlay":0.5,"ocean_post_title_bg_overlay_color":"","ocean_disable_breadcrumbs":"default","ocean_breadcrumbs_color":"","ocean_breadcrumbs_separator_color":"","ocean_breadcrumbs_links_color":"","ocean_breadcrumbs_links_hover_color":"","ocean_display_footer_widgets":"default","ocean_display_footer_bottom":"default","ocean_custom_footer_template":"","_locale":"de_DE","_original_post":"44","footnotes":""},"class_list":["post-501","page","type-page","status-publish","hentry","de-DE","entry"],"_links":{"self":[{"href":"https:\/\/prograss.eu\/wp-json\/wp\/v2\/pages\/501","targetHints":{"allow":["GET"]}}],"collection":[{"href":"https:\/\/prograss.eu\/wp-json\/wp\/v2\/pages"}],"about":[{"href":"https:\/\/prograss.eu\/wp-json\/wp\/v2\/types\/page"}],"author":[{"embeddable":true,"href":"https:\/\/prograss.eu\/wp-json\/wp\/v2\/users\/1"}],"replies":[{"embeddable":true,"href":"https:\/\/prograss.eu\/wp-json\/wp\/v2\/comments?post=501"}],"version-history":[{"count":1,"href":"https:\/\/prograss.eu\/wp-json\/wp\/v2\/pages\/501\/revisions"}],"predecessor-version":[{"id":502,"href":"https:\/\/prograss.eu\/wp-json\/wp\/v2\/pages\/501\/revisions\/502"}],"up":[{"embeddable":true,"href":"https:\/\/prograss.eu\/wp-json\/wp\/v2\/pages\/495"}],"wp:attachment":[{"href":"https:\/\/prograss.eu\/wp-json\/wp\/v2\/media?parent=501"}],"curies":[{"name":"wp","href":"https:\/\/api.w.org\/{rel}","templated":true}]}}