{"id":503,"date":"2017-10-20T07:19:01","date_gmt":"2017-10-20T07:19:01","guid":{"rendered":"http:\/\/prograss.eu\/?page_id=503"},"modified":"2017-10-20T07:19:01","modified_gmt":"2017-10-20T07:19:01","slug":"ibers","status":"publish","type":"page","link":"https:\/\/prograss.eu\/de\/home\/partner-institutions\/ibers\/","title":{"rendered":"IBERS"},"content":{"rendered":"<div id=\"content\">\n<div id=\"c9\" class=\"csc-default\">\n<div class=\"csc-header csc-header-n1\">\n<h4 class=\"csc-firstHeader\">Universit\u00e4t Aberystwyth<\/h4>\n<\/div>\n<div class=\"csc-textpic csc-textpic-intext-right\">\n<div class=\"csc-textpic-text\">\n<p class=\"bodytext\">Das Institute of Biological, Environmental &amp; Rural Sciences (IBERS) wurde als Zusammenschluss von IGER (Institute of Grassland and Environmental Research) und zwei Fachbereichen der Universit\u00e4t von Aberystwyth gegr\u00fcndet.<\/p>\n<p class=\"bodytext\">IBERS ist verantwortlich f\u00fcr den walisischen Teil des Projekts und bringt sein Fachwissen vorwiegend in den Arbeitspaketen 2 und 3 ein.<\/p>\n<p><img decoding=\"async\" class=\"alignnone wp-image-220\" src=\"http:\/\/prograss.eu\/wp-content\/uploads\/2017\/10\/ID_02-238x300.png\" alt=\"\" width=\"159\" height=\"200\" srcset=\"https:\/\/prograss.eu\/wp-content\/uploads\/2017\/10\/ID_02-238x300.png 238w, https:\/\/prograss.eu\/wp-content\/uploads\/2017\/10\/ID_02.png 310w\" sizes=\"(max-width: 159px) 100vw, 159px\" \/><img decoding=\"async\" class=\"alignnone wp-image-223\" src=\"http:\/\/prograss.eu\/wp-content\/uploads\/2017\/10\/jv_02-236x300.png\" alt=\"\" width=\"158\" height=\"201\" srcset=\"https:\/\/prograss.eu\/wp-content\/uploads\/2017\/10\/jv_02-236x300.png 236w, https:\/\/prograss.eu\/wp-content\/uploads\/2017\/10\/jv_02.png 307w\" sizes=\"(max-width: 158px) 100vw, 158px\" \/><img decoding=\"async\" class=\"alignnone wp-image-222\" src=\"http:\/\/prograss.eu\/wp-content\/uploads\/2017\/10\/jc_02-206x300.png\" alt=\"\" width=\"137\" height=\"200\" srcset=\"https:\/\/prograss.eu\/wp-content\/uploads\/2017\/10\/jc_02-206x300.png 206w, https:\/\/prograss.eu\/wp-content\/uploads\/2017\/10\/jc_02.png 400w\" sizes=\"(max-width: 137px) 100vw, 137px\" \/><\/p>\n<p class=\"bodytext\"><b>Projektteam<\/b><\/p>\n<p class=\"bodytext\">Dr. Iain Donnison<\/p>\n<p class=\"bodytext\">Jim Veil<\/p>\n<p class=\"bodytext\">John Corton<\/p>\n<p class=\"bodytext\">Mariecia Fraser<\/p>\n<p class=\"bodytext\"><b>Adresse<\/b><\/p>\n<p class=\"bodytext\">Institute of Grassland <span lang=\"EN-GB\">&amp; Environmental Research <\/span><\/p>\n<p class=\"bodytext\"><span lang=\"EN-GB\">Aberystwyth <\/span><\/p>\n<p class=\"bodytext\">SY23 3EB<\/p>\n<p class=\"bodytext\"><b>E-Mail<\/b><\/p>\n<p class=\"bodytext\"><a class=\"mail\" title=\"Opens window for sending email\" href=\"mailto:jev@aber.ac.uk\">jev@ aber.ac.uk <\/a><\/p>\n<p class=\"bodytext\"><b>Internet<\/b><\/p>\n<p class=\"bodytext\"><a href=\"http:\/\/www.aber.ac.uk\/en\/ibers\/\" target=\"_blank\" rel=\"noopener\">www.aber.ac.uk\/en\/ibers\/<\/a><\/p>\n<\/div>\n<\/div>\n<div class=\"csc-textpic-clear\"><\/div>\n<\/div>\n<\/div>\n<div id=\"footer\"><\/div>\n","protected":false},"excerpt":{"rendered":"<p>Universit\u00e4t Aberystwyth Das Institute of Biological, Environmental &amp; Rural Sciences (IBERS) wurde als Zusammenschluss von IGER (Institute of Grassland and Environmental Research) und zwei Fachbereichen der Universit\u00e4t von Aberystwyth gegr\u00fcndet. IBERS ist verantwortlich f\u00fcr den walisischen Teil des Projekts und bringt sein Fachwissen vorwiegend in den Arbeitspaketen 2 und 3 ein. Projektteam Dr. Iain Donnison [&hellip;]<\/p>\n","protected":false},"author":1,"featured_media":0,"parent":495,"menu_order":0,"comment_status":"closed","ping_status":"closed","template":"","meta":{"ocean_post_layout":"","ocean_both_sidebars_style":"","ocean_both_sidebars_content_width":0,"ocean_both_sidebars_sidebars_width":0,"ocean_sidebar":"","ocean_second_sidebar":"","ocean_disable_margins":"enable","ocean_add_body_class":"","ocean_shortcode_before_top_bar":"","ocean_shortcode_after_top_bar":"","ocean_shortcode_before_header":"","ocean_shortcode_after_header":"","ocean_has_shortcode":"","ocean_shortcode_after_title":"","ocean_shortcode_before_footer_widgets":"","ocean_shortcode_after_footer_widgets":"","ocean_shortcode_before_footer_bottom":"","ocean_shortcode_after_footer_bottom":"","ocean_display_top_bar":"default","ocean_display_header":"default","ocean_header_style":"","ocean_center_header_left_menu":"","ocean_custom_header_template":"","ocean_custom_logo":0,"ocean_custom_retina_logo":0,"ocean_custom_logo_max_width":0,"ocean_custom_logo_tablet_max_width":0,"ocean_custom_logo_mobile_max_width":0,"ocean_custom_logo_max_height":0,"ocean_custom_logo_tablet_max_height":0,"ocean_custom_logo_mobile_max_height":0,"ocean_header_custom_menu":"","ocean_menu_typo_font_family":"","ocean_menu_typo_font_subset":"","ocean_menu_typo_font_size":0,"ocean_menu_typo_font_size_tablet":0,"ocean_menu_typo_font_size_mobile":0,"ocean_menu_typo_font_size_unit":"px","ocean_menu_typo_font_weight":"","ocean_menu_typo_font_weight_tablet":"","ocean_menu_typo_font_weight_mobile":"","ocean_menu_typo_transform":"","ocean_menu_typo_transform_tablet":"","ocean_menu_typo_transform_mobile":"","ocean_menu_typo_line_height":0,"ocean_menu_typo_line_height_tablet":0,"ocean_menu_typo_line_height_mobile":0,"ocean_menu_typo_line_height_unit":"","ocean_menu_typo_spacing":0,"ocean_menu_typo_spacing_tablet":0,"ocean_menu_typo_spacing_mobile":0,"ocean_menu_typo_spacing_unit":"","ocean_menu_link_color":"","ocean_menu_link_color_hover":"","ocean_menu_link_color_active":"","ocean_menu_link_background":"","ocean_menu_link_hover_background":"","ocean_menu_link_active_background":"","ocean_menu_social_links_bg":"","ocean_menu_social_hover_links_bg":"","ocean_menu_social_links_color":"","ocean_menu_social_hover_links_color":"","ocean_disable_title":"default","ocean_disable_heading":"default","ocean_post_title":"","ocean_post_subheading":"","ocean_post_title_style":"","ocean_post_title_background_color":"","ocean_post_title_background":0,"ocean_post_title_bg_image_position":"","ocean_post_title_bg_image_attachment":"","ocean_post_title_bg_image_repeat":"","ocean_post_title_bg_image_size":"","ocean_post_title_height":0,"ocean_post_title_bg_overlay":0.5,"ocean_post_title_bg_overlay_color":"","ocean_disable_breadcrumbs":"default","ocean_breadcrumbs_color":"","ocean_breadcrumbs_separator_color":"","ocean_breadcrumbs_links_color":"","ocean_breadcrumbs_links_hover_color":"","ocean_display_footer_widgets":"default","ocean_display_footer_bottom":"default","ocean_custom_footer_template":"","_locale":"de_DE","_original_post":"46","footnotes":""},"class_list":["post-503","page","type-page","status-publish","hentry","de-DE","entry"],"_links":{"self":[{"href":"https:\/\/prograss.eu\/wp-json\/wp\/v2\/pages\/503","targetHints":{"allow":["GET"]}}],"collection":[{"href":"https:\/\/prograss.eu\/wp-json\/wp\/v2\/pages"}],"about":[{"href":"https:\/\/prograss.eu\/wp-json\/wp\/v2\/types\/page"}],"author":[{"embeddable":true,"href":"https:\/\/prograss.eu\/wp-json\/wp\/v2\/users\/1"}],"replies":[{"embeddable":true,"href":"https:\/\/prograss.eu\/wp-json\/wp\/v2\/comments?post=503"}],"version-history":[{"count":1,"href":"https:\/\/prograss.eu\/wp-json\/wp\/v2\/pages\/503\/revisions"}],"predecessor-version":[{"id":504,"href":"https:\/\/prograss.eu\/wp-json\/wp\/v2\/pages\/503\/revisions\/504"}],"up":[{"embeddable":true,"href":"https:\/\/prograss.eu\/wp-json\/wp\/v2\/pages\/495"}],"wp:attachment":[{"href":"https:\/\/prograss.eu\/wp-json\/wp\/v2\/media?parent=503"}],"curies":[{"name":"wp","href":"https:\/\/api.w.org\/{rel}","templated":true}]}}