{"id":509,"date":"2017-10-20T07:22:55","date_gmt":"2017-10-20T07:22:55","guid":{"rendered":"http:\/\/prograss.eu\/?page_id=509"},"modified":"2017-10-20T07:22:55","modified_gmt":"2017-10-20T07:22:55","slug":"blinc","status":"publish","type":"page","link":"https:\/\/prograss.eu\/de\/home\/partner-institutions\/blinc\/","title":{"rendered":"BLINC"},"content":{"rendered":"<div class=\"csc-header csc-header-n1\">\n<h3 class=\"csc-firstHeader\">blinc eG<\/h3>\n<\/div>\n<div class=\"csc-textpic csc-textpic-intext-right\">\n<div class=\"csc-textpic-text\">\n<p class=\"bodytext\"><img decoding=\"async\" class=\" wp-image-232 alignright\" src=\"http:\/\/prograss.eu\/wp-content\/uploads\/2017\/10\/Logo_print_1000px_05-300x180.gif\" alt=\"\" width=\"163\" height=\"98\" srcset=\"https:\/\/prograss.eu\/wp-content\/uploads\/2017\/10\/Logo_print_1000px_05-300x180.gif 300w, https:\/\/prograss.eu\/wp-content\/uploads\/2017\/10\/Logo_print_1000px_05-768x461.gif 768w\" sizes=\"(max-width: 163px) 100vw, 163px\" \/>blinc eG ist eine Genossenschaft von Bildungsinstituten, die auf virtuelle Kommunikation und europ\u00e4ische Netzwerkaktivit\u00e4ten spezialisiert sind.<\/p>\n<p class=\"bodytext\">Im Rahmen von PROGRASS is blinc verantwortlich f\u00fcr das Arbeitspaket 4, die Inwertsetzung und Verbreitung der Projektergebnisse, vor allem das Corporate Design, Informationsvermittlung, Medienentwicklung, Netzwerkaktivit\u00e4ten und Kommunikation.<\/p>\n<p><img decoding=\"async\" class=\"alignnone wp-image-199\" src=\"http:\/\/prograss.eu\/wp-content\/uploads\/2017\/10\/daniela_02-246x300.jpg\" alt=\"\" width=\"164\" height=\"200\" srcset=\"https:\/\/prograss.eu\/wp-content\/uploads\/2017\/10\/daniela_02-246x300.jpg 246w, https:\/\/prograss.eu\/wp-content\/uploads\/2017\/10\/daniela_02.jpg 517w\" sizes=\"(max-width: 164px) 100vw, 164px\" \/><img decoding=\"async\" class=\"alignnone wp-image-166\" src=\"http:\/\/prograss.eu\/wp-content\/uploads\/2017\/10\/barbara1a_02-225x300.jpg\" alt=\"\" width=\"150\" height=\"200\" srcset=\"https:\/\/prograss.eu\/wp-content\/uploads\/2017\/10\/barbara1a_02-225x300.jpg 225w, https:\/\/prograss.eu\/wp-content\/uploads\/2017\/10\/barbara1a_02.jpg 300w\" sizes=\"(max-width: 150px) 100vw, 150px\" \/><\/p>\n<p class=\"bodytext\"><b>Mitarbeiterinnen im Projekt<br \/>\n<\/b><\/p>\n<p class=\"bodytext\">Daniela Schwenke<\/p>\n<p class=\"bodytext\">Barbara Fisahn<\/p>\n<p class=\"bodytext\"><b>Adresse<\/b><\/p>\n<p class=\"bodytext\">Bertheaustr. 10<\/p>\n<p class=\"bodytext\">37075 G\u00f6ttingen<\/p>\n<p class=\"bodytext\"><b>Web<\/b><\/p>\n<p class=\"bodytext\"><a class=\"external-link-new-window\" title=\"Opens external link in new window\" href=\"http:\/\/www.blinc-eu.org\/\" target=\"_blank\" rel=\"noopener\">http:\/\/www.blinc-eu.org<\/a><\/p>\n<\/div>\n<\/div>\n","protected":false},"excerpt":{"rendered":"<p>blinc eG blinc eG ist eine Genossenschaft von Bildungsinstituten, die auf virtuelle Kommunikation und europ\u00e4ische Netzwerkaktivit\u00e4ten spezialisiert sind. Im Rahmen von PROGRASS is blinc verantwortlich f\u00fcr das Arbeitspaket 4, die Inwertsetzung und Verbreitung der Projektergebnisse, vor allem das Corporate Design, Informationsvermittlung, Medienentwicklung, Netzwerkaktivit\u00e4ten und Kommunikation. Mitarbeiterinnen im Projekt Daniela Schwenke Barbara Fisahn Adresse Bertheaustr. 10 [&hellip;]<\/p>\n","protected":false},"author":1,"featured_media":0,"parent":495,"menu_order":0,"comment_status":"closed","ping_status":"closed","template":"","meta":{"ocean_post_layout":"","ocean_both_sidebars_style":"","ocean_both_sidebars_content_width":0,"ocean_both_sidebars_sidebars_width":0,"ocean_sidebar":"","ocean_second_sidebar":"","ocean_disable_margins":"enable","ocean_add_body_class":"","ocean_shortcode_before_top_bar":"","ocean_shortcode_after_top_bar":"","ocean_shortcode_before_header":"","ocean_shortcode_after_header":"","ocean_has_shortcode":"","ocean_shortcode_after_title":"","ocean_shortcode_before_footer_widgets":"","ocean_shortcode_after_footer_widgets":"","ocean_shortcode_before_footer_bottom":"","ocean_shortcode_after_footer_bottom":"","ocean_display_top_bar":"default","ocean_display_header":"default","ocean_header_style":"","ocean_center_header_left_menu":"","ocean_custom_header_template":"","ocean_custom_logo":0,"ocean_custom_retina_logo":0,"ocean_custom_logo_max_width":0,"ocean_custom_logo_tablet_max_width":0,"ocean_custom_logo_mobile_max_width":0,"ocean_custom_logo_max_height":0,"ocean_custom_logo_tablet_max_height":0,"ocean_custom_logo_mobile_max_height":0,"ocean_header_custom_menu":"","ocean_menu_typo_font_family":"","ocean_menu_typo_font_subset":"","ocean_menu_typo_font_size":0,"ocean_menu_typo_font_size_tablet":0,"ocean_menu_typo_font_size_mobile":0,"ocean_menu_typo_font_size_unit":"px","ocean_menu_typo_font_weight":"","ocean_menu_typo_font_weight_tablet":"","ocean_menu_typo_font_weight_mobile":"","ocean_menu_typo_transform":"","ocean_menu_typo_transform_tablet":"","ocean_menu_typo_transform_mobile":"","ocean_menu_typo_line_height":0,"ocean_menu_typo_line_height_tablet":0,"ocean_menu_typo_line_height_mobile":0,"ocean_menu_typo_line_height_unit":"","ocean_menu_typo_spacing":0,"ocean_menu_typo_spacing_tablet":0,"ocean_menu_typo_spacing_mobile":0,"ocean_menu_typo_spacing_unit":"","ocean_menu_link_color":"","ocean_menu_link_color_hover":"","ocean_menu_link_color_active":"","ocean_menu_link_background":"","ocean_menu_link_hover_background":"","ocean_menu_link_active_background":"","ocean_menu_social_links_bg":"","ocean_menu_social_hover_links_bg":"","ocean_menu_social_links_color":"","ocean_menu_social_hover_links_color":"","ocean_disable_title":"default","ocean_disable_heading":"default","ocean_post_title":"","ocean_post_subheading":"","ocean_post_title_style":"","ocean_post_title_background_color":"","ocean_post_title_background":0,"ocean_post_title_bg_image_position":"","ocean_post_title_bg_image_attachment":"","ocean_post_title_bg_image_repeat":"","ocean_post_title_bg_image_size":"","ocean_post_title_height":0,"ocean_post_title_bg_overlay":0.5,"ocean_post_title_bg_overlay_color":"","ocean_disable_breadcrumbs":"default","ocean_breadcrumbs_color":"","ocean_breadcrumbs_separator_color":"","ocean_breadcrumbs_links_color":"","ocean_breadcrumbs_links_hover_color":"","ocean_display_footer_widgets":"default","ocean_display_footer_bottom":"default","ocean_custom_footer_template":"","_locale":"de_DE","_original_post":"52","footnotes":""},"class_list":["post-509","page","type-page","status-publish","hentry","de-DE","entry"],"_links":{"self":[{"href":"https:\/\/prograss.eu\/wp-json\/wp\/v2\/pages\/509","targetHints":{"allow":["GET"]}}],"collection":[{"href":"https:\/\/prograss.eu\/wp-json\/wp\/v2\/pages"}],"about":[{"href":"https:\/\/prograss.eu\/wp-json\/wp\/v2\/types\/page"}],"author":[{"embeddable":true,"href":"https:\/\/prograss.eu\/wp-json\/wp\/v2\/users\/1"}],"replies":[{"embeddable":true,"href":"https:\/\/prograss.eu\/wp-json\/wp\/v2\/comments?post=509"}],"version-history":[{"count":1,"href":"https:\/\/prograss.eu\/wp-json\/wp\/v2\/pages\/509\/revisions"}],"predecessor-version":[{"id":510,"href":"https:\/\/prograss.eu\/wp-json\/wp\/v2\/pages\/509\/revisions\/510"}],"up":[{"embeddable":true,"href":"https:\/\/prograss.eu\/wp-json\/wp\/v2\/pages\/495"}],"wp:attachment":[{"href":"https:\/\/prograss.eu\/wp-json\/wp\/v2\/media?parent=509"}],"curies":[{"name":"wp","href":"https:\/\/api.w.org\/{rel}","templated":true}]}}