{"id":511,"date":"2017-10-20T07:24:06","date_gmt":"2017-10-20T07:24:06","guid":{"rendered":"http:\/\/prograss.eu\/?page_id=511"},"modified":"2017-10-20T07:24:06","modified_gmt":"2017-10-20T07:24:06","slug":"hessen-county","status":"publish","type":"page","link":"https:\/\/prograss.eu\/de\/home\/partner-institutions\/hessen-county\/","title":{"rendered":"LAND HESSEN"},"content":{"rendered":"<div class=\"csc-header csc-header-n1\">\n<h3 class=\"csc-firstHeader\">Hessisches Ministerium f\u00fcr Umwelt, Energie, Landwirtschaft und Verbraucherschutz (HMUELV)<\/h3>\n<\/div>\n<div class=\"csc-textpic csc-textpic-intext-right\">\n<div class=\"csc-textpic-text\">\n<p class=\"bodytext\">Das Hessische Ministerium f\u00fcr Umwelt, Energie, Landwitschaft und Verbraucherschutz geh\u00f6rt zur h\u00f6chsten Verwaltungsebene in Hessen. 540 Mitarbeiter arbeiten in 8 Abteilungen\u00a0an der Schaffung von Rahmenbedingungen<\/p>\n<ul>\n<li>zur Verbesserung von Schutz und Nutzung der nat\u00fcrlichen Lebensgrundlagen und Ressourcen<\/li>\n<li>zum Schutz der Menschen vor gesundheitlichen Gefahren bzw. vor Irref\u00fchrung und T\u00e4uschung durch Lebensmittel, Kosmetika und Bedarfsgegenst\u00e4nden<\/li>\n<li>zur Erhaltung und Entwicklung des l\u00e4ndlichen Raums.<\/li>\n<\/ul>\n<p><img decoding=\"async\" class=\"alignnone wp-image-241\" src=\"http:\/\/prograss.eu\/wp-content\/uploads\/2017\/10\/MR_03-241x300.png\" alt=\"\" width=\"161\" height=\"200\" srcset=\"https:\/\/prograss.eu\/wp-content\/uploads\/2017\/10\/MR_03-241x300.png 241w, https:\/\/prograss.eu\/wp-content\/uploads\/2017\/10\/MR_03.png 313w\" sizes=\"(max-width: 161px) 100vw, 161px\" \/><\/p>\n<p class=\"bodytext\"><b>Mitarbeiterin im Projekt<\/b><\/p>\n<p class=\"bodytext\">Brigitte Rott<\/p>\n<p class=\"bodytext\"><b>Adresse<\/b><\/p>\n<p class=\"bodytext\">Land Hessen<br \/>\nHessisches Ministerium f\u00fcr Umwelt, Energie, Landwirtschaft und Verbraucherschutz (HMUELV)<\/p>\n<p class=\"bodytext\">Mainzer Str. 80<\/p>\n<p class=\"bodytext\">65189 Wiesbaden<\/p>\n<p class=\"bodytext\"><b>Web<\/b><\/p>\n<p class=\"bodytext\"><a href=\"http:\/\/www.hmulv.hessen.de\/\" target=\"_blank\" rel=\"noopener\">www.hmulv.hessen.de<\/a><\/p>\n<\/div>\n<\/div>\n","protected":false},"excerpt":{"rendered":"<p>Hessisches Ministerium f\u00fcr Umwelt, Energie, Landwirtschaft und Verbraucherschutz (HMUELV) Das Hessische Ministerium f\u00fcr Umwelt, Energie, Landwitschaft und Verbraucherschutz geh\u00f6rt zur h\u00f6chsten Verwaltungsebene in Hessen. 540 Mitarbeiter arbeiten in 8 Abteilungen\u00a0an der Schaffung von Rahmenbedingungen zur Verbesserung von Schutz und Nutzung der nat\u00fcrlichen Lebensgrundlagen und Ressourcen zum Schutz der Menschen vor gesundheitlichen Gefahren bzw. vor Irref\u00fchrung [&hellip;]<\/p>\n","protected":false},"author":1,"featured_media":0,"parent":495,"menu_order":0,"comment_status":"closed","ping_status":"closed","template":"","meta":{"ocean_post_layout":"","ocean_both_sidebars_style":"","ocean_both_sidebars_content_width":0,"ocean_both_sidebars_sidebars_width":0,"ocean_sidebar":"","ocean_second_sidebar":"","ocean_disable_margins":"enable","ocean_add_body_class":"","ocean_shortcode_before_top_bar":"","ocean_shortcode_after_top_bar":"","ocean_shortcode_before_header":"","ocean_shortcode_after_header":"","ocean_has_shortcode":"","ocean_shortcode_after_title":"","ocean_shortcode_before_footer_widgets":"","ocean_shortcode_after_footer_widgets":"","ocean_shortcode_before_footer_bottom":"","ocean_shortcode_after_footer_bottom":"","ocean_display_top_bar":"default","ocean_display_header":"default","ocean_header_style":"","ocean_center_header_left_menu":"","ocean_custom_header_template":"","ocean_custom_logo":0,"ocean_custom_retina_logo":0,"ocean_custom_logo_max_width":0,"ocean_custom_logo_tablet_max_width":0,"ocean_custom_logo_mobile_max_width":0,"ocean_custom_logo_max_height":0,"ocean_custom_logo_tablet_max_height":0,"ocean_custom_logo_mobile_max_height":0,"ocean_header_custom_menu":"","ocean_menu_typo_font_family":"","ocean_menu_typo_font_subset":"","ocean_menu_typo_font_size":0,"ocean_menu_typo_font_size_tablet":0,"ocean_menu_typo_font_size_mobile":0,"ocean_menu_typo_font_size_unit":"px","ocean_menu_typo_font_weight":"","ocean_menu_typo_font_weight_tablet":"","ocean_menu_typo_font_weight_mobile":"","ocean_menu_typo_transform":"","ocean_menu_typo_transform_tablet":"","ocean_menu_typo_transform_mobile":"","ocean_menu_typo_line_height":0,"ocean_menu_typo_line_height_tablet":0,"ocean_menu_typo_line_height_mobile":0,"ocean_menu_typo_line_height_unit":"","ocean_menu_typo_spacing":0,"ocean_menu_typo_spacing_tablet":0,"ocean_menu_typo_spacing_mobile":0,"ocean_menu_typo_spacing_unit":"","ocean_menu_link_color":"","ocean_menu_link_color_hover":"","ocean_menu_link_color_active":"","ocean_menu_link_background":"","ocean_menu_link_hover_background":"","ocean_menu_link_active_background":"","ocean_menu_social_links_bg":"","ocean_menu_social_hover_links_bg":"","ocean_menu_social_links_color":"","ocean_menu_social_hover_links_color":"","ocean_disable_title":"default","ocean_disable_heading":"default","ocean_post_title":"","ocean_post_subheading":"","ocean_post_title_style":"","ocean_post_title_background_color":"","ocean_post_title_background":0,"ocean_post_title_bg_image_position":"","ocean_post_title_bg_image_attachment":"","ocean_post_title_bg_image_repeat":"","ocean_post_title_bg_image_size":"","ocean_post_title_height":0,"ocean_post_title_bg_overlay":0.5,"ocean_post_title_bg_overlay_color":"","ocean_disable_breadcrumbs":"default","ocean_breadcrumbs_color":"","ocean_breadcrumbs_separator_color":"","ocean_breadcrumbs_links_color":"","ocean_breadcrumbs_links_hover_color":"","ocean_display_footer_widgets":"default","ocean_display_footer_bottom":"default","ocean_custom_footer_template":"","_locale":"de_DE","_original_post":"54","footnotes":""},"class_list":["post-511","page","type-page","status-publish","hentry","de-DE","entry"],"_links":{"self":[{"href":"https:\/\/prograss.eu\/wp-json\/wp\/v2\/pages\/511","targetHints":{"allow":["GET"]}}],"collection":[{"href":"https:\/\/prograss.eu\/wp-json\/wp\/v2\/pages"}],"about":[{"href":"https:\/\/prograss.eu\/wp-json\/wp\/v2\/types\/page"}],"author":[{"embeddable":true,"href":"https:\/\/prograss.eu\/wp-json\/wp\/v2\/users\/1"}],"replies":[{"embeddable":true,"href":"https:\/\/prograss.eu\/wp-json\/wp\/v2\/comments?post=511"}],"version-history":[{"count":1,"href":"https:\/\/prograss.eu\/wp-json\/wp\/v2\/pages\/511\/revisions"}],"predecessor-version":[{"id":512,"href":"https:\/\/prograss.eu\/wp-json\/wp\/v2\/pages\/511\/revisions\/512"}],"up":[{"embeddable":true,"href":"https:\/\/prograss.eu\/wp-json\/wp\/v2\/pages\/495"}],"wp:attachment":[{"href":"https:\/\/prograss.eu\/wp-json\/wp\/v2\/media?parent=511"}],"curies":[{"name":"wp","href":"https:\/\/api.w.org\/{rel}","templated":true}]}}