{"id":515,"date":"2017-10-20T07:28:14","date_gmt":"2017-10-20T07:28:14","guid":{"rendered":"http:\/\/prograss.eu\/?page_id=515"},"modified":"2017-10-20T07:28:14","modified_gmt":"2017-10-20T07:28:14","slug":"contact","status":"publish","type":"page","link":"https:\/\/prograss.eu\/de\/home\/contact\/","title":{"rendered":"KONTAKT"},"content":{"rendered":"<div class=\"csc-header csc-header-n1\">\n<h4 class=\"csc-firstHeader\">PROGRASS Zentrales Projektmanagement<\/h4>\n<\/div>\n<div class=\"csc-textpic csc-textpic-intext-right\">\n<div class=\"csc-textpic-text\">\n<p>Interessiert Sie PROGRASS?<\/p>\n<p class=\"bodytext\">Falls Sie weitere Informationen (auch in Druckform) w\u00fcnschen, falls Sie Mitglied in unserem Netzwerk werden oder einfach immer \u00fcber die letzten Neuigkeiten informiert werden m\u00f6chten&#8230;<\/p>\n<p class=\"bodytext\">Z\u00f6gern Sie nicht, uns anzusprechen:<\/p>\n<p class=\"bodytext\"><i>Bei wissenschaftlichen und inhaltlichen Fragestellungen:<\/i><\/p>\n<p class=\"bodytext\"><b>Lutz Buehle<\/b><\/p>\n<p class=\"bodytext\"><b><img decoding=\"async\" class=\"alignright wp-image-193\" src=\"http:\/\/prograss.eu\/wp-content\/uploads\/2017\/10\/Buehle_neu_06-224x300.jpg\" alt=\"\" width=\"149\" height=\"200\" srcset=\"https:\/\/prograss.eu\/wp-content\/uploads\/2017\/10\/Buehle_neu_06-224x300.jpg 224w, https:\/\/prograss.eu\/wp-content\/uploads\/2017\/10\/Buehle_neu_06.jpg 469w\" sizes=\"(max-width: 149px) 100vw, 149px\" \/>Lutz Buehle<\/b><\/p>\n<p class=\"bodytext\">Universit\u00e4t Kassel<br \/>\nFachbereich \u00f6kologische Landwirtschaft<br \/>\nFachgebiet Gr\u00fcnlandwissenschaft und Nachwachsende Rohstoffe<br \/>\nSteinstrasse 19<br \/>\n37213 Witzenhausen<br \/>\nDeutschland<br \/>\nTelefon \u00a0\u00a0 +49-(0)-5542-98-1338<br \/>\nTelefax \u00a0\u00a0 +49-(0)-5542-98-1230<br \/>\nemail\u00a0\u00a0\u00a0 <a class=\"moz-txt-link-abbreviated\" href=\"mailto:buehle@uni-kassel.de\">buehle@uni-kassel.de<\/a><\/p>\n<p class=\"bodytext\"><i>Kommunikation, Networking:<\/i><\/p>\n<p class=\"bodytext\"><b><img decoding=\"async\" class=\"alignright wp-image-271\" src=\"http:\/\/prograss.eu\/wp-content\/uploads\/2017\/10\/Tim_paris_portrait_03-249x300.jpg\" alt=\"\" width=\"166\" height=\"200\" srcset=\"https:\/\/prograss.eu\/wp-content\/uploads\/2017\/10\/Tim_paris_portrait_03-249x300.jpg 249w, https:\/\/prograss.eu\/wp-content\/uploads\/2017\/10\/Tim_paris_portrait_03.jpg 600w\" sizes=\"(max-width: 166px) 100vw, 166px\" \/><\/b><\/p>\n<p class=\"bodytext\"><b>Dr. Tim Scholze<\/b><\/p>\n<p class=\"bodytext\">Project Development and Management<br \/>\nEU Department<br \/>\nBUPNET<br \/>\nAm Leinekanal 4<br \/>\nD-37073 Goettingen<br \/>\nPhone: +49-551-54 707 75<br \/>\nemail: tscholze@bupnet.de<\/p>\n<\/div>\n<\/div>\n","protected":false},"excerpt":{"rendered":"<p>PROGRASS Zentrales Projektmanagement Interessiert Sie PROGRASS? Falls Sie weitere Informationen (auch in Druckform) w\u00fcnschen, falls Sie Mitglied in unserem Netzwerk werden oder einfach immer \u00fcber die letzten Neuigkeiten informiert werden m\u00f6chten&#8230; Z\u00f6gern Sie nicht, uns anzusprechen: Bei wissenschaftlichen und inhaltlichen Fragestellungen: Lutz Buehle Lutz Buehle Universit\u00e4t Kassel Fachbereich \u00f6kologische Landwirtschaft Fachgebiet Gr\u00fcnlandwissenschaft und Nachwachsende Rohstoffe [&hellip;]<\/p>\n","protected":false},"author":1,"featured_media":0,"parent":8,"menu_order":0,"comment_status":"closed","ping_status":"closed","template":"","meta":{"ocean_post_layout":"","ocean_both_sidebars_style":"","ocean_both_sidebars_content_width":0,"ocean_both_sidebars_sidebars_width":0,"ocean_sidebar":"","ocean_second_sidebar":"","ocean_disable_margins":"enable","ocean_add_body_class":"","ocean_shortcode_before_top_bar":"","ocean_shortcode_after_top_bar":"","ocean_shortcode_before_header":"","ocean_shortcode_after_header":"","ocean_has_shortcode":"","ocean_shortcode_after_title":"","ocean_shortcode_before_footer_widgets":"","ocean_shortcode_after_footer_widgets":"","ocean_shortcode_before_footer_bottom":"","ocean_shortcode_after_footer_bottom":"","ocean_display_top_bar":"default","ocean_display_header":"default","ocean_header_style":"","ocean_center_header_left_menu":"","ocean_custom_header_template":"","ocean_custom_logo":0,"ocean_custom_retina_logo":0,"ocean_custom_logo_max_width":0,"ocean_custom_logo_tablet_max_width":0,"ocean_custom_logo_mobile_max_width":0,"ocean_custom_logo_max_height":0,"ocean_custom_logo_tablet_max_height":0,"ocean_custom_logo_mobile_max_height":0,"ocean_header_custom_menu":"","ocean_menu_typo_font_family":"","ocean_menu_typo_font_subset":"","ocean_menu_typo_font_size":0,"ocean_menu_typo_font_size_tablet":0,"ocean_menu_typo_font_size_mobile":0,"ocean_menu_typo_font_size_unit":"px","ocean_menu_typo_font_weight":"","ocean_menu_typo_font_weight_tablet":"","ocean_menu_typo_font_weight_mobile":"","ocean_menu_typo_transform":"","ocean_menu_typo_transform_tablet":"","ocean_menu_typo_transform_mobile":"","ocean_menu_typo_line_height":0,"ocean_menu_typo_line_height_tablet":0,"ocean_menu_typo_line_height_mobile":0,"ocean_menu_typo_line_height_unit":"","ocean_menu_typo_spacing":0,"ocean_menu_typo_spacing_tablet":0,"ocean_menu_typo_spacing_mobile":0,"ocean_menu_typo_spacing_unit":"","ocean_menu_link_color":"","ocean_menu_link_color_hover":"","ocean_menu_link_color_active":"","ocean_menu_link_background":"","ocean_menu_link_hover_background":"","ocean_menu_link_active_background":"","ocean_menu_social_links_bg":"","ocean_menu_social_hover_links_bg":"","ocean_menu_social_links_color":"","ocean_menu_social_hover_links_color":"","ocean_disable_title":"default","ocean_disable_heading":"default","ocean_post_title":"","ocean_post_subheading":"","ocean_post_title_style":"","ocean_post_title_background_color":"","ocean_post_title_background":0,"ocean_post_title_bg_image_position":"","ocean_post_title_bg_image_attachment":"","ocean_post_title_bg_image_repeat":"","ocean_post_title_bg_image_size":"","ocean_post_title_height":0,"ocean_post_title_bg_overlay":0.5,"ocean_post_title_bg_overlay_color":"","ocean_disable_breadcrumbs":"default","ocean_breadcrumbs_color":"","ocean_breadcrumbs_separator_color":"","ocean_breadcrumbs_links_color":"","ocean_breadcrumbs_links_hover_color":"","ocean_display_footer_widgets":"default","ocean_display_footer_bottom":"default","ocean_custom_footer_template":"","_locale":"de_DE","_original_post":"58","footnotes":""},"class_list":["post-515","page","type-page","status-publish","hentry","de-DE","entry"],"_links":{"self":[{"href":"https:\/\/prograss.eu\/wp-json\/wp\/v2\/pages\/515","targetHints":{"allow":["GET"]}}],"collection":[{"href":"https:\/\/prograss.eu\/wp-json\/wp\/v2\/pages"}],"about":[{"href":"https:\/\/prograss.eu\/wp-json\/wp\/v2\/types\/page"}],"author":[{"embeddable":true,"href":"https:\/\/prograss.eu\/wp-json\/wp\/v2\/users\/1"}],"replies":[{"embeddable":true,"href":"https:\/\/prograss.eu\/wp-json\/wp\/v2\/comments?post=515"}],"version-history":[{"count":1,"href":"https:\/\/prograss.eu\/wp-json\/wp\/v2\/pages\/515\/revisions"}],"predecessor-version":[{"id":516,"href":"https:\/\/prograss.eu\/wp-json\/wp\/v2\/pages\/515\/revisions\/516"}],"up":[{"embeddable":true,"href":"https:\/\/prograss.eu\/wp-json\/wp\/v2\/pages\/8"}],"wp:attachment":[{"href":"https:\/\/prograss.eu\/wp-json\/wp\/v2\/media?parent=515"}],"curies":[{"name":"wp","href":"https:\/\/api.w.org\/{rel}","templated":true}]}}