{"id":517,"date":"2017-10-20T07:29:30","date_gmt":"2017-10-20T07:29:30","guid":{"rendered":"http:\/\/prograss.eu\/?page_id=517"},"modified":"2017-10-20T07:29:30","modified_gmt":"2017-10-20T07:29:30","slug":"partner-regions","status":"publish","type":"page","link":"https:\/\/prograss.eu\/de\/partner-regions\/","title":{"rendered":"PARTNERREGIONEN"},"content":{"rendered":"<div class=\"csc-textpic csc-textpic-intext-right\">\n<div class=\"csc-textpic-text\">\n<p class=\"bodytext\"><img fetchpriority=\"high\" decoding=\"async\" class=\"alignright size-medium wp-image-204\" src=\"http:\/\/prograss.eu\/wp-content\/uploads\/2017\/10\/EU-map_04-300x187.png\" alt=\"\" width=\"300\" height=\"187\" srcset=\"https:\/\/prograss.eu\/wp-content\/uploads\/2017\/10\/EU-map_04-300x187.png 300w, https:\/\/prograss.eu\/wp-content\/uploads\/2017\/10\/EU-map_04-768x480.png 768w, https:\/\/prograss.eu\/wp-content\/uploads\/2017\/10\/EU-map_04-1024x640.png 1024w, https:\/\/prograss.eu\/wp-content\/uploads\/2017\/10\/EU-map_04-1200x750.png 1200w, https:\/\/prograss.eu\/wp-content\/uploads\/2017\/10\/EU-map_04.png 1205w\" sizes=\"(max-width: 300px) 100vw, 300px\" \/>PROGRASS ist ein Europ\u00e4isches Demonstrationsprojekt, das im Wesentlichen in Deutschland, Wales und Estland durchgef\u00fchrt wird.<\/p>\n<p class=\"bodytext\">Die PROGRASS Demonstrationsanlage wird in einem doppelten Durchgang in einem ca. 28-monatigen Zeitraum durch die drei Projektregionen geschickt.<\/p>\n<p class=\"bodytext\">Danach wird die Anlage auch anderen interessierten Projektregionen zur Verf\u00fcgung stehen, die planen, das PROGRASS-Verfahren und die Technologie in ihrer Region einzuf\u00fchren oder zun\u00e4chst einmal auszuprobieren und die wesentlichen Akteure zu \u00fcberzeugen.<\/p>\n<p class=\"bodytext\">Die PROGRASS &#8222;Ursprungsregionen&#8220; finden Sie auf der Karte (per Mausklick zu vergr\u00f6\u00dfern)<\/p>\n<ul>\n<li>Vogelsbergkreis (DE)<\/li>\n<li>Middle Ceredigion (UK)<\/li>\n<li>Tartu (EE)<\/li>\n<\/ul>\n<\/div>\n<\/div>\n","protected":false},"excerpt":{"rendered":"<p>PROGRASS ist ein Europ\u00e4isches Demonstrationsprojekt, das im Wesentlichen in Deutschland, Wales und Estland durchgef\u00fchrt wird. Die PROGRASS Demonstrationsanlage wird in einem doppelten Durchgang in einem ca. 28-monatigen Zeitraum durch die drei Projektregionen geschickt. Danach wird die Anlage auch anderen interessierten Projektregionen zur Verf\u00fcgung stehen, die planen, das PROGRASS-Verfahren und die Technologie in ihrer Region einzuf\u00fchren [&hellip;]<\/p>\n","protected":false},"author":1,"featured_media":0,"parent":0,"menu_order":0,"comment_status":"closed","ping_status":"closed","template":"","meta":{"ocean_post_layout":"","ocean_both_sidebars_style":"","ocean_both_sidebars_content_width":0,"ocean_both_sidebars_sidebars_width":0,"ocean_sidebar":"","ocean_second_sidebar":"","ocean_disable_margins":"enable","ocean_add_body_class":"","ocean_shortcode_before_top_bar":"","ocean_shortcode_after_top_bar":"","ocean_shortcode_before_header":"","ocean_shortcode_after_header":"","ocean_has_shortcode":"","ocean_shortcode_after_title":"","ocean_shortcode_before_footer_widgets":"","ocean_shortcode_after_footer_widgets":"","ocean_shortcode_before_footer_bottom":"","ocean_shortcode_after_footer_bottom":"","ocean_display_top_bar":"default","ocean_display_header":"default","ocean_header_style":"","ocean_center_header_left_menu":"","ocean_custom_header_template":"","ocean_custom_logo":0,"ocean_custom_retina_logo":0,"ocean_custom_logo_max_width":0,"ocean_custom_logo_tablet_max_width":0,"ocean_custom_logo_mobile_max_width":0,"ocean_custom_logo_max_height":0,"ocean_custom_logo_tablet_max_height":0,"ocean_custom_logo_mobile_max_height":0,"ocean_header_custom_menu":"","ocean_menu_typo_font_family":"","ocean_menu_typo_font_subset":"","ocean_menu_typo_font_size":0,"ocean_menu_typo_font_size_tablet":0,"ocean_menu_typo_font_size_mobile":0,"ocean_menu_typo_font_size_unit":"px","ocean_menu_typo_font_weight":"","ocean_menu_typo_font_weight_tablet":"","ocean_menu_typo_font_weight_mobile":"","ocean_menu_typo_transform":"","ocean_menu_typo_transform_tablet":"","ocean_menu_typo_transform_mobile":"","ocean_menu_typo_line_height":0,"ocean_menu_typo_line_height_tablet":0,"ocean_menu_typo_line_height_mobile":0,"ocean_menu_typo_line_height_unit":"","ocean_menu_typo_spacing":0,"ocean_menu_typo_spacing_tablet":0,"ocean_menu_typo_spacing_mobile":0,"ocean_menu_typo_spacing_unit":"","ocean_menu_link_color":"","ocean_menu_link_color_hover":"","ocean_menu_link_color_active":"","ocean_menu_link_background":"","ocean_menu_link_hover_background":"","ocean_menu_link_active_background":"","ocean_menu_social_links_bg":"","ocean_menu_social_hover_links_bg":"","ocean_menu_social_links_color":"","ocean_menu_social_hover_links_color":"","ocean_disable_title":"default","ocean_disable_heading":"default","ocean_post_title":"","ocean_post_subheading":"","ocean_post_title_style":"","ocean_post_title_background_color":"","ocean_post_title_background":0,"ocean_post_title_bg_image_position":"","ocean_post_title_bg_image_attachment":"","ocean_post_title_bg_image_repeat":"","ocean_post_title_bg_image_size":"","ocean_post_title_height":0,"ocean_post_title_bg_overlay":0.5,"ocean_post_title_bg_overlay_color":"","ocean_disable_breadcrumbs":"default","ocean_breadcrumbs_color":"","ocean_breadcrumbs_separator_color":"","ocean_breadcrumbs_links_color":"","ocean_breadcrumbs_links_hover_color":"","ocean_display_footer_widgets":"default","ocean_display_footer_bottom":"default","ocean_custom_footer_template":"","_locale":"de_DE","_original_post":"61","footnotes":""},"class_list":["post-517","page","type-page","status-publish","hentry","de-DE","entry"],"_links":{"self":[{"href":"https:\/\/prograss.eu\/wp-json\/wp\/v2\/pages\/517","targetHints":{"allow":["GET"]}}],"collection":[{"href":"https:\/\/prograss.eu\/wp-json\/wp\/v2\/pages"}],"about":[{"href":"https:\/\/prograss.eu\/wp-json\/wp\/v2\/types\/page"}],"author":[{"embeddable":true,"href":"https:\/\/prograss.eu\/wp-json\/wp\/v2\/users\/1"}],"replies":[{"embeddable":true,"href":"https:\/\/prograss.eu\/wp-json\/wp\/v2\/comments?post=517"}],"version-history":[{"count":1,"href":"https:\/\/prograss.eu\/wp-json\/wp\/v2\/pages\/517\/revisions"}],"predecessor-version":[{"id":518,"href":"https:\/\/prograss.eu\/wp-json\/wp\/v2\/pages\/517\/revisions\/518"}],"wp:attachment":[{"href":"https:\/\/prograss.eu\/wp-json\/wp\/v2\/media?parent=517"}],"curies":[{"name":"wp","href":"https:\/\/api.w.org\/{rel}","templated":true}]}}