{"id":520,"date":"2017-10-20T07:32:32","date_gmt":"2017-10-20T07:32:32","guid":{"rendered":"http:\/\/prograss.eu\/?page_id=520"},"modified":"2017-10-20T07:32:32","modified_gmt":"2017-10-20T07:32:32","slug":"estonian-lowlands-ee","status":"publish","type":"page","link":"https:\/\/prograss.eu\/de\/partner-regions\/estonian-lowlands-ee\/","title":{"rendered":"TARTU (EE)"},"content":{"rendered":"<div id=\"content\">\n<div id=\"c184\" class=\"csc-default\">\n<div class=\"csc-header csc-header-n1\">\n<div class=\"csc-header csc-header-n1\">\n<h4 class=\"csc-firstHeader\">Estnische PROGRASS Fl\u00e4chen<\/h4>\n<\/div>\n<\/div>\n<div class=\"csc-textpic csc-textpic-intext-right\">\n<div class=\"csc-textpic-text\">\n<p class=\"bodytext\"><span lang=\"EN-US\"><img fetchpriority=\"high\" decoding=\"async\" class=\"alignright size-medium wp-image-284\" src=\"http:\/\/prograss.eu\/wp-content\/uploads\/2017\/10\/v_maeotsa_02-300x225.jpg\" alt=\"\" width=\"300\" height=\"225\" srcset=\"https:\/\/prograss.eu\/wp-content\/uploads\/2017\/10\/v_maeotsa_02-300x225.jpg 300w, https:\/\/prograss.eu\/wp-content\/uploads\/2017\/10\/v_maeotsa_02-768x576.jpg 768w, https:\/\/prograss.eu\/wp-content\/uploads\/2017\/10\/v_maeotsa_02-1024x768.jpg 1024w, https:\/\/prograss.eu\/wp-content\/uploads\/2017\/10\/v_maeotsa_02-1200x900.jpg 1200w, https:\/\/prograss.eu\/wp-content\/uploads\/2017\/10\/v_maeotsa_02.jpg 1600w\" sizes=\"(max-width: 300px) 100vw, 300px\" \/>Das Projekt wird in dem estnischen Tiefland durchgef\u00fchrt. Die klimatischen Bedingungen sind gem\u00e4\u00dfigt kontinental (j\u00e4hrliche Durchschnittstemperatur ca. 5 \u00b0C und Niederschl\u00e4ge 600 \u2013 700 mm). F\u00fcr die Fl\u00e4chenauswahl und Hintergrundinformationen wurde die Datenbank naturnaher Graslandschaften der Estonian Semi-natural Communities Conservation Association (<a href=\"http:\/\/www.pky.ee\/\" target=\"_blank\" rel=\"noopener\">www.pky.ee<\/a>) verwendet. Alle ausgew\u00e4hlten Fl\u00e4chen sind NATURA 2000 Gebiete. Auenwiesen und Feuchtwiesen befinden sich in dem Alam-Pedja Naturreservat (<a href=\"http:\/\/www.alam-pedja.ee\/\" target=\"_blank\" rel=\"noopener\">www.alam-pedja.ee<\/a>). Bei den Auenwiesen (NATURA Code 6450) handelt es sich um regelm\u00e4\u00dfig \u00fcberflutete naturnahe Gesellschaften an Flussufern. Diese sind im allgemeinen entstanden als Ergebnis menschlicher T\u00e4tigkeiten wie Beweiden und M\u00e4hen, die der Abholzung der Auenw\u00e4lder folgten. Mehr als 1000 ha Auenwiesen konnten innerhalb des Alam-Pedja Naturreservats haupts\u00e4chlich durch M\u00e4hen erhalten werden. Feuchtwiesen (NATURA Code 6720) sind die am meisten verbreiteten naturnahen Graslandtypen in Estland, deren Ursprung haupts\u00e4chlich fr\u00fcher einmal kultivierte Wiesen oder Felder sind. Wiesen mit Geh\u00f6lzen befinden sich in der Kaasiku und Padinasaare speziellen Schutzzone, die von dem Umweltdirektorium (Environmental Board <a href=\"http:\/\/www.keskkonnaamet.ee\/\" target=\"_blank\" rel=\"noopener\">www.keskkonnaamet.ee<\/a>) betrieben wird. Wiesen mit Geh\u00f6lzen (NATURA Code 6530) sind die \u00e4ltesten Agro-\u00d6kosysteme in den gem\u00e4\u00dfigten Klimazonen, die sich durch Interaktionen zwischen Mensch und Natur seit Jahrhunderten entwickelt haben. Wiesen mit Geh\u00f6lzen sind extrem artenreich unter Bedingungen der gem\u00e4\u00dfigten Klimazonen, typischerweise k\u00f6nnen hier auch seltene Arten und Orchideen gefunden werden.<br \/>\n<\/span><\/p>\n<\/div>\n<\/div>\n<div class=\"csc-textpic-clear\"><\/div>\n<\/div>\n<div id=\"c279\" class=\"csc-default\">\n<div class=\"csc-header csc-header-n2\">\n<h4><a title=\"Estonian\" href=\"http:\/\/maps.google.com\/maps\/ms?ie=UTF8&amp;hl=en&amp;t=h&amp;msa=0&amp;msid=107954401037031195708.00046ea7ae2547b1c1c6b&amp;ll=58.65337,26.427612&amp;spn=0.493652,1.234589&amp;z=10&amp;mid=1247740895\" target=\"_top\">Schauen Sie sich die Fl\u00e4chen auf Google-Map an. <\/a><\/h4>\n<\/div>\n<\/div>\n<div id=\"c280\" class=\"csc-default\">\n<div class=\"csc-textpic csc-textpic-intext-right\">\n<div class=\"csc-textpic-text\">\n<p class=\"bodytext\"><img decoding=\"async\" class=\"alignright size-medium wp-image-236\" src=\"http:\/\/prograss.eu\/wp-content\/uploads\/2017\/10\/map_ee_02-300x133.png\" alt=\"\" width=\"300\" height=\"133\" srcset=\"https:\/\/prograss.eu\/wp-content\/uploads\/2017\/10\/map_ee_02-300x133.png 300w, https:\/\/prograss.eu\/wp-content\/uploads\/2017\/10\/map_ee_02-768x342.png 768w, https:\/\/prograss.eu\/wp-content\/uploads\/2017\/10\/map_ee_02.png 1009w\" sizes=\"(max-width: 300px) 100vw, 300px\" \/><\/p>\n<p class=\"bodytext\">Wir stellen eine google map mit den estnischen Versuchsfl\u00e4chen bereit.<\/p>\n<p class=\"bodytext\">Klicken Sie auf das Bild um die google-maps Fl\u00e4che zu bekommen. Sie erhalten alle Koordinaten und einige zus\u00e4tzliche Bilder.<\/p>\n<\/div>\n<\/div>\n<div class=\"csc-textpic-clear\"><\/div>\n<\/div>\n<\/div>\n<div id=\"footer\"><\/div>\n","protected":false},"excerpt":{"rendered":"<p>Estnische PROGRASS Fl\u00e4chen Das Projekt wird in dem estnischen Tiefland durchgef\u00fchrt. Die klimatischen Bedingungen sind gem\u00e4\u00dfigt kontinental (j\u00e4hrliche Durchschnittstemperatur ca. 5 \u00b0C und Niederschl\u00e4ge 600 \u2013 700 mm). F\u00fcr die Fl\u00e4chenauswahl und Hintergrundinformationen wurde die Datenbank naturnaher Graslandschaften der Estonian Semi-natural Communities Conservation Association (www.pky.ee) verwendet. Alle ausgew\u00e4hlten Fl\u00e4chen sind NATURA 2000 Gebiete. Auenwiesen und [&hellip;]<\/p>\n","protected":false},"author":1,"featured_media":0,"parent":517,"menu_order":0,"comment_status":"closed","ping_status":"closed","template":"","meta":{"ocean_post_layout":"","ocean_both_sidebars_style":"","ocean_both_sidebars_content_width":0,"ocean_both_sidebars_sidebars_width":0,"ocean_sidebar":"","ocean_second_sidebar":"","ocean_disable_margins":"enable","ocean_add_body_class":"","ocean_shortcode_before_top_bar":"","ocean_shortcode_after_top_bar":"","ocean_shortcode_before_header":"","ocean_shortcode_after_header":"","ocean_has_shortcode":"","ocean_shortcode_after_title":"","ocean_shortcode_before_footer_widgets":"","ocean_shortcode_after_footer_widgets":"","ocean_shortcode_before_footer_bottom":"","ocean_shortcode_after_footer_bottom":"","ocean_display_top_bar":"default","ocean_display_header":"default","ocean_header_style":"","ocean_center_header_left_menu":"","ocean_custom_header_template":"","ocean_custom_logo":0,"ocean_custom_retina_logo":0,"ocean_custom_logo_max_width":0,"ocean_custom_logo_tablet_max_width":0,"ocean_custom_logo_mobile_max_width":0,"ocean_custom_logo_max_height":0,"ocean_custom_logo_tablet_max_height":0,"ocean_custom_logo_mobile_max_height":0,"ocean_header_custom_menu":"","ocean_menu_typo_font_family":"","ocean_menu_typo_font_subset":"","ocean_menu_typo_font_size":0,"ocean_menu_typo_font_size_tablet":0,"ocean_menu_typo_font_size_mobile":0,"ocean_menu_typo_font_size_unit":"px","ocean_menu_typo_font_weight":"","ocean_menu_typo_font_weight_tablet":"","ocean_menu_typo_font_weight_mobile":"","ocean_menu_typo_transform":"","ocean_menu_typo_transform_tablet":"","ocean_menu_typo_transform_mobile":"","ocean_menu_typo_line_height":0,"ocean_menu_typo_line_height_tablet":0,"ocean_menu_typo_line_height_mobile":0,"ocean_menu_typo_line_height_unit":"","ocean_menu_typo_spacing":0,"ocean_menu_typo_spacing_tablet":0,"ocean_menu_typo_spacing_mobile":0,"ocean_menu_typo_spacing_unit":"","ocean_menu_link_color":"","ocean_menu_link_color_hover":"","ocean_menu_link_color_active":"","ocean_menu_link_background":"","ocean_menu_link_hover_background":"","ocean_menu_link_active_background":"","ocean_menu_social_links_bg":"","ocean_menu_social_hover_links_bg":"","ocean_menu_social_links_color":"","ocean_menu_social_hover_links_color":"","ocean_disable_title":"default","ocean_disable_heading":"default","ocean_post_title":"","ocean_post_subheading":"","ocean_post_title_style":"","ocean_post_title_background_color":"","ocean_post_title_background":0,"ocean_post_title_bg_image_position":"","ocean_post_title_bg_image_attachment":"","ocean_post_title_bg_image_repeat":"","ocean_post_title_bg_image_size":"","ocean_post_title_height":0,"ocean_post_title_bg_overlay":0.5,"ocean_post_title_bg_overlay_color":"","ocean_disable_breadcrumbs":"default","ocean_breadcrumbs_color":"","ocean_breadcrumbs_separator_color":"","ocean_breadcrumbs_links_color":"","ocean_breadcrumbs_links_hover_color":"","ocean_display_footer_widgets":"default","ocean_display_footer_bottom":"default","ocean_custom_footer_template":"","_locale":"de_DE","_original_post":"63","footnotes":""},"class_list":["post-520","page","type-page","status-publish","hentry","de-DE","entry"],"_links":{"self":[{"href":"https:\/\/prograss.eu\/wp-json\/wp\/v2\/pages\/520","targetHints":{"allow":["GET"]}}],"collection":[{"href":"https:\/\/prograss.eu\/wp-json\/wp\/v2\/pages"}],"about":[{"href":"https:\/\/prograss.eu\/wp-json\/wp\/v2\/types\/page"}],"author":[{"embeddable":true,"href":"https:\/\/prograss.eu\/wp-json\/wp\/v2\/users\/1"}],"replies":[{"embeddable":true,"href":"https:\/\/prograss.eu\/wp-json\/wp\/v2\/comments?post=520"}],"version-history":[{"count":1,"href":"https:\/\/prograss.eu\/wp-json\/wp\/v2\/pages\/520\/revisions"}],"predecessor-version":[{"id":521,"href":"https:\/\/prograss.eu\/wp-json\/wp\/v2\/pages\/520\/revisions\/521"}],"up":[{"embeddable":true,"href":"https:\/\/prograss.eu\/wp-json\/wp\/v2\/pages\/517"}],"wp:attachment":[{"href":"https:\/\/prograss.eu\/wp-json\/wp\/v2\/media?parent=520"}],"curies":[{"name":"wp","href":"https:\/\/api.w.org\/{rel}","templated":true}]}}