{"id":523,"date":"2017-10-20T07:34:11","date_gmt":"2017-10-20T07:34:11","guid":{"rendered":"http:\/\/prograss.eu\/?page_id=523"},"modified":"2017-10-20T07:34:11","modified_gmt":"2017-10-20T07:34:11","slug":"plot-1","status":"publish","type":"page","link":"https:\/\/prograss.eu\/de\/partner-regions\/estonian-lowlands-ee\/plot-1\/","title":{"rendered":"FL\u00c4CHE 1"},"content":{"rendered":"<div class=\"csc-header csc-header-n1\">\n<div class=\"csc-header csc-header-n1\">\n<div class=\"csc-header csc-header-n1\">\n<h4 class=\"csc-firstHeader\">Demonstrations-\/Experimentalfl\u00e4che 1<\/h4>\n<\/div>\n<\/div>\n<\/div>\n<div class=\"csc-textpic csc-textpic-intext-right\">\n<div class=\"csc-textpic-text\">\n<p class=\"bodytext\"><span lang=\"EN-US\"><b><img decoding=\"async\" class=\"alignright wp-image-146\" src=\"http:\/\/prograss.eu\/wp-content\/uploads\/2017\/10\/06_v_rulli_03-300x225.jpg\" alt=\"\" width=\"250\" height=\"188\" srcset=\"https:\/\/prograss.eu\/wp-content\/uploads\/2017\/10\/06_v_rulli_03-300x225.jpg 300w, https:\/\/prograss.eu\/wp-content\/uploads\/2017\/10\/06_v_rulli_03-768x576.jpg 768w, https:\/\/prograss.eu\/wp-content\/uploads\/2017\/10\/06_v_rulli_03-1024x768.jpg 1024w, https:\/\/prograss.eu\/wp-content\/uploads\/2017\/10\/06_v_rulli_03-1200x900.jpg 1200w, https:\/\/prograss.eu\/wp-content\/uploads\/2017\/10\/06_v_rulli_03.jpg 1232w\" sizes=\"(max-width: 250px) 100vw, 250px\" \/><\/b><\/span><\/p>\n<p class=\"bodytext\"><b><span lang=\"EN-US\">Rulli<\/span><\/b><span lang=\"EN-US\"> (8N 58.556\u00b0 E 26.295\u00b0) befindet sich in einer nordborealen Auenwiese (NATURA Code 6450) an den Ufern des Pedja Flusses im Alam-Pedja Naturreservat in der N\u00e4he von Puurmani, etwa 40 km nordwestlich von Tartu.<\/span><\/p>\n<p class=\"bodytext\"><span lang=\"EN-US\">Die dominierenden Arten sind hier <i>Alopecurus pratensis und Deschampsia cespitosa<\/i> mit <i>Filipendula ulmaria<\/i>. Die Demonstations-\/Experimentalfl\u00e4che 1 befindet sich in n\u00e4chster N\u00e4he zu dem landwirtschaftlichen Betrieb, auf dessen Gel\u00e4nde die PROGRASS Demonstrationsanlage in den Jahren 2010 und 2011 in Betrieb ist.<\/span><\/p>\n<\/div>\n<\/div>\n","protected":false},"excerpt":{"rendered":"<p>Demonstrations-\/Experimentalfl\u00e4che 1 Rulli (8N 58.556\u00b0 E 26.295\u00b0) befindet sich in einer nordborealen Auenwiese (NATURA Code 6450) an den Ufern des Pedja Flusses im Alam-Pedja Naturreservat in der N\u00e4he von Puurmani, etwa 40 km nordwestlich von Tartu. Die dominierenden Arten sind hier Alopecurus pratensis und Deschampsia cespitosa mit Filipendula ulmaria. Die Demonstations-\/Experimentalfl\u00e4che 1 befindet sich in [&hellip;]<\/p>\n","protected":false},"author":1,"featured_media":0,"parent":520,"menu_order":0,"comment_status":"closed","ping_status":"closed","template":"","meta":{"ocean_post_layout":"","ocean_both_sidebars_style":"","ocean_both_sidebars_content_width":0,"ocean_both_sidebars_sidebars_width":0,"ocean_sidebar":"","ocean_second_sidebar":"","ocean_disable_margins":"enable","ocean_add_body_class":"","ocean_shortcode_before_top_bar":"","ocean_shortcode_after_top_bar":"","ocean_shortcode_before_header":"","ocean_shortcode_after_header":"","ocean_has_shortcode":"","ocean_shortcode_after_title":"","ocean_shortcode_before_footer_widgets":"","ocean_shortcode_after_footer_widgets":"","ocean_shortcode_before_footer_bottom":"","ocean_shortcode_after_footer_bottom":"","ocean_display_top_bar":"default","ocean_display_header":"default","ocean_header_style":"","ocean_center_header_left_menu":"","ocean_custom_header_template":"","ocean_custom_logo":0,"ocean_custom_retina_logo":0,"ocean_custom_logo_max_width":0,"ocean_custom_logo_tablet_max_width":0,"ocean_custom_logo_mobile_max_width":0,"ocean_custom_logo_max_height":0,"ocean_custom_logo_tablet_max_height":0,"ocean_custom_logo_mobile_max_height":0,"ocean_header_custom_menu":"","ocean_menu_typo_font_family":"","ocean_menu_typo_font_subset":"","ocean_menu_typo_font_size":0,"ocean_menu_typo_font_size_tablet":0,"ocean_menu_typo_font_size_mobile":0,"ocean_menu_typo_font_size_unit":"px","ocean_menu_typo_font_weight":"","ocean_menu_typo_font_weight_tablet":"","ocean_menu_typo_font_weight_mobile":"","ocean_menu_typo_transform":"","ocean_menu_typo_transform_tablet":"","ocean_menu_typo_transform_mobile":"","ocean_menu_typo_line_height":0,"ocean_menu_typo_line_height_tablet":0,"ocean_menu_typo_line_height_mobile":0,"ocean_menu_typo_line_height_unit":"","ocean_menu_typo_spacing":0,"ocean_menu_typo_spacing_tablet":0,"ocean_menu_typo_spacing_mobile":0,"ocean_menu_typo_spacing_unit":"","ocean_menu_link_color":"","ocean_menu_link_color_hover":"","ocean_menu_link_color_active":"","ocean_menu_link_background":"","ocean_menu_link_hover_background":"","ocean_menu_link_active_background":"","ocean_menu_social_links_bg":"","ocean_menu_social_hover_links_bg":"","ocean_menu_social_links_color":"","ocean_menu_social_hover_links_color":"","ocean_disable_title":"default","ocean_disable_heading":"default","ocean_post_title":"","ocean_post_subheading":"","ocean_post_title_style":"","ocean_post_title_background_color":"","ocean_post_title_background":0,"ocean_post_title_bg_image_position":"","ocean_post_title_bg_image_attachment":"","ocean_post_title_bg_image_repeat":"","ocean_post_title_bg_image_size":"","ocean_post_title_height":0,"ocean_post_title_bg_overlay":0.5,"ocean_post_title_bg_overlay_color":"","ocean_disable_breadcrumbs":"default","ocean_breadcrumbs_color":"","ocean_breadcrumbs_separator_color":"","ocean_breadcrumbs_links_color":"","ocean_breadcrumbs_links_hover_color":"","ocean_display_footer_widgets":"default","ocean_display_footer_bottom":"default","ocean_custom_footer_template":"","_locale":"de_DE","_original_post":"65","footnotes":""},"class_list":["post-523","page","type-page","status-publish","hentry","de-DE","entry"],"_links":{"self":[{"href":"https:\/\/prograss.eu\/wp-json\/wp\/v2\/pages\/523","targetHints":{"allow":["GET"]}}],"collection":[{"href":"https:\/\/prograss.eu\/wp-json\/wp\/v2\/pages"}],"about":[{"href":"https:\/\/prograss.eu\/wp-json\/wp\/v2\/types\/page"}],"author":[{"embeddable":true,"href":"https:\/\/prograss.eu\/wp-json\/wp\/v2\/users\/1"}],"replies":[{"embeddable":true,"href":"https:\/\/prograss.eu\/wp-json\/wp\/v2\/comments?post=523"}],"version-history":[{"count":1,"href":"https:\/\/prograss.eu\/wp-json\/wp\/v2\/pages\/523\/revisions"}],"predecessor-version":[{"id":524,"href":"https:\/\/prograss.eu\/wp-json\/wp\/v2\/pages\/523\/revisions\/524"}],"up":[{"embeddable":true,"href":"https:\/\/prograss.eu\/wp-json\/wp\/v2\/pages\/520"}],"wp:attachment":[{"href":"https:\/\/prograss.eu\/wp-json\/wp\/v2\/media?parent=523"}],"curies":[{"name":"wp","href":"https:\/\/api.w.org\/{rel}","templated":true}]}}