{"id":538,"date":"2017-10-25T11:17:38","date_gmt":"2017-10-25T11:17:38","guid":{"rendered":"http:\/\/prograss.eu\/?page_id=538"},"modified":"2017-10-25T11:17:38","modified_gmt":"2017-10-25T11:17:38","slug":"middle-ceredigion-uk","status":"publish","type":"page","link":"https:\/\/prograss.eu\/de\/partner-regions\/middle-ceredigion-uk\/","title":{"rendered":"MIDDLE CEREDIGION (UK)"},"content":{"rendered":"<div class=\"csc-header csc-header-n1\">\n<h3 class=\"csc-firstHeader\">Middle Ceredigion (UK)<\/h3>\n<\/div>\n<div class=\"csc-textpic csc-textpic-intext-right\">\n<div class=\"csc-textpic-text\">\n<p class=\"bodytext\"><img fetchpriority=\"high\" decoding=\"async\" class=\"alignright wp-image-237\" src=\"http:\/\/prograss.eu\/wp-content\/uploads\/2017\/10\/map_wales_03-255x300.png\" alt=\"\" width=\"251\" height=\"295\" srcset=\"https:\/\/prograss.eu\/wp-content\/uploads\/2017\/10\/map_wales_03-255x300.png 255w, https:\/\/prograss.eu\/wp-content\/uploads\/2017\/10\/map_wales_03-768x905.png 768w, https:\/\/prograss.eu\/wp-content\/uploads\/2017\/10\/map_wales_03-869x1024.png 869w, https:\/\/prograss.eu\/wp-content\/uploads\/2017\/10\/map_wales_03.png 899w\" sizes=\"(max-width: 251px) 100vw, 251px\" \/><\/p>\n<p class=\"bodytext\">Die Auswahl der Demonstrations- und Versuchsfl\u00e4chen f\u00fcr das PROGRASS Life Projekt war in Abh\u00e4ngigkeit verschiedener Kriterien zu treffen:<\/p>\n<ul>\n<li>Ortsn\u00e4he: die mobile Bioenergie-Anlage wird definitiv in der Region Aberystwyth stationiert<\/li>\n<li>Repr\u00e4sentanz: ausgew\u00e4hlte Fl\u00e4chen m\u00fcssen typisch f\u00fcr die Graslandvegetation des Hochlands von Wales sein<\/li>\n<li>Bedeutung: ausgew\u00e4hlte Fl\u00e4chen m\u00fcssen sowohl in naturschutzfachlicher Hinsicht als auch aus Sicht der Landwirtschaft von Interesse seinDie ausgew\u00e4hlte Region (Mittel-Ceredigion) ist charakterisiert durch montane Magerwiesen saurer Standorte mit relativ geringem Produktions- und eingeschr\u00e4nktem Biodiversit\u00e4tspotential (generell &lt; 15 Spezies\/m2)<\/li>\n<\/ul>\n<p class=\"bodytext\">Die Zahlung von Subventionen durch die Regierung verursachte in der Vergangenheit die landwirtschaftliche Intensivierung riesiger Gebiete. Verbliebene naturnahe Graslandgesellschaften lassen sich nur dort finden, wo die Nutzung \u00f6konomisch oder technisch nicht tragf\u00e4hig war. Die begrenzte Verf\u00fcgbarkeit kontrastreicher Standorte sowie ihre Zug\u00e4nglichkeit f\u00fcr ad\u00e4quates Ernteger\u00e4t schr\u00e4nkte die Auswahl stark ein.<\/p>\n<p class=\"bodytext\">Die entsprechend ausgew\u00e4hlten Fl\u00e4chen befinden sich innerhalb oder weniger als 1 km entfernt von NATURA 2000\u00a0 Fl\u00e4chen. Sie sind repr\u00e4sentativ f\u00fcr die vorliegenden Gr\u00fcnlandtypen.<\/p>\n<\/div>\n<\/div>\n","protected":false},"excerpt":{"rendered":"<p>Middle Ceredigion (UK) Die Auswahl der Demonstrations- und Versuchsfl\u00e4chen f\u00fcr das PROGRASS Life Projekt war in Abh\u00e4ngigkeit verschiedener Kriterien zu treffen: Ortsn\u00e4he: die mobile Bioenergie-Anlage wird definitiv in der Region Aberystwyth stationiert Repr\u00e4sentanz: ausgew\u00e4hlte Fl\u00e4chen m\u00fcssen typisch f\u00fcr die Graslandvegetation des Hochlands von Wales sein Bedeutung: ausgew\u00e4hlte Fl\u00e4chen m\u00fcssen sowohl in naturschutzfachlicher Hinsicht als auch [&hellip;]<\/p>\n","protected":false},"author":1,"featured_media":0,"parent":517,"menu_order":0,"comment_status":"closed","ping_status":"closed","template":"","meta":{"ocean_post_layout":"","ocean_both_sidebars_style":"","ocean_both_sidebars_content_width":0,"ocean_both_sidebars_sidebars_width":0,"ocean_sidebar":"","ocean_second_sidebar":"","ocean_disable_margins":"enable","ocean_add_body_class":"","ocean_shortcode_before_top_bar":"","ocean_shortcode_after_top_bar":"","ocean_shortcode_before_header":"","ocean_shortcode_after_header":"","ocean_has_shortcode":"","ocean_shortcode_after_title":"","ocean_shortcode_before_footer_widgets":"","ocean_shortcode_after_footer_widgets":"","ocean_shortcode_before_footer_bottom":"","ocean_shortcode_after_footer_bottom":"","ocean_display_top_bar":"default","ocean_display_header":"default","ocean_header_style":"","ocean_center_header_left_menu":"","ocean_custom_header_template":"","ocean_custom_logo":0,"ocean_custom_retina_logo":0,"ocean_custom_logo_max_width":0,"ocean_custom_logo_tablet_max_width":0,"ocean_custom_logo_mobile_max_width":0,"ocean_custom_logo_max_height":0,"ocean_custom_logo_tablet_max_height":0,"ocean_custom_logo_mobile_max_height":0,"ocean_header_custom_menu":"","ocean_menu_typo_font_family":"","ocean_menu_typo_font_subset":"","ocean_menu_typo_font_size":0,"ocean_menu_typo_font_size_tablet":0,"ocean_menu_typo_font_size_mobile":0,"ocean_menu_typo_font_size_unit":"px","ocean_menu_typo_font_weight":"","ocean_menu_typo_font_weight_tablet":"","ocean_menu_typo_font_weight_mobile":"","ocean_menu_typo_transform":"","ocean_menu_typo_transform_tablet":"","ocean_menu_typo_transform_mobile":"","ocean_menu_typo_line_height":0,"ocean_menu_typo_line_height_tablet":0,"ocean_menu_typo_line_height_mobile":0,"ocean_menu_typo_line_height_unit":"","ocean_menu_typo_spacing":0,"ocean_menu_typo_spacing_tablet":0,"ocean_menu_typo_spacing_mobile":0,"ocean_menu_typo_spacing_unit":"","ocean_menu_link_color":"","ocean_menu_link_color_hover":"","ocean_menu_link_color_active":"","ocean_menu_link_background":"","ocean_menu_link_hover_background":"","ocean_menu_link_active_background":"","ocean_menu_social_links_bg":"","ocean_menu_social_hover_links_bg":"","ocean_menu_social_links_color":"","ocean_menu_social_hover_links_color":"","ocean_disable_title":"default","ocean_disable_heading":"default","ocean_post_title":"","ocean_post_subheading":"","ocean_post_title_style":"","ocean_post_title_background_color":"","ocean_post_title_background":0,"ocean_post_title_bg_image_position":"","ocean_post_title_bg_image_attachment":"","ocean_post_title_bg_image_repeat":"","ocean_post_title_bg_image_size":"","ocean_post_title_height":0,"ocean_post_title_bg_overlay":0.5,"ocean_post_title_bg_overlay_color":"","ocean_disable_breadcrumbs":"default","ocean_breadcrumbs_color":"","ocean_breadcrumbs_separator_color":"","ocean_breadcrumbs_links_color":"","ocean_breadcrumbs_links_hover_color":"","ocean_display_footer_widgets":"default","ocean_display_footer_bottom":"default","ocean_custom_footer_template":"","_locale":"de_DE","_original_post":"78","footnotes":""},"class_list":["post-538","page","type-page","status-publish","hentry","de-DE","entry"],"_links":{"self":[{"href":"https:\/\/prograss.eu\/wp-json\/wp\/v2\/pages\/538","targetHints":{"allow":["GET"]}}],"collection":[{"href":"https:\/\/prograss.eu\/wp-json\/wp\/v2\/pages"}],"about":[{"href":"https:\/\/prograss.eu\/wp-json\/wp\/v2\/types\/page"}],"author":[{"embeddable":true,"href":"https:\/\/prograss.eu\/wp-json\/wp\/v2\/users\/1"}],"replies":[{"embeddable":true,"href":"https:\/\/prograss.eu\/wp-json\/wp\/v2\/comments?post=538"}],"version-history":[{"count":1,"href":"https:\/\/prograss.eu\/wp-json\/wp\/v2\/pages\/538\/revisions"}],"predecessor-version":[{"id":539,"href":"https:\/\/prograss.eu\/wp-json\/wp\/v2\/pages\/538\/revisions\/539"}],"up":[{"embeddable":true,"href":"https:\/\/prograss.eu\/wp-json\/wp\/v2\/pages\/517"}],"wp:attachment":[{"href":"https:\/\/prograss.eu\/wp-json\/wp\/v2\/media?parent=538"}],"curies":[{"name":"wp","href":"https:\/\/api.w.org\/{rel}","templated":true}]}}