{"id":540,"date":"2017-10-25T11:19:35","date_gmt":"2017-10-25T11:19:35","guid":{"rendered":"http:\/\/prograss.eu\/?page_id=540"},"modified":"2017-10-26T07:01:07","modified_gmt":"2017-10-26T07:01:07","slug":"plot-1","status":"publish","type":"page","link":"https:\/\/prograss.eu\/de\/partner-regions\/middle-ceredigion-uk\/plot-1\/","title":{"rendered":"PLOT 1"},"content":{"rendered":"<div class=\"csc-header csc-header-n1\">\n<div class=\"csc-header csc-header-n1\">\n<h4 class=\"csc-firstHeader\">Demonstrations- und Versuchsfl\u00fcche 1. (Rhos Llawr Cwrt)<\/h4>\n<\/div>\n<\/div>\n<div class=\"csc-textpic csc-textpic-intext-right\">\n<div class=\"csc-textpic-text\">\n<p class=\"bodytext\"><i><span lang=\"EN-GB\"><img decoding=\"async\" class=\"alignright wp-image-130\" src=\"http:\/\/prograss.eu\/wp-content\/uploads\/2017\/10\/01_Rhos_03-300x225.jpg\" alt=\"\" width=\"249\" height=\"187\" srcset=\"https:\/\/prograss.eu\/wp-content\/uploads\/2017\/10\/01_Rhos_03-300x225.jpg 300w, https:\/\/prograss.eu\/wp-content\/uploads\/2017\/10\/01_Rhos_03.jpg 510w\" sizes=\"(max-width: 249px) 100vw, 249px\" \/><\/span><\/i><\/p>\n<p class=\"bodytext\">Eine von <i>Molinia caerulea<\/i> (M 25) dominierte Fl\u00e4che (Grid ref. SN411 499). In der N\u00e4he von Talgarreg, Ceredigioin, 190 m NN gelegen. Etwa 49 km s\u00fcdlich von Aberystwyth, 61 km s\u00fcdwestlich von ADAS Pwllpeiran. Es handelt sich hier um eine NATURA 2000\u00a0 Fl\u00e4che, die vom Countryside Council for Wales (CCW) gef\u00fchrt wird.<\/p>\n<p class=\"bodytext\"><i>Molinia caerulea<\/i> geh\u00f6rt zu den Neophyten. Wenn ihr Aufwuchs nicht durch Beweidung kontrolliert wird, kann der j\u00e4hrliche Zuwachs an verholztem Material eine ernsthafte Bedrohung f\u00fcr das Walisische Bergland durch Brandgefahr darstellen.<\/p>\n<p class=\"bodytext\"><i><span lang=\"EN-GB\">\u00a0<\/span><\/i><\/p>\n<\/div>\n<\/div>\n","protected":false},"excerpt":{"rendered":"<p>Demonstrations- und Versuchsfl\u00fcche 1. (Rhos Llawr Cwrt) Eine von Molinia caerulea (M 25) dominierte Fl\u00e4che (Grid ref. SN411 499). In der N\u00e4he von Talgarreg, Ceredigioin, 190 m NN gelegen. Etwa 49 km s\u00fcdlich von Aberystwyth, 61 km s\u00fcdwestlich von ADAS Pwllpeiran. Es handelt sich hier um eine NATURA 2000\u00a0 Fl\u00e4che, die vom Countryside Council for [&hellip;]<\/p>\n","protected":false},"author":1,"featured_media":0,"parent":538,"menu_order":0,"comment_status":"closed","ping_status":"closed","template":"","meta":{"ocean_post_layout":"","ocean_both_sidebars_style":"","ocean_both_sidebars_content_width":0,"ocean_both_sidebars_sidebars_width":0,"ocean_sidebar":"","ocean_second_sidebar":"","ocean_disable_margins":"enable","ocean_add_body_class":"","ocean_shortcode_before_top_bar":"","ocean_shortcode_after_top_bar":"","ocean_shortcode_before_header":"","ocean_shortcode_after_header":"","ocean_has_shortcode":"","ocean_shortcode_after_title":"","ocean_shortcode_before_footer_widgets":"","ocean_shortcode_after_footer_widgets":"","ocean_shortcode_before_footer_bottom":"","ocean_shortcode_after_footer_bottom":"","ocean_display_top_bar":"default","ocean_display_header":"default","ocean_header_style":"","ocean_center_header_left_menu":"","ocean_custom_header_template":"","ocean_custom_logo":0,"ocean_custom_retina_logo":0,"ocean_custom_logo_max_width":0,"ocean_custom_logo_tablet_max_width":0,"ocean_custom_logo_mobile_max_width":0,"ocean_custom_logo_max_height":0,"ocean_custom_logo_tablet_max_height":0,"ocean_custom_logo_mobile_max_height":0,"ocean_header_custom_menu":"","ocean_menu_typo_font_family":"","ocean_menu_typo_font_subset":"","ocean_menu_typo_font_size":0,"ocean_menu_typo_font_size_tablet":0,"ocean_menu_typo_font_size_mobile":0,"ocean_menu_typo_font_size_unit":"px","ocean_menu_typo_font_weight":"","ocean_menu_typo_font_weight_tablet":"","ocean_menu_typo_font_weight_mobile":"","ocean_menu_typo_transform":"","ocean_menu_typo_transform_tablet":"","ocean_menu_typo_transform_mobile":"","ocean_menu_typo_line_height":0,"ocean_menu_typo_line_height_tablet":0,"ocean_menu_typo_line_height_mobile":0,"ocean_menu_typo_line_height_unit":"","ocean_menu_typo_spacing":0,"ocean_menu_typo_spacing_tablet":0,"ocean_menu_typo_spacing_mobile":0,"ocean_menu_typo_spacing_unit":"","ocean_menu_link_color":"","ocean_menu_link_color_hover":"","ocean_menu_link_color_active":"","ocean_menu_link_background":"","ocean_menu_link_hover_background":"","ocean_menu_link_active_background":"","ocean_menu_social_links_bg":"","ocean_menu_social_hover_links_bg":"","ocean_menu_social_links_color":"","ocean_menu_social_hover_links_color":"","ocean_disable_title":"default","ocean_disable_heading":"default","ocean_post_title":"","ocean_post_subheading":"","ocean_post_title_style":"","ocean_post_title_background_color":"","ocean_post_title_background":0,"ocean_post_title_bg_image_position":"","ocean_post_title_bg_image_attachment":"","ocean_post_title_bg_image_repeat":"","ocean_post_title_bg_image_size":"","ocean_post_title_height":0,"ocean_post_title_bg_overlay":0.5,"ocean_post_title_bg_overlay_color":"","ocean_disable_breadcrumbs":"default","ocean_breadcrumbs_color":"","ocean_breadcrumbs_separator_color":"","ocean_breadcrumbs_links_color":"","ocean_breadcrumbs_links_hover_color":"","ocean_display_footer_widgets":"default","ocean_display_footer_bottom":"default","ocean_custom_footer_template":"","_locale":"de_DE","_original_post":"80","footnotes":""},"class_list":["post-540","page","type-page","status-publish","hentry","de-DE","entry"],"_links":{"self":[{"href":"https:\/\/prograss.eu\/wp-json\/wp\/v2\/pages\/540","targetHints":{"allow":["GET"]}}],"collection":[{"href":"https:\/\/prograss.eu\/wp-json\/wp\/v2\/pages"}],"about":[{"href":"https:\/\/prograss.eu\/wp-json\/wp\/v2\/types\/page"}],"author":[{"embeddable":true,"href":"https:\/\/prograss.eu\/wp-json\/wp\/v2\/users\/1"}],"replies":[{"embeddable":true,"href":"https:\/\/prograss.eu\/wp-json\/wp\/v2\/comments?post=540"}],"version-history":[{"count":4,"href":"https:\/\/prograss.eu\/wp-json\/wp\/v2\/pages\/540\/revisions"}],"predecessor-version":[{"id":640,"href":"https:\/\/prograss.eu\/wp-json\/wp\/v2\/pages\/540\/revisions\/640"}],"up":[{"embeddable":true,"href":"https:\/\/prograss.eu\/wp-json\/wp\/v2\/pages\/538"}],"wp:attachment":[{"href":"https:\/\/prograss.eu\/wp-json\/wp\/v2\/media?parent=540"}],"curies":[{"name":"wp","href":"https:\/\/api.w.org\/{rel}","templated":true}]}}