{"id":550,"date":"2017-10-25T11:24:22","date_gmt":"2017-10-25T11:24:22","guid":{"rendered":"http:\/\/prograss.eu\/?page_id=550"},"modified":"2017-10-25T11:24:22","modified_gmt":"2017-10-25T11:24:22","slug":"plot-6","status":"publish","type":"page","link":"https:\/\/prograss.eu\/de\/partner-regions\/middle-ceredigion-uk\/plot-6\/","title":{"rendered":"PLOT 6"},"content":{"rendered":"<div class=\"csc-header csc-header-n1\">\n<div class=\"csc-header csc-header-n1\">\n<h4 class=\"csc-firstHeader\">6. Versuchsfl\u00e4che 6. (Cym Claewen)<\/h4>\n<\/div>\n<\/div>\n<div class=\"csc-textpic csc-textpic-intext-right\">\n<div class=\"csc-textpic-text\">\n<p class=\"bodytext\"><i><span lang=\"EN-GB\"><img decoding=\"async\" class=\"alignright wp-image-145\" src=\"http:\/\/prograss.eu\/wp-content\/uploads\/2017\/10\/06_cym_03-300x225.jpg\" alt=\"\" width=\"249\" height=\"187\" srcset=\"https:\/\/prograss.eu\/wp-content\/uploads\/2017\/10\/06_cym_03-300x225.jpg 300w, https:\/\/prograss.eu\/wp-content\/uploads\/2017\/10\/06_cym_03.jpg 508w\" sizes=\"(max-width: 249px) 100vw, 249px\" \/><\/span><\/i><\/p>\n<p class=\"bodytext\">Eine von <i>Nardus stricta\/Festuca ovina<\/i> (U5) dominierte Fl\u00e4che (Grid ref. SN823 673). In der Elenydd NATURA 2000 Fl\u00e4che gelegen und von besonderem wissenschaftlichen Interesse.<\/p>\n<p class=\"bodytext\">440 m NN. Etwa 39 km s\u00fcd\u00f6stlich von Aberystwyth, 20 km s\u00fcd\u00f6stlich von ADAS Pwllpeiran. Die Elenydd NATURA 2000 Fl\u00e4che ist im Besitz des Elan Valley Trusts, wird aber in Zusammenarbeit mit dem CCW gef\u00fchrt.<\/p>\n<p class=\"bodytext\"><i><span lang=\"EN-GB\">\u00a0<\/span><\/i><\/p>\n<\/div>\n<\/div>\n","protected":false},"excerpt":{"rendered":"<p>6. Versuchsfl\u00e4che 6. (Cym Claewen) Eine von Nardus stricta\/Festuca ovina (U5) dominierte Fl\u00e4che (Grid ref. SN823 673). In der Elenydd NATURA 2000 Fl\u00e4che gelegen und von besonderem wissenschaftlichen Interesse. 440 m NN. Etwa 39 km s\u00fcd\u00f6stlich von Aberystwyth, 20 km s\u00fcd\u00f6stlich von ADAS Pwllpeiran. Die Elenydd NATURA 2000 Fl\u00e4che ist im Besitz des Elan Valley [&hellip;]<\/p>\n","protected":false},"author":1,"featured_media":0,"parent":538,"menu_order":0,"comment_status":"closed","ping_status":"closed","template":"","meta":{"ocean_post_layout":"","ocean_both_sidebars_style":"","ocean_both_sidebars_content_width":0,"ocean_both_sidebars_sidebars_width":0,"ocean_sidebar":"","ocean_second_sidebar":"","ocean_disable_margins":"enable","ocean_add_body_class":"","ocean_shortcode_before_top_bar":"","ocean_shortcode_after_top_bar":"","ocean_shortcode_before_header":"","ocean_shortcode_after_header":"","ocean_has_shortcode":"","ocean_shortcode_after_title":"","ocean_shortcode_before_footer_widgets":"","ocean_shortcode_after_footer_widgets":"","ocean_shortcode_before_footer_bottom":"","ocean_shortcode_after_footer_bottom":"","ocean_display_top_bar":"default","ocean_display_header":"default","ocean_header_style":"","ocean_center_header_left_menu":"","ocean_custom_header_template":"","ocean_custom_logo":0,"ocean_custom_retina_logo":0,"ocean_custom_logo_max_width":0,"ocean_custom_logo_tablet_max_width":0,"ocean_custom_logo_mobile_max_width":0,"ocean_custom_logo_max_height":0,"ocean_custom_logo_tablet_max_height":0,"ocean_custom_logo_mobile_max_height":0,"ocean_header_custom_menu":"","ocean_menu_typo_font_family":"","ocean_menu_typo_font_subset":"","ocean_menu_typo_font_size":0,"ocean_menu_typo_font_size_tablet":0,"ocean_menu_typo_font_size_mobile":0,"ocean_menu_typo_font_size_unit":"px","ocean_menu_typo_font_weight":"","ocean_menu_typo_font_weight_tablet":"","ocean_menu_typo_font_weight_mobile":"","ocean_menu_typo_transform":"","ocean_menu_typo_transform_tablet":"","ocean_menu_typo_transform_mobile":"","ocean_menu_typo_line_height":0,"ocean_menu_typo_line_height_tablet":0,"ocean_menu_typo_line_height_mobile":0,"ocean_menu_typo_line_height_unit":"","ocean_menu_typo_spacing":0,"ocean_menu_typo_spacing_tablet":0,"ocean_menu_typo_spacing_mobile":0,"ocean_menu_typo_spacing_unit":"","ocean_menu_link_color":"","ocean_menu_link_color_hover":"","ocean_menu_link_color_active":"","ocean_menu_link_background":"","ocean_menu_link_hover_background":"","ocean_menu_link_active_background":"","ocean_menu_social_links_bg":"","ocean_menu_social_hover_links_bg":"","ocean_menu_social_links_color":"","ocean_menu_social_hover_links_color":"","ocean_disable_title":"default","ocean_disable_heading":"default","ocean_post_title":"","ocean_post_subheading":"","ocean_post_title_style":"","ocean_post_title_background_color":"","ocean_post_title_background":0,"ocean_post_title_bg_image_position":"","ocean_post_title_bg_image_attachment":"","ocean_post_title_bg_image_repeat":"","ocean_post_title_bg_image_size":"","ocean_post_title_height":0,"ocean_post_title_bg_overlay":0.5,"ocean_post_title_bg_overlay_color":"","ocean_disable_breadcrumbs":"default","ocean_breadcrumbs_color":"","ocean_breadcrumbs_separator_color":"","ocean_breadcrumbs_links_color":"","ocean_breadcrumbs_links_hover_color":"","ocean_display_footer_widgets":"default","ocean_display_footer_bottom":"default","ocean_custom_footer_template":"","_locale":"de_DE","_original_post":"90","footnotes":""},"class_list":["post-550","page","type-page","status-publish","hentry","de-DE","entry"],"_links":{"self":[{"href":"https:\/\/prograss.eu\/wp-json\/wp\/v2\/pages\/550","targetHints":{"allow":["GET"]}}],"collection":[{"href":"https:\/\/prograss.eu\/wp-json\/wp\/v2\/pages"}],"about":[{"href":"https:\/\/prograss.eu\/wp-json\/wp\/v2\/types\/page"}],"author":[{"embeddable":true,"href":"https:\/\/prograss.eu\/wp-json\/wp\/v2\/users\/1"}],"replies":[{"embeddable":true,"href":"https:\/\/prograss.eu\/wp-json\/wp\/v2\/comments?post=550"}],"version-history":[{"count":1,"href":"https:\/\/prograss.eu\/wp-json\/wp\/v2\/pages\/550\/revisions"}],"predecessor-version":[{"id":551,"href":"https:\/\/prograss.eu\/wp-json\/wp\/v2\/pages\/550\/revisions\/551"}],"up":[{"embeddable":true,"href":"https:\/\/prograss.eu\/wp-json\/wp\/v2\/pages\/538"}],"wp:attachment":[{"href":"https:\/\/prograss.eu\/wp-json\/wp\/v2\/media?parent=550"}],"curies":[{"name":"wp","href":"https:\/\/api.w.org\/{rel}","templated":true}]}}