{"id":552,"date":"2017-10-25T11:25:43","date_gmt":"2017-10-25T11:25:43","guid":{"rendered":"http:\/\/prograss.eu\/?page_id=552"},"modified":"2017-10-25T11:30:31","modified_gmt":"2017-10-25T11:30:31","slug":"vogelsberg-de","status":"publish","type":"page","link":"https:\/\/prograss.eu\/de\/partner-regions\/vogelsberg-de\/","title":{"rendered":"VOGELSBERG (DE)"},"content":{"rendered":"<div class=\"csc-header csc-header-n1\">\n<h3 class=\"csc-firstHeader\">Region Vogelsberg<\/h3>\n<\/div>\n<div class=\"csc-textpic csc-textpic-intext-right\">\n<div class=\"csc-textpic-text\">\n<p class=\"bodytext\"><img decoding=\"async\" class=\"alignright wp-image-251\" src=\"http:\/\/prograss.eu\/wp-content\/uploads\/2017\/10\/P1000030_02-300x225.jpg\" alt=\"\" width=\"249\" height=\"187\" srcset=\"https:\/\/prograss.eu\/wp-content\/uploads\/2017\/10\/P1000030_02-300x225.jpg 300w, https:\/\/prograss.eu\/wp-content\/uploads\/2017\/10\/P1000030_02-768x576.jpg 768w, https:\/\/prograss.eu\/wp-content\/uploads\/2017\/10\/P1000030_02-1024x768.jpg 1024w, https:\/\/prograss.eu\/wp-content\/uploads\/2017\/10\/P1000030_02-1200x900.jpg 1200w, https:\/\/prograss.eu\/wp-content\/uploads\/2017\/10\/P1000030_02.jpg 2048w\" sizes=\"(max-width: 249px) 100vw, 249px\" \/><\/p>\n<p class=\"bodytext\">Der Vogelsbergkreis, Bundesland Hessen, besitzt mit 78 Einwohnern\/km2 (gegen\u00fcber 287,4 Einwohner\/km2 im gesamten Land Hessen) eine \u00e4u\u00dferst geringe Bev\u00f6lkerungsdichte. 37 % der Kreis-Fl\u00e4che ist mit Wald bedeckt, 56 % der gesamten landwirtschaftlichen Nutzfl\u00e4che (111.294 ha (LF)) wird ackerbaulich, 44 % als Dauergr\u00fcnland genutzt. Somit ist der Anteil an Dauergr\u00fcnland an der LF etwa 15 % h\u00f6her als im Bundesdurchschnitt (~ 30%).<\/p>\n<p class=\"bodytext\">Die durchschnittliche Betriebsgr\u00f6\u00dfe liegt mit 41 ha LF\/Betrieb \u00fcber dem hessischen Durchschnitt von 32,6 ha. Insgesamt bewirtschaften 52 % der Betriebe weniger als 20 ha und nur 17 % der Betriebe \u00fcber 75 ha. 6,3 % der Erwerbst\u00e4tigen sind (noch) in der Land- und Forstwirtschaft t\u00e4tig, hessenweit sind es nur 1,6 % der Erwerbst\u00e4tigen.<\/p>\n<\/div>\n<\/div>\n","protected":false},"excerpt":{"rendered":"<p>Region Vogelsberg Der Vogelsbergkreis, Bundesland Hessen, besitzt mit 78 Einwohnern\/km2 (gegen\u00fcber 287,4 Einwohner\/km2 im gesamten Land Hessen) eine \u00e4u\u00dferst geringe Bev\u00f6lkerungsdichte. 37 % der Kreis-Fl\u00e4che ist mit Wald bedeckt, 56 % der gesamten landwirtschaftlichen Nutzfl\u00e4che (111.294 ha (LF)) wird ackerbaulich, 44 % als Dauergr\u00fcnland genutzt. Somit ist der Anteil an Dauergr\u00fcnland an der LF etwa [&hellip;]<\/p>\n","protected":false},"author":1,"featured_media":0,"parent":517,"menu_order":0,"comment_status":"closed","ping_status":"closed","template":"","meta":{"ocean_post_layout":"","ocean_both_sidebars_style":"","ocean_both_sidebars_content_width":0,"ocean_both_sidebars_sidebars_width":0,"ocean_sidebar":"","ocean_second_sidebar":"","ocean_disable_margins":"enable","ocean_add_body_class":"","ocean_shortcode_before_top_bar":"","ocean_shortcode_after_top_bar":"","ocean_shortcode_before_header":"","ocean_shortcode_after_header":"","ocean_has_shortcode":"","ocean_shortcode_after_title":"","ocean_shortcode_before_footer_widgets":"","ocean_shortcode_after_footer_widgets":"","ocean_shortcode_before_footer_bottom":"","ocean_shortcode_after_footer_bottom":"","ocean_display_top_bar":"default","ocean_display_header":"default","ocean_header_style":"","ocean_center_header_left_menu":"","ocean_custom_header_template":"","ocean_custom_logo":0,"ocean_custom_retina_logo":0,"ocean_custom_logo_max_width":0,"ocean_custom_logo_tablet_max_width":0,"ocean_custom_logo_mobile_max_width":0,"ocean_custom_logo_max_height":0,"ocean_custom_logo_tablet_max_height":0,"ocean_custom_logo_mobile_max_height":0,"ocean_header_custom_menu":"","ocean_menu_typo_font_family":"","ocean_menu_typo_font_subset":"","ocean_menu_typo_font_size":0,"ocean_menu_typo_font_size_tablet":0,"ocean_menu_typo_font_size_mobile":0,"ocean_menu_typo_font_size_unit":"px","ocean_menu_typo_font_weight":"","ocean_menu_typo_font_weight_tablet":"","ocean_menu_typo_font_weight_mobile":"","ocean_menu_typo_transform":"","ocean_menu_typo_transform_tablet":"","ocean_menu_typo_transform_mobile":"","ocean_menu_typo_line_height":0,"ocean_menu_typo_line_height_tablet":0,"ocean_menu_typo_line_height_mobile":0,"ocean_menu_typo_line_height_unit":"","ocean_menu_typo_spacing":0,"ocean_menu_typo_spacing_tablet":0,"ocean_menu_typo_spacing_mobile":0,"ocean_menu_typo_spacing_unit":"","ocean_menu_link_color":"","ocean_menu_link_color_hover":"","ocean_menu_link_color_active":"","ocean_menu_link_background":"","ocean_menu_link_hover_background":"","ocean_menu_link_active_background":"","ocean_menu_social_links_bg":"","ocean_menu_social_hover_links_bg":"","ocean_menu_social_links_color":"","ocean_menu_social_hover_links_color":"","ocean_disable_title":"default","ocean_disable_heading":"default","ocean_post_title":"","ocean_post_subheading":"","ocean_post_title_style":"","ocean_post_title_background_color":"","ocean_post_title_background":0,"ocean_post_title_bg_image_position":"","ocean_post_title_bg_image_attachment":"","ocean_post_title_bg_image_repeat":"","ocean_post_title_bg_image_size":"","ocean_post_title_height":0,"ocean_post_title_bg_overlay":0.5,"ocean_post_title_bg_overlay_color":"","ocean_disable_breadcrumbs":"default","ocean_breadcrumbs_color":"","ocean_breadcrumbs_separator_color":"","ocean_breadcrumbs_links_color":"","ocean_breadcrumbs_links_hover_color":"","ocean_display_footer_widgets":"default","ocean_display_footer_bottom":"default","ocean_custom_footer_template":"","_locale":"de_DE","_original_post":"92","footnotes":""},"class_list":["post-552","page","type-page","status-publish","hentry","de-DE","entry"],"_links":{"self":[{"href":"https:\/\/prograss.eu\/wp-json\/wp\/v2\/pages\/552","targetHints":{"allow":["GET"]}}],"collection":[{"href":"https:\/\/prograss.eu\/wp-json\/wp\/v2\/pages"}],"about":[{"href":"https:\/\/prograss.eu\/wp-json\/wp\/v2\/types\/page"}],"author":[{"embeddable":true,"href":"https:\/\/prograss.eu\/wp-json\/wp\/v2\/users\/1"}],"replies":[{"embeddable":true,"href":"https:\/\/prograss.eu\/wp-json\/wp\/v2\/comments?post=552"}],"version-history":[{"count":2,"href":"https:\/\/prograss.eu\/wp-json\/wp\/v2\/pages\/552\/revisions"}],"predecessor-version":[{"id":555,"href":"https:\/\/prograss.eu\/wp-json\/wp\/v2\/pages\/552\/revisions\/555"}],"up":[{"embeddable":true,"href":"https:\/\/prograss.eu\/wp-json\/wp\/v2\/pages\/517"}],"wp:attachment":[{"href":"https:\/\/prograss.eu\/wp-json\/wp\/v2\/media?parent=552"}],"curies":[{"name":"wp","href":"https:\/\/api.w.org\/{rel}","templated":true}]}}