{"id":561,"date":"2017-10-25T11:36:37","date_gmt":"2017-10-25T11:36:37","guid":{"rendered":"http:\/\/prograss.eu\/?page_id=561"},"modified":"2017-10-25T11:36:37","modified_gmt":"2017-10-25T11:36:37","slug":"plot-3","status":"publish","type":"page","link":"https:\/\/prograss.eu\/de\/partner-regions\/vogelsberg-de\/plot-3\/","title":{"rendered":"PLOT 3"},"content":{"rendered":"<div class=\"csc-header csc-header-n1\">\n<div class=\"csc-header csc-header-n1\">\n<h4 class=\"csc-firstHeader\">Demonstrations-\/Experimentalfl\u00e4che 3<\/h4>\n<\/div>\n<\/div>\n<div class=\"csc-textpic csc-textpic-intext-right\">\n<div class=\"csc-textpic-text\">\n<p class=\"bodytext\"><span lang=\"EN-GB\"><img decoding=\"async\" class=\"alignright wp-image-135\" src=\"http:\/\/prograss.eu\/wp-content\/uploads\/2017\/10\/03_03-300x224.jpg\" alt=\"\" width=\"250\" height=\"187\" srcset=\"https:\/\/prograss.eu\/wp-content\/uploads\/2017\/10\/03_03-300x224.jpg 300w, https:\/\/prograss.eu\/wp-content\/uploads\/2017\/10\/03_03-768x574.jpg 768w, https:\/\/prograss.eu\/wp-content\/uploads\/2017\/10\/03_03-1024x766.jpg 1024w, https:\/\/prograss.eu\/wp-content\/uploads\/2017\/10\/03_03-1200x898.jpg 1200w, https:\/\/prograss.eu\/wp-content\/uploads\/2017\/10\/03_03.jpg 1238w\" sizes=\"(max-width: 250px) 100vw, 250px\" \/>Diese Bergm\u00e4hwiese (NATURA-Code 6520) liegt an einem Nordhang in der Germarkung Herchenhain \u00f6stlich des Naturschutzgebiets Ernstberg. Sie wird in der Regel einsch\u00fcrig zur Heugewinnung genutzt. Stellenweise ist die Vegetation durch N\u00e4sse beeinflusst. Die Hauptpflanzenarten in diesem Gr\u00fcnlandbestand sind Rot-Schwingel (<i>Festuca rubra<\/i>) und die Rasen-Schmiele (<i>Deschampsia cespitosa<\/i>) sowie der Gro\u00dfe Wiesenknopf (<i>Sanguisorba officinalis<\/i>), der Wald-Storchschnabel (<i>Geranium sylvaticum<\/i>), die Acker-Witwenblume (<i>Knautia arvensis<\/i>) und der Gemeine Hornklee (<i>Lotus corniculatus<\/i>).<br \/>\n<\/span><\/p>\n<\/div>\n<\/div>\n","protected":false},"excerpt":{"rendered":"<p>Demonstrations-\/Experimentalfl\u00e4che 3 Diese Bergm\u00e4hwiese (NATURA-Code 6520) liegt an einem Nordhang in der Germarkung Herchenhain \u00f6stlich des Naturschutzgebiets Ernstberg. Sie wird in der Regel einsch\u00fcrig zur Heugewinnung genutzt. Stellenweise ist die Vegetation durch N\u00e4sse beeinflusst. Die Hauptpflanzenarten in diesem Gr\u00fcnlandbestand sind Rot-Schwingel (Festuca rubra) und die Rasen-Schmiele (Deschampsia cespitosa) sowie der Gro\u00dfe Wiesenknopf (Sanguisorba officinalis), der [&hellip;]<\/p>\n","protected":false},"author":1,"featured_media":0,"parent":552,"menu_order":0,"comment_status":"closed","ping_status":"closed","template":"","meta":{"ocean_post_layout":"","ocean_both_sidebars_style":"","ocean_both_sidebars_content_width":0,"ocean_both_sidebars_sidebars_width":0,"ocean_sidebar":"","ocean_second_sidebar":"","ocean_disable_margins":"enable","ocean_add_body_class":"","ocean_shortcode_before_top_bar":"","ocean_shortcode_after_top_bar":"","ocean_shortcode_before_header":"","ocean_shortcode_after_header":"","ocean_has_shortcode":"","ocean_shortcode_after_title":"","ocean_shortcode_before_footer_widgets":"","ocean_shortcode_after_footer_widgets":"","ocean_shortcode_before_footer_bottom":"","ocean_shortcode_after_footer_bottom":"","ocean_display_top_bar":"default","ocean_display_header":"default","ocean_header_style":"","ocean_center_header_left_menu":"","ocean_custom_header_template":"","ocean_custom_logo":0,"ocean_custom_retina_logo":0,"ocean_custom_logo_max_width":0,"ocean_custom_logo_tablet_max_width":0,"ocean_custom_logo_mobile_max_width":0,"ocean_custom_logo_max_height":0,"ocean_custom_logo_tablet_max_height":0,"ocean_custom_logo_mobile_max_height":0,"ocean_header_custom_menu":"","ocean_menu_typo_font_family":"","ocean_menu_typo_font_subset":"","ocean_menu_typo_font_size":0,"ocean_menu_typo_font_size_tablet":0,"ocean_menu_typo_font_size_mobile":0,"ocean_menu_typo_font_size_unit":"px","ocean_menu_typo_font_weight":"","ocean_menu_typo_font_weight_tablet":"","ocean_menu_typo_font_weight_mobile":"","ocean_menu_typo_transform":"","ocean_menu_typo_transform_tablet":"","ocean_menu_typo_transform_mobile":"","ocean_menu_typo_line_height":0,"ocean_menu_typo_line_height_tablet":0,"ocean_menu_typo_line_height_mobile":0,"ocean_menu_typo_line_height_unit":"","ocean_menu_typo_spacing":0,"ocean_menu_typo_spacing_tablet":0,"ocean_menu_typo_spacing_mobile":0,"ocean_menu_typo_spacing_unit":"","ocean_menu_link_color":"","ocean_menu_link_color_hover":"","ocean_menu_link_color_active":"","ocean_menu_link_background":"","ocean_menu_link_hover_background":"","ocean_menu_link_active_background":"","ocean_menu_social_links_bg":"","ocean_menu_social_hover_links_bg":"","ocean_menu_social_links_color":"","ocean_menu_social_hover_links_color":"","ocean_disable_title":"default","ocean_disable_heading":"default","ocean_post_title":"","ocean_post_subheading":"","ocean_post_title_style":"","ocean_post_title_background_color":"","ocean_post_title_background":0,"ocean_post_title_bg_image_position":"","ocean_post_title_bg_image_attachment":"","ocean_post_title_bg_image_repeat":"","ocean_post_title_bg_image_size":"","ocean_post_title_height":0,"ocean_post_title_bg_overlay":0.5,"ocean_post_title_bg_overlay_color":"","ocean_disable_breadcrumbs":"default","ocean_breadcrumbs_color":"","ocean_breadcrumbs_separator_color":"","ocean_breadcrumbs_links_color":"","ocean_breadcrumbs_links_hover_color":"","ocean_display_footer_widgets":"default","ocean_display_footer_bottom":"default","ocean_custom_footer_template":"","_locale":"de_DE","_original_post":"99","footnotes":""},"class_list":["post-561","page","type-page","status-publish","hentry","de-DE","entry"],"_links":{"self":[{"href":"https:\/\/prograss.eu\/wp-json\/wp\/v2\/pages\/561","targetHints":{"allow":["GET"]}}],"collection":[{"href":"https:\/\/prograss.eu\/wp-json\/wp\/v2\/pages"}],"about":[{"href":"https:\/\/prograss.eu\/wp-json\/wp\/v2\/types\/page"}],"author":[{"embeddable":true,"href":"https:\/\/prograss.eu\/wp-json\/wp\/v2\/users\/1"}],"replies":[{"embeddable":true,"href":"https:\/\/prograss.eu\/wp-json\/wp\/v2\/comments?post=561"}],"version-history":[{"count":1,"href":"https:\/\/prograss.eu\/wp-json\/wp\/v2\/pages\/561\/revisions"}],"predecessor-version":[{"id":562,"href":"https:\/\/prograss.eu\/wp-json\/wp\/v2\/pages\/561\/revisions\/562"}],"up":[{"embeddable":true,"href":"https:\/\/prograss.eu\/wp-json\/wp\/v2\/pages\/552"}],"wp:attachment":[{"href":"https:\/\/prograss.eu\/wp-json\/wp\/v2\/media?parent=561"}],"curies":[{"name":"wp","href":"https:\/\/api.w.org\/{rel}","templated":true}]}}