{"id":583,"date":"2017-10-25T11:53:23","date_gmt":"2017-10-25T11:53:23","guid":{"rendered":"http:\/\/prograss.eu\/?page_id=583"},"modified":"2017-10-25T11:53:23","modified_gmt":"2017-10-25T11:53:23","slug":"transnational-meetings","status":"publish","type":"page","link":"https:\/\/prograss.eu\/de\/documentation\/transnational-meetings\/","title":{"rendered":"TRANSNATIONALE TREFFEN"},"content":{"rendered":"<div class=\"csc-header csc-header-n1\">\n<div class=\"csc-header csc-header-n1\">\n<div class=\"csc-header csc-header-n1\">\n<h4 class=\"csc-firstHeader\">Transnationale Treffen<\/h4>\n<\/div>\n<p class=\"bodytext\">W\u00e4hrend der 3,5-j\u00e4hrigen Projektdauer f\u00fchrt die Partnerschaft regelm\u00e4\u00dfige Treffen durch, um die Projektaktivit\u00e4ten zu diskutieren und zu planen. Die Treffen erfolgen jeweils in einer der Partnereinrichtungen.<\/p>\n<p class=\"bodytext\">Bis zum jetzigen Zeitpunkt haben folgende Treffen stattgefunden:<\/p>\n<p class=\"bodytext\">\u00b7\u00a0\u00a0\u00a0\u00a0\u00a0\u00a0\u00a0 TM 1 in Witzenhausen, Deutschland, M\u00e4rz 2009<\/p>\n<p class=\"bodytext\">\u00b7\u00a0\u00a0\u00a0\u00a0\u00a0\u00a0\u00a0 TM 2 im Vogelsberg, Deutschland, M\u00e4rz 2010<\/p>\n<p class=\"bodytext\">\u00b7\u00a0\u00a0\u00a0\u00a0\u00a0\u00a0\u00a0 TM 3 in Aberystwyth, Wales, November 2010<\/p>\n<p class=\"bodytext\">\u00b7\u00a0\u00a0\u00a0\u00a0\u00a0\u00a0\u00a0 TM 4 in Tartu, Estland, August 2011<\/p>\n<\/div>\n<\/div>\n","protected":false},"excerpt":{"rendered":"<p>Transnationale Treffen W\u00e4hrend der 3,5-j\u00e4hrigen Projektdauer f\u00fchrt die Partnerschaft regelm\u00e4\u00dfige Treffen durch, um die Projektaktivit\u00e4ten zu diskutieren und zu planen. Die Treffen erfolgen jeweils in einer der Partnereinrichtungen. Bis zum jetzigen Zeitpunkt haben folgende Treffen stattgefunden: \u00b7\u00a0\u00a0\u00a0\u00a0\u00a0\u00a0\u00a0 TM 1 in Witzenhausen, Deutschland, M\u00e4rz 2009 \u00b7\u00a0\u00a0\u00a0\u00a0\u00a0\u00a0\u00a0 TM 2 im Vogelsberg, Deutschland, M\u00e4rz 2010 \u00b7\u00a0\u00a0\u00a0\u00a0\u00a0\u00a0\u00a0 TM 3 [&hellip;]<\/p>\n","protected":false},"author":1,"featured_media":0,"parent":571,"menu_order":0,"comment_status":"closed","ping_status":"closed","template":"","meta":{"ocean_post_layout":"","ocean_both_sidebars_style":"","ocean_both_sidebars_content_width":0,"ocean_both_sidebars_sidebars_width":0,"ocean_sidebar":"","ocean_second_sidebar":"","ocean_disable_margins":"enable","ocean_add_body_class":"","ocean_shortcode_before_top_bar":"","ocean_shortcode_after_top_bar":"","ocean_shortcode_before_header":"","ocean_shortcode_after_header":"","ocean_has_shortcode":"","ocean_shortcode_after_title":"","ocean_shortcode_before_footer_widgets":"","ocean_shortcode_after_footer_widgets":"","ocean_shortcode_before_footer_bottom":"","ocean_shortcode_after_footer_bottom":"","ocean_display_top_bar":"default","ocean_display_header":"default","ocean_header_style":"","ocean_center_header_left_menu":"","ocean_custom_header_template":"","ocean_custom_logo":0,"ocean_custom_retina_logo":0,"ocean_custom_logo_max_width":0,"ocean_custom_logo_tablet_max_width":0,"ocean_custom_logo_mobile_max_width":0,"ocean_custom_logo_max_height":0,"ocean_custom_logo_tablet_max_height":0,"ocean_custom_logo_mobile_max_height":0,"ocean_header_custom_menu":"","ocean_menu_typo_font_family":"","ocean_menu_typo_font_subset":"","ocean_menu_typo_font_size":0,"ocean_menu_typo_font_size_tablet":0,"ocean_menu_typo_font_size_mobile":0,"ocean_menu_typo_font_size_unit":"px","ocean_menu_typo_font_weight":"","ocean_menu_typo_font_weight_tablet":"","ocean_menu_typo_font_weight_mobile":"","ocean_menu_typo_transform":"","ocean_menu_typo_transform_tablet":"","ocean_menu_typo_transform_mobile":"","ocean_menu_typo_line_height":0,"ocean_menu_typo_line_height_tablet":0,"ocean_menu_typo_line_height_mobile":0,"ocean_menu_typo_line_height_unit":"","ocean_menu_typo_spacing":0,"ocean_menu_typo_spacing_tablet":0,"ocean_menu_typo_spacing_mobile":0,"ocean_menu_typo_spacing_unit":"","ocean_menu_link_color":"","ocean_menu_link_color_hover":"","ocean_menu_link_color_active":"","ocean_menu_link_background":"","ocean_menu_link_hover_background":"","ocean_menu_link_active_background":"","ocean_menu_social_links_bg":"","ocean_menu_social_hover_links_bg":"","ocean_menu_social_links_color":"","ocean_menu_social_hover_links_color":"","ocean_disable_title":"default","ocean_disable_heading":"default","ocean_post_title":"","ocean_post_subheading":"","ocean_post_title_style":"","ocean_post_title_background_color":"","ocean_post_title_background":0,"ocean_post_title_bg_image_position":"","ocean_post_title_bg_image_attachment":"","ocean_post_title_bg_image_repeat":"","ocean_post_title_bg_image_size":"","ocean_post_title_height":0,"ocean_post_title_bg_overlay":0.5,"ocean_post_title_bg_overlay_color":"","ocean_disable_breadcrumbs":"default","ocean_breadcrumbs_color":"","ocean_breadcrumbs_separator_color":"","ocean_breadcrumbs_links_color":"","ocean_breadcrumbs_links_hover_color":"","ocean_display_footer_widgets":"default","ocean_display_footer_bottom":"default","ocean_custom_footer_template":"","_locale":"de_DE","_original_post":"119","footnotes":""},"class_list":["post-583","page","type-page","status-publish","hentry","de-DE","entry"],"_links":{"self":[{"href":"https:\/\/prograss.eu\/wp-json\/wp\/v2\/pages\/583","targetHints":{"allow":["GET"]}}],"collection":[{"href":"https:\/\/prograss.eu\/wp-json\/wp\/v2\/pages"}],"about":[{"href":"https:\/\/prograss.eu\/wp-json\/wp\/v2\/types\/page"}],"author":[{"embeddable":true,"href":"https:\/\/prograss.eu\/wp-json\/wp\/v2\/users\/1"}],"replies":[{"embeddable":true,"href":"https:\/\/prograss.eu\/wp-json\/wp\/v2\/comments?post=583"}],"version-history":[{"count":1,"href":"https:\/\/prograss.eu\/wp-json\/wp\/v2\/pages\/583\/revisions"}],"predecessor-version":[{"id":584,"href":"https:\/\/prograss.eu\/wp-json\/wp\/v2\/pages\/583\/revisions\/584"}],"up":[{"embeddable":true,"href":"https:\/\/prograss.eu\/wp-json\/wp\/v2\/pages\/571"}],"wp:attachment":[{"href":"https:\/\/prograss.eu\/wp-json\/wp\/v2\/media?parent=583"}],"curies":[{"name":"wp","href":"https:\/\/api.w.org\/{rel}","templated":true}]}}