{"id":591,"date":"2017-10-25T11:56:21","date_gmt":"2017-10-25T11:56:21","guid":{"rendered":"http:\/\/prograss.eu\/?page_id=591"},"modified":"2017-10-25T11:56:21","modified_gmt":"2017-10-25T11:56:21","slug":"witzenhausen","status":"publish","type":"page","link":"https:\/\/prograss.eu\/de\/documentation\/transnational-meetings\/witzenhausen\/","title":{"rendered":"WITZENHAUSEN"},"content":{"rendered":"<div class=\"csc-header csc-header-n1\">\n<div class=\"csc-header csc-header-n1\">\n<h4 class=\"csc-firstHeader\">1. Transnationales Treffen in Witzenhausen<\/h4>\n<\/div>\n<div class=\"csc-textpic csc-textpic-intext-right csc-textpic-equalheight\">\n<div class=\"csc-textpic-imagewrap csc-textpic-single-image\"><img decoding=\"async\" src=\"http:\/\/prograss.eu\/index.php?id=66&amp;L=2\" alt=\"\" width=\"\" height=\"\" border=\"0\" \/><\/div>\n<div class=\"csc-textpic-text\">\n<p class=\"bodytext\">Das erste Treffen aller Projektpartner fand im M\u00e4rz 2009 in Deutschland statt. Veranstaltungsorte waren Witzenhausen und G\u00f6ttingen. Mitarbeiter und Mitarbeiterinnen der acht Partnerorganistionen aus drei L\u00e4ndern \u00a0kamen, um das Projekt gemeinsam zu starten und nach einer Kennenlernrunde und der Pr\u00e4sentation der Projektplanung wurden erste Ideen zusammengetragen.<\/p>\n<p class=\"bodytext\">In diesem ersten Meeting war es sehr wichtig eine gemeinsame Basis und ein Verst\u00e4ndnis zu entwickeln von den unterschiedlichen Erfahrungen und Kompetenzen der Partnerorganisationen. Dabei ging es auch um einen Austausch von Ideen und Hintergr\u00fcnden, die in das Projekt einflie\u00dfen werden.<\/p>\n<p class=\"bodytext\">Nat\u00fcrlich wurde auch alle organisatorischen und finanziellen Fragen besprochen und die n\u00e4chsten Schritte sowie Meilensteine des Projektes festgelegt.<\/p>\n<\/div>\n<\/div>\n<\/div>\n","protected":false},"excerpt":{"rendered":"<p>1. Transnationales Treffen in Witzenhausen Das erste Treffen aller Projektpartner fand im M\u00e4rz 2009 in Deutschland statt. Veranstaltungsorte waren Witzenhausen und G\u00f6ttingen. Mitarbeiter und Mitarbeiterinnen der acht Partnerorganistionen aus drei L\u00e4ndern \u00a0kamen, um das Projekt gemeinsam zu starten und nach einer Kennenlernrunde und der Pr\u00e4sentation der Projektplanung wurden erste Ideen zusammengetragen. In diesem ersten Meeting [&hellip;]<\/p>\n","protected":false},"author":1,"featured_media":0,"parent":583,"menu_order":0,"comment_status":"closed","ping_status":"closed","template":"","meta":{"ocean_post_layout":"","ocean_both_sidebars_style":"","ocean_both_sidebars_content_width":0,"ocean_both_sidebars_sidebars_width":0,"ocean_sidebar":"","ocean_second_sidebar":"","ocean_disable_margins":"enable","ocean_add_body_class":"","ocean_shortcode_before_top_bar":"","ocean_shortcode_after_top_bar":"","ocean_shortcode_before_header":"","ocean_shortcode_after_header":"","ocean_has_shortcode":"","ocean_shortcode_after_title":"","ocean_shortcode_before_footer_widgets":"","ocean_shortcode_after_footer_widgets":"","ocean_shortcode_before_footer_bottom":"","ocean_shortcode_after_footer_bottom":"","ocean_display_top_bar":"default","ocean_display_header":"default","ocean_header_style":"","ocean_center_header_left_menu":"","ocean_custom_header_template":"","ocean_custom_logo":0,"ocean_custom_retina_logo":0,"ocean_custom_logo_max_width":0,"ocean_custom_logo_tablet_max_width":0,"ocean_custom_logo_mobile_max_width":0,"ocean_custom_logo_max_height":0,"ocean_custom_logo_tablet_max_height":0,"ocean_custom_logo_mobile_max_height":0,"ocean_header_custom_menu":"","ocean_menu_typo_font_family":"","ocean_menu_typo_font_subset":"","ocean_menu_typo_font_size":0,"ocean_menu_typo_font_size_tablet":0,"ocean_menu_typo_font_size_mobile":0,"ocean_menu_typo_font_size_unit":"px","ocean_menu_typo_font_weight":"","ocean_menu_typo_font_weight_tablet":"","ocean_menu_typo_font_weight_mobile":"","ocean_menu_typo_transform":"","ocean_menu_typo_transform_tablet":"","ocean_menu_typo_transform_mobile":"","ocean_menu_typo_line_height":0,"ocean_menu_typo_line_height_tablet":0,"ocean_menu_typo_line_height_mobile":0,"ocean_menu_typo_line_height_unit":"","ocean_menu_typo_spacing":0,"ocean_menu_typo_spacing_tablet":0,"ocean_menu_typo_spacing_mobile":0,"ocean_menu_typo_spacing_unit":"","ocean_menu_link_color":"","ocean_menu_link_color_hover":"","ocean_menu_link_color_active":"","ocean_menu_link_background":"","ocean_menu_link_hover_background":"","ocean_menu_link_active_background":"","ocean_menu_social_links_bg":"","ocean_menu_social_hover_links_bg":"","ocean_menu_social_links_color":"","ocean_menu_social_hover_links_color":"","ocean_disable_title":"default","ocean_disable_heading":"default","ocean_post_title":"","ocean_post_subheading":"","ocean_post_title_style":"","ocean_post_title_background_color":"","ocean_post_title_background":0,"ocean_post_title_bg_image_position":"","ocean_post_title_bg_image_attachment":"","ocean_post_title_bg_image_repeat":"","ocean_post_title_bg_image_size":"","ocean_post_title_height":0,"ocean_post_title_bg_overlay":0.5,"ocean_post_title_bg_overlay_color":"","ocean_disable_breadcrumbs":"default","ocean_breadcrumbs_color":"","ocean_breadcrumbs_separator_color":"","ocean_breadcrumbs_links_color":"","ocean_breadcrumbs_links_hover_color":"","ocean_display_footer_widgets":"default","ocean_display_footer_bottom":"default","ocean_custom_footer_template":"","_locale":"de_DE","_original_post":"127","footnotes":""},"class_list":["post-591","page","type-page","status-publish","hentry","de-DE","entry"],"_links":{"self":[{"href":"https:\/\/prograss.eu\/wp-json\/wp\/v2\/pages\/591","targetHints":{"allow":["GET"]}}],"collection":[{"href":"https:\/\/prograss.eu\/wp-json\/wp\/v2\/pages"}],"about":[{"href":"https:\/\/prograss.eu\/wp-json\/wp\/v2\/types\/page"}],"author":[{"embeddable":true,"href":"https:\/\/prograss.eu\/wp-json\/wp\/v2\/users\/1"}],"replies":[{"embeddable":true,"href":"https:\/\/prograss.eu\/wp-json\/wp\/v2\/comments?post=591"}],"version-history":[{"count":1,"href":"https:\/\/prograss.eu\/wp-json\/wp\/v2\/pages\/591\/revisions"}],"predecessor-version":[{"id":592,"href":"https:\/\/prograss.eu\/wp-json\/wp\/v2\/pages\/591\/revisions\/592"}],"up":[{"embeddable":true,"href":"https:\/\/prograss.eu\/wp-json\/wp\/v2\/pages\/583"}],"wp:attachment":[{"href":"https:\/\/prograss.eu\/wp-json\/wp\/v2\/media?parent=591"}],"curies":[{"name":"wp","href":"https:\/\/api.w.org\/{rel}","templated":true}]}}