{"id":8,"date":"2017-10-18T08:02:05","date_gmt":"2017-10-18T08:02:05","guid":{"rendered":"http:\/\/prograss.eu\/?page_id=8"},"modified":"2017-10-19T10:49:25","modified_gmt":"2017-10-19T10:49:25","slug":"home","status":"publish","type":"page","link":"https:\/\/prograss.eu\/de\/home\/","title":{"rendered":"PROJEKT"},"content":{"rendered":"<div class=\"csc-header csc-header-n1\">\n<div class=\"csc-header csc-header-n1\">\n<h4 class=\"csc-firstHeader\">PROGRASS &#8211; Erhalt von Naturschutzgr\u00fcnland durch eine dezentrale energetische Verwertung<\/h4>\n<\/div>\n<div class=\"csc-textpic csc-textpic-intext-right\">\n<div class=\"csc-textpic-text\">\n<p class=\"bodytext\">Die Universit\u00e4t Kassel hat in langj\u00e4hriger Forschungsarbeit eine spezielle Technik zur energetischen Verwertung von Biomassen (Produktion von Strom und Festbrennstoff) entwickelt, die sich besonders auch f\u00fcr \u00e4ltere Gr\u00fcnlandaufw\u00fcchse eignet.<\/p>\n<p>F\u00fcr die Demonstration der europaweiten Anwendbarkeit dieser Technik auf naturschutzfachlich besonders wertvolle NATURA 2000-Gr\u00fcnland-Habitaten, wird eine mobile Bioenergieanlage an drei verschiedenen Standorten (Deutschland, Wales, Estland) eingesetzt. Untersuchungsschwerpunkte sind sozio-\u00f6konomische und betriebswirtschaftliche Aspekte als auch die Nachhaltigkeit in Bezug auf die Erhaltung der botanischen Vielfalt, klimarelevante Einsparpotenziale und die St\u00e4rkung regionaler Stoff- und Wertkreisl\u00e4ufe in abgelegenen, wirtschaftlich benachteiligten Regionen.<\/p>\n<p>Ein Schwerpunkt des Projektes ist die regionale und europaweite Verbreitung von Informationen sowie die Beratung potentieller Interessenten und Anwender in Landwirtschaft, \u00fcbergeordneten Institutionen und Interessensverb\u00e4nden.<\/p>\n<p class=\"bodytext\"><img fetchpriority=\"high\" decoding=\"async\" class=\"aligncenter size-full wp-image-207\" src=\"http:\/\/prograss.eu\/wp-content\/uploads\/2017\/10\/flowchart_deutsch.jpg\" alt=\"\" width=\"927\" height=\"874\" srcset=\"https:\/\/prograss.eu\/wp-content\/uploads\/2017\/10\/flowchart_deutsch.jpg 927w, https:\/\/prograss.eu\/wp-content\/uploads\/2017\/10\/flowchart_deutsch-300x283.jpg 300w, https:\/\/prograss.eu\/wp-content\/uploads\/2017\/10\/flowchart_deutsch-768x724.jpg 768w\" sizes=\"(max-width: 927px) 100vw, 927px\" \/><\/p>\n<p>Projektlaufzeit: Januar 2009 &#8211; Juni 2012.<\/p>\n<\/div>\n<\/div>\n<\/div>\n","protected":false},"excerpt":{"rendered":"<p>PROGRASS &#8211; Erhalt von Naturschutzgr\u00fcnland durch eine dezentrale energetische Verwertung Die Universit\u00e4t Kassel hat in langj\u00e4hriger Forschungsarbeit eine spezielle Technik zur energetischen Verwertung von Biomassen (Produktion von Strom und Festbrennstoff) entwickelt, die sich besonders auch f\u00fcr \u00e4ltere Gr\u00fcnlandaufw\u00fcchse eignet. F\u00fcr die Demonstration der europaweiten Anwendbarkeit dieser Technik auf naturschutzfachlich besonders wertvolle NATURA 2000-Gr\u00fcnland-Habitaten, wird eine [&hellip;]<\/p>\n","protected":false},"author":1,"featured_media":0,"parent":0,"menu_order":0,"comment_status":"closed","ping_status":"closed","template":"","meta":{"ocean_post_layout":"","ocean_both_sidebars_style":"","ocean_both_sidebars_content_width":0,"ocean_both_sidebars_sidebars_width":0,"ocean_sidebar":"","ocean_second_sidebar":"","ocean_disable_margins":"enable","ocean_add_body_class":"","ocean_shortcode_before_top_bar":"","ocean_shortcode_after_top_bar":"","ocean_shortcode_before_header":"","ocean_shortcode_after_header":"","ocean_has_shortcode":"","ocean_shortcode_after_title":"","ocean_shortcode_before_footer_widgets":"","ocean_shortcode_after_footer_widgets":"","ocean_shortcode_before_footer_bottom":"","ocean_shortcode_after_footer_bottom":"","ocean_display_top_bar":"default","ocean_display_header":"default","ocean_header_style":"","ocean_center_header_left_menu":"","ocean_custom_header_template":"","ocean_custom_logo":0,"ocean_custom_retina_logo":0,"ocean_custom_logo_max_width":0,"ocean_custom_logo_tablet_max_width":0,"ocean_custom_logo_mobile_max_width":0,"ocean_custom_logo_max_height":0,"ocean_custom_logo_tablet_max_height":0,"ocean_custom_logo_mobile_max_height":0,"ocean_header_custom_menu":"","ocean_menu_typo_font_family":"","ocean_menu_typo_font_subset":"","ocean_menu_typo_font_size":0,"ocean_menu_typo_font_size_tablet":0,"ocean_menu_typo_font_size_mobile":0,"ocean_menu_typo_font_size_unit":"px","ocean_menu_typo_font_weight":"","ocean_menu_typo_font_weight_tablet":"","ocean_menu_typo_font_weight_mobile":"","ocean_menu_typo_transform":"","ocean_menu_typo_transform_tablet":"","ocean_menu_typo_transform_mobile":"","ocean_menu_typo_line_height":0,"ocean_menu_typo_line_height_tablet":0,"ocean_menu_typo_line_height_mobile":0,"ocean_menu_typo_line_height_unit":"","ocean_menu_typo_spacing":0,"ocean_menu_typo_spacing_tablet":0,"ocean_menu_typo_spacing_mobile":0,"ocean_menu_typo_spacing_unit":"","ocean_menu_link_color":"","ocean_menu_link_color_hover":"","ocean_menu_link_color_active":"","ocean_menu_link_background":"","ocean_menu_link_hover_background":"","ocean_menu_link_active_background":"","ocean_menu_social_links_bg":"","ocean_menu_social_hover_links_bg":"","ocean_menu_social_links_color":"","ocean_menu_social_hover_links_color":"","ocean_disable_title":"default","ocean_disable_heading":"default","ocean_post_title":"","ocean_post_subheading":"","ocean_post_title_style":"","ocean_post_title_background_color":"","ocean_post_title_background":0,"ocean_post_title_bg_image_position":"","ocean_post_title_bg_image_attachment":"","ocean_post_title_bg_image_repeat":"","ocean_post_title_bg_image_size":"","ocean_post_title_height":0,"ocean_post_title_bg_overlay":0.5,"ocean_post_title_bg_overlay_color":"","ocean_disable_breadcrumbs":"default","ocean_breadcrumbs_color":"","ocean_breadcrumbs_separator_color":"","ocean_breadcrumbs_links_color":"","ocean_breadcrumbs_links_hover_color":"","ocean_display_footer_widgets":"default","ocean_display_footer_bottom":"default","ocean_custom_footer_template":"","_locale":"de_DE","_original_post":"6","footnotes":""},"class_list":["post-8","page","type-page","status-publish","hentry","de-DE","entry"],"_links":{"self":[{"href":"https:\/\/prograss.eu\/wp-json\/wp\/v2\/pages\/8","targetHints":{"allow":["GET"]}}],"collection":[{"href":"https:\/\/prograss.eu\/wp-json\/wp\/v2\/pages"}],"about":[{"href":"https:\/\/prograss.eu\/wp-json\/wp\/v2\/types\/page"}],"author":[{"embeddable":true,"href":"https:\/\/prograss.eu\/wp-json\/wp\/v2\/users\/1"}],"replies":[{"embeddable":true,"href":"https:\/\/prograss.eu\/wp-json\/wp\/v2\/comments?post=8"}],"version-history":[{"count":4,"href":"https:\/\/prograss.eu\/wp-json\/wp\/v2\/pages\/8\/revisions"}],"predecessor-version":[{"id":471,"href":"https:\/\/prograss.eu\/wp-json\/wp\/v2\/pages\/8\/revisions\/471"}],"wp:attachment":[{"href":"https:\/\/prograss.eu\/wp-json\/wp\/v2\/media?parent=8"}],"curies":[{"name":"wp","href":"https:\/\/api.w.org\/{rel}","templated":true}]}}